{"id":5852,"date":"2022-03-01T12:53:17","date_gmt":"2022-03-01T11:53:17","guid":{"rendered":"https:\/\/thrillsyndicate.com\/shop\/saferoller-shark-vertikale-anti-rueckkehr-elemente\/"},"modified":"2025-06-01T16:45:14","modified_gmt":"2025-06-01T14:45:14","slug":"saferoller-hai","status":"publish","type":"product","link":"https:\/\/thrillsyndicate.com\/de\/product\/saferoller-hai\/","title":{"rendered":"Saferoller Shark | Vertikale Anti-Return-Elemente"},"content":{"rendered":"<p>Das durchgehende Saferoller-Sicherungssystem eignet sich dank des SHARK, der R\u00fccklaufsperre, die einfach zu installieren und zu verwenden ist, auch f\u00fcr Auf- und Abstiege.<br \/>\nDie Saferoller R\u00fccklaufsperre &#8222;Removable Shark&#8220; sorgt f\u00fcr sicheres Klettern im gesamten Parcours.  Die Bl\u00f6cke verhindern einen Sturz, indem sie den Trolley stoppen. Es ist nachtr\u00e4glich montierbar. Die Saferoller &#8222;Shark&#8220; Anti-Rutsch-Vorrichtung verhindert ein Abrutschen, indem sie die Seilrolle (PPE) am R\u00fcckw\u00e4rtsrollen hindert und ein sicheres Klettern im gesamten Parcours gew\u00e4hrleistet. Der \u201eShark\u201c kann nachtr\u00e4glich montiert werden und ist abnehmbar, austauschbar und verstellbar. Die bahnbrechende Innovation des Anti-Slippage Device ist die Verringerung der Aufprallkraft auf den K\u00f6rper im Falle eines Sturzes durch die dynamische Rutschfunktion.  <\/p>\n<ul>\n<li>Einfache Installation f\u00fcr alle Auf- und Abstiege<\/li>\n<li>F\u00fcr Sicherheitsleine \u00d8 12 &#8211; 12,7MM (1\/2 Zoll)<\/li>\n<\/ul>\n","protected":false},"excerpt":{"rendered":"<p>Das Saferoller R\u00fccklaufsicherungsger\u00e4t &#8222;Removable Shark&#8220;.<br \/>\nDas kontinuierliche Saferoller-Sicherungssystem ist dank des SHARK, der einfach zu installierenden und zu verwendenden R\u00fccklaufsperre, auch f\u00fcr Auf- und Abstiege gut geeignet. <\/p>\n","protected":false},"featured_media":3012,"template":"","meta":{"_coblocks_attr":"","_coblocks_dimensions":"","_coblocks_responsive_height":"","_coblocks_accordion_ie_support":"","wds_primary_product_brand":0,"wds_primary_product_cat":0},"product_brand":[90],"product_cat":[49],"product_tag":[427,532,425],"class_list":{"0":"post-5852","1":"product","2":"type-product","3":"status-publish","4":"has-post-thumbnail","6":"product_brand-saferoller-continuous-belay","7":"product_cat-saferoller-continuous-belay-system","8":"product_tag-hochseilgarten","9":"product_tag-kontinuierliche-sicherung","10":"product_tag-sicherungssysteme","12":"first","13":"instock","14":"taxable","15":"shipping-taxable","16":"purchasable","17":"product-type-simple"},"_links":{"self":[{"href":"https:\/\/thrillsyndicate.com\/de\/wp-json\/wp\/v2\/product\/5852","targetHints":{"allow":["GET"]}}],"collection":[{"href":"https:\/\/thrillsyndicate.com\/de\/wp-json\/wp\/v2\/product"}],"about":[{"href":"https:\/\/thrillsyndicate.com\/de\/wp-json\/wp\/v2\/types\/product"}],"wp:featuredmedia":[{"embeddable":true,"href":"https:\/\/thrillsyndicate.com\/de\/wp-json\/wp\/v2\/media\/3012"}],"wp:attachment":[{"href":"https:\/\/thrillsyndicate.com\/de\/wp-json\/wp\/v2\/media?parent=5852"}],"wp:term":[{"taxonomy":"product_brand","embeddable":true,"href":"https:\/\/thrillsyndicate.com\/de\/wp-json\/wp\/v2\/product_brand?post=5852"},{"taxonomy":"product_cat","embeddable":true,"href":"https:\/\/thrillsyndicate.com\/de\/wp-json\/wp\/v2\/product_cat?post=5852"},{"taxonomy":"product_tag","embeddable":true,"href":"https:\/\/thrillsyndicate.com\/de\/wp-json\/wp\/v2\/product_tag?post=5852"}],"curies":[{"name":"wp","href":"https:\/\/api.w.org\/{rel}","templated":true}]}}