{"id":5862,"date":"2022-03-04T15:29:40","date_gmt":"2022-03-04T14:29:40","guid":{"rendered":"https:\/\/thrillsyndicate.com\/shop\/edelrid-schildhelm\/"},"modified":"2025-07-17T18:04:17","modified_gmt":"2025-07-17T16:04:17","slug":"edelrid-shield-helm","status":"publish","type":"product","link":"https:\/\/thrillsyndicate.com\/de\/product\/edelrid-shield-helm\/","title":{"rendered":"Edelrid Shield helm"},"content":{"rendered":"<p>Leicht und robust &#8211; das Edelrid Shield! Was diesen Kletterhelm so leicht macht, ist die In-Mold-Konstruktion, bei der eine Polycarbonat-Au\u00dfenschale mit einem EPS-Schaumkern verschmilzt. Dadurch ergibt sich eine hervorragende Balance aus geringem Gewicht, Stabilit\u00e4t und D\u00e4mpfung. Dank der ergonomisch geformten Innenausstattung sowie der herausnehmbaren Polsterung ist der Helm \u00e4u\u00dferst bequem und l\u00e4sst sich mit dem Wing-Fit-System individuell anpassen.<\/p>\n<p>In verschiedenen Farben erh\u00e4ltlich<\/p>\n<p>Der Helm verf\u00fcgt au\u00dferdem \u00fcber gro\u00dfe Bel\u00fcftungs\u00f6ffnungen, die w\u00e4hrend des Aufstiegs f\u00fcr eine konstante Frischluftzufuhr sorgen. Au\u00dferdem ist der Alpinhelm mit vier Stirnlampenclips sowie einem verstellbaren Kinnriemen ausgestattet. Wenn du leichte, schnelle und anspruchsvolle Klettertouren liebst, schau dir das Edelrid Shield genauer an!<\/p>\n<div id=\"prod-produktinfos\">\n<h2 class=\"prodheadline\">PRODUKTINFORMATION<\/h2>\n<ul>\n<li>Seiten-\/Vorder-\/R\u00fcckseitenaufprall getestet nach EN 12492<\/li>\n<li>Leichte In-Mold-Konstruktion mit expandiertem Polystyrolschaumkern und robuster Polycarbonatschale<\/li>\n<li>Vollst\u00e4ndig verstellbarer Kinnriemen mit unter dem Ohr positioniertem Verschlusssystem f\u00fcr mehr Komfort<\/li>\n<li>4 robuste Stirnlampenclips<\/li>\n<li>Das \u00fcberarbeitete Wing-Fit-System mit hinterem Einstellrad passt sich allen Kopfformen an<\/li>\n<li>Ergonomisch geformter Innenraum mit herausnehmbarer, waschbarer Polsterung<\/li>\n<li>Die Oasis-Version ist fluoreszierend und leuchtet im Dunkeln<\/li>\n<\/ul>\n<\/div>\n<div id=\"prod-details\">\n<h2 class=\"prodheadline\">TECHNISCHE INFORMATION<\/h2>\n<ul>\n<li>UIAA: Ja<\/li>\n<li>Gewicht: <span id=\"varianten_gewicht\">248<\/span> gr<\/li>\n<\/ul>\n<h3 class=\"western\">\ud83d\udc49 Sie suchen einen bestimmten Edelrid-Artikel, der nicht im Shop gelistet ist? Wir vertreiben das komplette Portfolio f\u00fcr Abenteuer, Sport und Sicherheit. Bitte <strong><a href=\"https:\/\/thrillsyndicate.com\/de\/kontakt\/\">senden Sie<\/a><\/strong> uns eine E-Mail oder sehen Sie sich die vollst\u00e4ndige <strong><a href=\"https:\/\/thrillsyndicate.com\/edelrid-safety-price-list-2025\/\">Sicherheitspreisliste hier<\/a><\/strong>. \ud83d\udc48<\/h3>\n<\/div>\n","protected":false},"excerpt":{"rendered":"<p>Der Edelrid Shield ist ein leichter und robuster Softshellhelm mit innovativem Verschlusssystem und hervorragender Bel\u00fcftung. Der perfekte Schutz f\u00fcr lange und anspruchsvolle Anstiege.<\/p>\n","protected":false},"featured_media":2682,"template":"","meta":{"_coblocks_attr":"","_coblocks_dimensions":"","_coblocks_responsive_height":"","_coblocks_accordion_ie_support":"","wds_primary_product_brand":0,"wds_primary_product_cat":0},"product_brand":[62],"product_cat":[61,841],"product_tag":[828],"class_list":{"0":"post-5862","1":"product","2":"type-product","3":"status-publish","4":"has-post-thumbnail","6":"product_brand-edelrid","7":"product_cat-ropes-course-helmets","8":"product_cat-helmets","9":"product_tag-softshell","11":"first","12":"instock","13":"taxable","14":"shipping-taxable","15":"purchasable","16":"product-type-variable","17":"has-default-attributes"},"_links":{"self":[{"href":"https:\/\/thrillsyndicate.com\/de\/wp-json\/wp\/v2\/product\/5862","targetHints":{"allow":["GET"]}}],"collection":[{"href":"https:\/\/thrillsyndicate.com\/de\/wp-json\/wp\/v2\/product"}],"about":[{"href":"https:\/\/thrillsyndicate.com\/de\/wp-json\/wp\/v2\/types\/product"}],"wp:featuredmedia":[{"embeddable":true,"href":"https:\/\/thrillsyndicate.com\/de\/wp-json\/wp\/v2\/media\/2682"}],"wp:attachment":[{"href":"https:\/\/thrillsyndicate.com\/de\/wp-json\/wp\/v2\/media?parent=5862"}],"wp:term":[{"taxonomy":"product_brand","embeddable":true,"href":"https:\/\/thrillsyndicate.com\/de\/wp-json\/wp\/v2\/product_brand?post=5862"},{"taxonomy":"product_cat","embeddable":true,"href":"https:\/\/thrillsyndicate.com\/de\/wp-json\/wp\/v2\/product_cat?post=5862"},{"taxonomy":"product_tag","embeddable":true,"href":"https:\/\/thrillsyndicate.com\/de\/wp-json\/wp\/v2\/product_tag?post=5862"}],"curies":[{"name":"wp","href":"https:\/\/api.w.org\/{rel}","templated":true}]}}