{"id":5871,"date":"2022-02-26T13:31:12","date_gmt":"2022-02-26T12:31:12","guid":{"rendered":"https:\/\/thrillsyndicate.com\/shop\/saferoller-transfer-free-fall-integration\/"},"modified":"2025-06-01T20:19:36","modified_gmt":"2025-06-01T18:19:36","slug":"saferoller-transfer","status":"publish","type":"product","link":"https:\/\/thrillsyndicate.com\/de\/product\/saferoller-transfer\/","title":{"rendered":"Saferoller Transfer | Freier Fall Integration"},"content":{"rendered":"<p><strong>Peppen Sie Ihre Saferoller-Parcours auf, ohne die Sicherheit zu gef\u00e4hrden <\/strong>. Integrieren Sie einfach Spiele wie <a href=\"https:\/\/thrillsyndicate.com\/de\/free-fall-devices-2\/\">QuickFlight Free Fall<\/a>, Tarzan Swing oder sorgen Sie mit dem Saferoller Transfer f\u00fcr sichere vertikale Bewegungen. Es sind 2 Sets verf\u00fcgbar:  <\/p>\n<ul>\n<li>Transfer komplett inklusive 2 Stationen und 1 Shuttle<\/li>\n<li>Kit mit 2 Transfers, einschlie\u00dflich 4 Stationen und 2 Shuttles &#8211; einer f\u00fcr das Briefing und einer f\u00fcr den Betrieb<\/li>\n<\/ul>\n<p><strong>Verbessern Sie das Erlebnis Ihrer Kunden, indem Sie einen einzigartigen, sicheren &amp; narrensicheren Saferoller Transfer Mechanismus anbieten<\/strong><\/p>\n<ul>\n<li>Kompatibel mit dem QuickFlight Free Fall Ger\u00e4t und dem TRUBLUE Auto Belay von Headrush<\/li>\n<li>Kompatibel mit POWERFAN von Dropzone<\/li>\n<li>Die intuitive Bedienung minimiert die Einweisungszeit<\/li>\n<li>Geringer Wartungsaufwand<\/li>\n<li>Geeignet ab 7 Jahren<\/li>\n<li>Kurze Einweisung empfohlen<\/li>\n<\/ul>\n<h2>Saferoller Transferstationen:<\/h2>\n<ul>\n<li>Abfahrts- (rechts) und ein Ankunftsbahnhof (links)<\/li>\n<li>Die \u00dcbertragung ist mit dem Ger\u00e4t vom Typ Tarzan Line, Quick Jump\u00ae oder Trublue\u00ae verbunden.<\/li>\n<li>Ein doppeltes asymmetrisches Verbindungsmittel, bestehend aus einem kurzen Strang, der mit dem Transfer verbunden ist, und einem langen Strang, der f\u00fcr Redundanz sorgt. Es wird beim Springen oder Verwenden au\u00dferhalb der Reichweite des Kopfes des Benutzers installiert.<\/li>\n<li>Je nach Streckenaufbau k\u00f6nnen Stationen (links und rechts) kombiniert werden.<\/li>\n<\/ul>\n<h2>Spezifikationen:<\/h2>\n<ul>\n<li>Saferoller Transfer: 7075 Aluminium und Stahl f\u00fcr mechanische oder tragende Teile<\/li>\n<li>Das Saferoller Transfer Set enth\u00e4lt alle Teile f\u00fcr die direkte Montage. Wenn Riemen nicht erforderlich sind, k\u00f6nnen wir sie von der Kommissionierliste entfernen<\/li>\n<li>Das im Lieferumfang enthaltene Handbuch enth\u00e4lt alle notwendigen Informationen zur Installation und Anwendung des Saferoller\u00ae Transfer<\/li>\n<li>Zertifiziert<\/li>\n<\/ul>\n","protected":false},"excerpt":{"rendered":"<p>Verbessern Sie das Erlebnis Ihrer Kunden, indem Sie einen einzigartigen, sicheren &amp; narrensicheren Saferoller Transfer Mechanismus anbieten.<br \/>\nIntegrieren Sie ganz einfach Spiele wie QuickFlight, Tarzan Swing oder sorgen Sie mit dem NEUEN Saferoller Transfer f\u00fcr sichere vertikale Bewegungen. <\/p>\n","protected":false},"featured_media":3051,"template":"","meta":{"_coblocks_attr":"","_coblocks_dimensions":"","_coblocks_responsive_height":"","_coblocks_accordion_ie_support":"","wds_primary_product_brand":0,"wds_primary_product_cat":0},"product_brand":[90],"product_cat":[49],"product_tag":[427,532,425],"class_list":{"0":"post-5871","1":"product","2":"type-product","3":"status-publish","4":"has-post-thumbnail","6":"product_brand-saferoller-continuous-belay","7":"product_cat-saferoller-continuous-belay-system","8":"product_tag-hochseilgarten","9":"product_tag-kontinuierliche-sicherung","10":"product_tag-sicherungssysteme","12":"first","13":"instock","14":"taxable","15":"shipping-taxable","16":"purchasable","17":"product-type-variable"},"_links":{"self":[{"href":"https:\/\/thrillsyndicate.com\/de\/wp-json\/wp\/v2\/product\/5871","targetHints":{"allow":["GET"]}}],"collection":[{"href":"https:\/\/thrillsyndicate.com\/de\/wp-json\/wp\/v2\/product"}],"about":[{"href":"https:\/\/thrillsyndicate.com\/de\/wp-json\/wp\/v2\/types\/product"}],"wp:featuredmedia":[{"embeddable":true,"href":"https:\/\/thrillsyndicate.com\/de\/wp-json\/wp\/v2\/media\/3051"}],"wp:attachment":[{"href":"https:\/\/thrillsyndicate.com\/de\/wp-json\/wp\/v2\/media?parent=5871"}],"wp:term":[{"taxonomy":"product_brand","embeddable":true,"href":"https:\/\/thrillsyndicate.com\/de\/wp-json\/wp\/v2\/product_brand?post=5871"},{"taxonomy":"product_cat","embeddable":true,"href":"https:\/\/thrillsyndicate.com\/de\/wp-json\/wp\/v2\/product_cat?post=5871"},{"taxonomy":"product_tag","embeddable":true,"href":"https:\/\/thrillsyndicate.com\/de\/wp-json\/wp\/v2\/product_tag?post=5871"}],"curies":[{"name":"wp","href":"https:\/\/api.w.org\/{rel}","templated":true}]}}