{"id":5878,"date":"2022-03-01T12:42:31","date_gmt":"2022-03-01T11:42:31","guid":{"rendered":"https:\/\/thrillsyndicate.com\/shop\/saferoller-lifeline-halterung-baummontage\/"},"modified":"2025-06-01T20:19:22","modified_gmt":"2025-06-01T18:19:22","slug":"sichererollbaumklemme","status":"publish","type":"product","link":"https:\/\/thrillsyndicate.com\/de\/product\/sichererollbaumklemme\/","title":{"rendered":"Saferoller Lifeline Halterung | Baummontage"},"content":{"rendered":"<p>Die neu gestaltete Saferoller Kabelhalterung (Baumbefestigung) verankert die Rettungsleine an B\u00e4umen und erm\u00f6glicht es der Seilrolle, immer perfekt zu rollen, auch in noch sch\u00e4rferen Kurven. Hervorzuheben sind die speziellen Federn, die das Kabel im straffen Zustand vor Besch\u00e4digungen bewahren. Das Sicherungsseil kann jederzeit auf seiner gesamten L\u00e4nge kontrolliert sowie bei Wartungsarbeiten leicht verschoben werden, was eine verl\u00e4ngerte Lebensdauer erm\u00f6glicht. Diese Sicherheitsvorrichtung ist jetzt noch einfacher an B\u00e4umen oder Pfosten zu befestigen (\u00fcber ein Nylonband, eine Stahl- oder Gewindestange), da die Verankerungselemente besser zug\u00e4nglich sind.  <\/p>\n<ul>\n<li>Die Baumklemme kann problemlos mit der Saferoller Seilrolle (PPE) verwendet werden.<\/li>\n<li>Erm\u00f6glicht schnellere L\u00e4ufe und schnelle End-to-End-Rollen<\/li>\n<li>Die Baumklemme h\u00e4lt die Sicherheitsleine in der Luft<\/li>\n<li>Einfache Installation: Einfach die Sicherheitsleine einlegen und die 3 Spanner festziehen<\/li>\n<\/ul>\n<p>  Das im Lieferumfang enthaltene Handbuch enth\u00e4lt alle notwendigen Informationen f\u00fcr die Installation und Anwendung der Saferoller Baumklammer. F\u00fcr Sicherheitsleine \u00d8 12 &#8211; 12,7MM (1\/2 Zoll)<\/p>\n","protected":false},"excerpt":{"rendered":"<p>Die Saferoller Baumklammer wurde entwickelt, um die Unversehrtheit des Baumes zu sch\u00fctzen. An lebenden B\u00e4umen installiert, wird es auf Halterungen montiert und mit dem Baum verrastet. Entwickelt f\u00fcr geradlinige Trails.<\/p>\n","protected":false},"featured_media":3030,"template":"","meta":{"_coblocks_attr":"","_coblocks_dimensions":"","_coblocks_responsive_height":"","_coblocks_accordion_ie_support":"","wds_primary_product_brand":0,"wds_primary_product_cat":0},"product_brand":[90],"product_cat":[49],"product_tag":[54,178,8],"class_list":{"0":"post-5878","1":"product","2":"type-product","3":"status-publish","4":"has-post-thumbnail","6":"product_brand-saferoller-continuous-belay","7":"product_cat-saferoller-continuous-belay-system","8":"product_tag-continuous-belay","9":"product_tag-lifeline-mounting","10":"product_tag-belay-systems","12":"first","13":"instock","14":"taxable","15":"shipping-taxable","16":"purchasable","17":"product-type-simple"},"_links":{"self":[{"href":"https:\/\/thrillsyndicate.com\/de\/wp-json\/wp\/v2\/product\/5878","targetHints":{"allow":["GET"]}}],"collection":[{"href":"https:\/\/thrillsyndicate.com\/de\/wp-json\/wp\/v2\/product"}],"about":[{"href":"https:\/\/thrillsyndicate.com\/de\/wp-json\/wp\/v2\/types\/product"}],"wp:featuredmedia":[{"embeddable":true,"href":"https:\/\/thrillsyndicate.com\/de\/wp-json\/wp\/v2\/media\/3030"}],"wp:attachment":[{"href":"https:\/\/thrillsyndicate.com\/de\/wp-json\/wp\/v2\/media?parent=5878"}],"wp:term":[{"taxonomy":"product_brand","embeddable":true,"href":"https:\/\/thrillsyndicate.com\/de\/wp-json\/wp\/v2\/product_brand?post=5878"},{"taxonomy":"product_cat","embeddable":true,"href":"https:\/\/thrillsyndicate.com\/de\/wp-json\/wp\/v2\/product_cat?post=5878"},{"taxonomy":"product_tag","embeddable":true,"href":"https:\/\/thrillsyndicate.com\/de\/wp-json\/wp\/v2\/product_tag?post=5878"}],"curies":[{"name":"wp","href":"https:\/\/api.w.org\/{rel}","templated":true}]}}