{"id":5884,"date":"2022-03-04T14:23:03","date_gmt":"2022-03-04T13:23:03","guid":{"rendered":"https:\/\/thrillsyndicate.com\/shop\/edelrid-fraggle-ganzkoerper-kindergeschirr\/"},"modified":"2025-07-17T18:07:11","modified_gmt":"2025-07-17T16:07:11","slug":"edelrid-fraggle-ganzkoerper-kindergeschirr","status":"publish","type":"product","link":"https:\/\/thrillsyndicate.com\/de\/product\/edelrid-fraggle-ganzkoerper-kindergeschirr\/","title":{"rendered":"Edelrid Fraggle | Ganzk\u00f6rper-Kindergeschirr"},"content":{"rendered":"<p>Mit diesem gepolsterten Ganzk\u00f6rpergurt kommen auch junge Kletterer und kleine Bergsteiger bis 40 kg ins Klettern. Die steife Konstruktion mit den festen Beinschlaufen erleichtert das Anlegen des Gurtzeugs erheblich und dank der beiden Slide Block-Schnallen ist das Gurtzeug schnell auf die richtige Gr\u00f6\u00dfe eingestellt. Die beiden gro\u00dfen Einbindeschlaufen bieten ausreichend Platz f\u00fcr zwei gegenl\u00e4ufig eingeh\u00e4ngte Karabiner (z. B. zum Topropen). Das Besondere am Fraggle ist, dass sich mit zunehmender Gr\u00f6\u00dfe des Kindes der Anbindepunkt verschiebt und der Gurt \u201emitw\u00e4chst\u201c. Au\u00dferdem wird der Fraggle vollst\u00e4ndig nach den strengen Anforderungen des bluesign-Systems hergestellt, um Umwelt, Ressourcen und Kinder zu schonen.<\/p>\n<p>Erh\u00e4ltlich in den Gr\u00f6\u00dfen XXS und XS, <strong>verkauft in 5er-Packs<\/strong><\/p>\n<div id=\"prod-produktinfos\">\n<h2 class=\"prodheadline\">PRODUKTINFORMATION<\/h2>\n<ul>\n<li>3D-Mesh-Polsterung und weiche Gurtkanten bieten optimalen Komfort<\/li>\n<li>2 Slide Block-Schnallen f\u00fcr schnelle und einfache Anpassung des Gurtzeugs<\/li>\n<li>Befestigungspunkt hinten f\u00fcr zus\u00e4tzliche Sicherheit in steilem Gel\u00e4nde oder beim Skifahren<\/li>\n<li>Aus bluesign\u00ae-zertifizierten Materialien<\/li>\n<li>\u201eMitwachsende\u201c Konstruktion f\u00fcr optimalen und sicheren Sitz<\/li>\n<li>Die Polsterung sorgt daf\u00fcr, dass der Gurt formstabil ist und sich daher besonders leicht an- und ausziehen l\u00e4sst \u2013 auch vom Kind selbst<\/li>\n<li>Lieferung in praktischer Sporttasche<\/li>\n<\/ul>\n<\/div>\n<div id=\"prod-details\">\n<h2 class=\"prodheadline\">TECHNISCHE INFORMATION<\/h2>\n<ul>\n<li>Zertifizierung: EN 12277 Typ B<\/li>\n<li>Gewicht: <span id=\"varianten_gewicht\">271<\/span> g<\/li>\n<\/ul>\n<h3 class=\"western\">\ud83d\udc49 Sie suchen einen bestimmten Edelrid-Artikel, der nicht im Shop gelistet ist? Wir vertreiben das komplette Portfolio f\u00fcr Abenteuer, Sport und Sicherheit. Bitte <strong><a href=\"https:\/\/thrillsyndicate.com\/de\/kontakt\/\">senden Sie<\/a><\/strong> uns eine E-Mail oder sehen Sie sich die vollst\u00e4ndige <strong><a href=\"https:\/\/thrillsyndicate.com\/edelrid-safety-price-list-2025\/\">Sicherheitspreisliste hier<\/a><\/strong>. \ud83d\udc48<\/h3>\n<\/div>\n","protected":false},"excerpt":{"rendered":"<p>Das Edelrid Fraggle Kids Harness, ein einzigartiges Ganzk\u00f6rpergeschirr mit gelenkiger Polsterung f\u00fcr die Kinder bis 40 kg.<\/p>\n","protected":false},"featured_media":3357,"template":"","meta":{"_coblocks_attr":"","_coblocks_dimensions":"","_coblocks_responsive_height":"","_coblocks_accordion_ie_support":"","wds_primary_product_brand":0,"wds_primary_product_cat":0},"product_brand":[62],"product_cat":[60,803],"product_tag":[63,55,94,64],"class_list":{"0":"post-5884","1":"product","2":"type-product","3":"status-publish","4":"has-post-thumbnail","6":"product_brand-edelrid","7":"product_cat-ropes-course-harnesses","8":"product_cat-adventure-harnesses","9":"product_tag-harnesses","10":"product_tag-ropes-course","11":"product_tag-kids-harness","12":"product_tag-full-body-harness","14":"first","15":"instock","16":"taxable","17":"shipping-taxable","18":"purchasable","19":"product-type-variable","20":"has-default-attributes"},"_links":{"self":[{"href":"https:\/\/thrillsyndicate.com\/de\/wp-json\/wp\/v2\/product\/5884","targetHints":{"allow":["GET"]}}],"collection":[{"href":"https:\/\/thrillsyndicate.com\/de\/wp-json\/wp\/v2\/product"}],"about":[{"href":"https:\/\/thrillsyndicate.com\/de\/wp-json\/wp\/v2\/types\/product"}],"wp:featuredmedia":[{"embeddable":true,"href":"https:\/\/thrillsyndicate.com\/de\/wp-json\/wp\/v2\/media\/3357"}],"wp:attachment":[{"href":"https:\/\/thrillsyndicate.com\/de\/wp-json\/wp\/v2\/media?parent=5884"}],"wp:term":[{"taxonomy":"product_brand","embeddable":true,"href":"https:\/\/thrillsyndicate.com\/de\/wp-json\/wp\/v2\/product_brand?post=5884"},{"taxonomy":"product_cat","embeddable":true,"href":"https:\/\/thrillsyndicate.com\/de\/wp-json\/wp\/v2\/product_cat?post=5884"},{"taxonomy":"product_tag","embeddable":true,"href":"https:\/\/thrillsyndicate.com\/de\/wp-json\/wp\/v2\/product_tag?post=5884"}],"curies":[{"name":"wp","href":"https:\/\/api.w.org\/{rel}","templated":true}]}}