{"id":5926,"date":"2022-03-12T21:22:36","date_gmt":"2022-03-12T20:22:36","guid":{"rendered":"https:\/\/thrillsyndicate.com\/shop\/saferoller-zipeye-zipline-kollisionsschutz\/"},"modified":"2025-05-31T08:01:05","modified_gmt":"2025-05-31T06:01:05","slug":"saferoller-zipeye","status":"publish","type":"product","link":"https:\/\/thrillsyndicate.com\/de\/product\/saferoller-zipeye\/","title":{"rendered":"Saferoller ZipEye | Seilbahn Kollisionsvermeidung"},"content":{"rendered":"<p>Der Saferoller ZipEye hilft, das Risiko von Kollisionen auf Seilbahnen zu reduzieren, indem er den physischen Zugang kontrolliert und verwaltet. Sobald ein Seilrolle den Startb\u00fcgel passiert hat, bleibt der Startb\u00fcgel f\u00fcr neue Seilrollen geschlossen, bis der erste Seilrolle den Stoppb\u00fcgel passiert hat. Einfach und sicher!<\/p>\n<p>Das Zip Eye ist ein automatisches T\u00fcrsystem, das nur eine Person gleichzeitig auf einer Seilrutsche zul\u00e4sst.<\/p>\n<h2>Das Kit beinhaltet<\/h2>\n<ul>\n<li>die Befestigungsvorrichtung<\/li>\n<li>2 Controller, einer f\u00fcr den Start und einer f\u00fcr den Ausgang und ein dritter, um zu alarmieren, wenn jemand an der Seilrutsche feststeckt<\/li>\n<li>funkgesteuert<\/li>\n<li>mit Solarbatterie und externer Batterieversorgungsm\u00f6glichkeit.<\/li>\n<\/ul>\n<h2>Warum den Zugang zur Zipline kontrollieren?<\/h2>\n<p>Wussten Sie, dass 90 % der Unf\u00e4lle an Seilrutschen passieren? Die meisten von ihnen sind auf Kollisionen zwischen Fahrern zur\u00fcckzuf\u00fchren. Kollisionsunf\u00e4lle auf Ziplines bedeuten meist immer schwere Verletzungen.<\/p>\n<h2>Spezifikationen:<\/h2>\n<ul>\n<li>Bis zu 400m Reichweite<\/li>\n<li>Kabelloser Betrieb<\/li>\n<li>Aufr\u00fcstbar auf bestehende Saferoller Installationen<\/li>\n<li>Solarpanel oder drahtbetrieben<\/li>\n<\/ul>\n<p><iframe loading=\"lazy\" title=\"Saferoller zipEYE reduce collision risk on ziplines\" width=\"980\" height=\"551\" src=\"https:\/\/www.youtube.com\/embed\/23wj7ap84Vc?feature=oembed\" frameborder=\"0\" allow=\"accelerometer; autoplay; clipboard-write; encrypted-media; gyroscope; picture-in-picture\" allowfullscreen><\/iframe><\/p>\n","protected":false},"excerpt":{"rendered":"<p>Der Saferoller ZipEye hilft, das Risiko von Kollisionen auf Seilbahnen zu reduzieren, indem er den physischen Zugang kontrolliert und verwaltet. Sobald ein Seilrolle den Startb\u00fcgel passiert hat, bleibt der Startb\u00fcgel f\u00fcr neue Seilrollen geschlossen, bis der erste Seilrolle den Stoppb\u00fcgel passiert hat.<\/p>\n","protected":false},"featured_media":3150,"template":"","meta":{"_coblocks_attr":"","_coblocks_dimensions":"","_coblocks_responsive_height":"","_coblocks_accordion_ie_support":"","wds_primary_product_brand":0,"wds_primary_product_cat":0},"product_brand":[90],"product_cat":[49],"product_tag":[55,54,36],"class_list":{"0":"post-5926","1":"product","2":"type-product","3":"status-publish","4":"has-post-thumbnail","6":"product_brand-saferoller-continuous-belay","7":"product_cat-saferoller-continuous-belay-system","8":"product_tag-ropes-course","9":"product_tag-continuous-belay","10":"product_tag-zipline","12":"first","13":"instock","14":"taxable","15":"shipping-taxable","16":"purchasable","17":"product-type-variable"},"_links":{"self":[{"href":"https:\/\/thrillsyndicate.com\/de\/wp-json\/wp\/v2\/product\/5926","targetHints":{"allow":["GET"]}}],"collection":[{"href":"https:\/\/thrillsyndicate.com\/de\/wp-json\/wp\/v2\/product"}],"about":[{"href":"https:\/\/thrillsyndicate.com\/de\/wp-json\/wp\/v2\/types\/product"}],"wp:featuredmedia":[{"embeddable":true,"href":"https:\/\/thrillsyndicate.com\/de\/wp-json\/wp\/v2\/media\/3150"}],"wp:attachment":[{"href":"https:\/\/thrillsyndicate.com\/de\/wp-json\/wp\/v2\/media?parent=5926"}],"wp:term":[{"taxonomy":"product_brand","embeddable":true,"href":"https:\/\/thrillsyndicate.com\/de\/wp-json\/wp\/v2\/product_brand?post=5926"},{"taxonomy":"product_cat","embeddable":true,"href":"https:\/\/thrillsyndicate.com\/de\/wp-json\/wp\/v2\/product_cat?post=5926"},{"taxonomy":"product_tag","embeddable":true,"href":"https:\/\/thrillsyndicate.com\/de\/wp-json\/wp\/v2\/product_tag?post=5926"}],"curies":[{"name":"wp","href":"https:\/\/api.w.org\/{rel}","templated":true}]}}