{"id":5932,"date":"2022-03-04T20:05:24","date_gmt":"2022-03-04T19:05:24","guid":{"rendered":"https:\/\/thrillsyndicate.com\/shop\/zipline-sitzen-im-geschirr\/"},"modified":"2026-03-26T12:49:30","modified_gmt":"2026-03-26T11:49:30","slug":"zipline-sit-in-harness","status":"publish","type":"product","link":"https:\/\/thrillsyndicate.com\/de\/product\/zipline-sit-in-harness\/","title":{"rendered":"Seilbahn Sit Comfort Harness"},"content":{"rendered":"<p>Das Zipline Sit Comfort Harness verf\u00fcgt \u00fcber einen gepolsterten Sitz und eine R\u00fcckenlehne aus atmungsaktivem Cordura-Gewebe, die maximalen Komfort f\u00fcr Fahrer aller Gr\u00f6\u00dfen gew\u00e4hrleisten. Egal, ob es sich um einen kurzen Zip oder ein l\u00e4ngeres Abenteuer handelt, deine G\u00e4ste werden den Komfort dieses Gurtzeugs zu sch\u00e4tzen wissen. <\/p>\n<p>Der Zipline Sit ist mit unseren Hochgeschwindigkeits-Seilrollen wie der <a href=\"https:\/\/thrillsyndicate.com\/de\/product\/mag-seilrolle\/\">Magnetic Self-Braking Seilrolle<\/a> oder der <a href=\"https:\/\/thrillsyndicate.com\/shop\/isc-zipspeed-l-trolley\/\">Large ZipSpeed Seilrolle kompatibel ,<\/a> die mit Stabilisatoren ausgestattet sind. Stabilisatoren sind ab Werk oder als nachr\u00fcstbarer Zubeh\u00f6rsatz erh\u00e4ltlich.  Der Gurt wird wie ein Anzug getragen und die Benutzer k\u00f6nnen sich frei zwischen den Seilbahnen bewegen, ohne den Gurt abnehmen zu m\u00fcssen.<\/p>\n<h2>Erh\u00f6hte Stabilit\u00e4t und Sicherheit<\/h2>\n<p>Dieses Gurtzeug wurde f\u00fcr die Verwendung mit Seilrollen und einem Stabilisator entwickelt und bringt die Fahrer in eine aufrechte Position, sodass sie sich weniger verdrehen und drehen. Das erh\u00f6ht nicht nur das Fahrvergn\u00fcgen, sondern sorgt auch f\u00fcr mehr Sicherheit und erm\u00f6glicht es den Fahrern, sich auf die atemberaubende Aussicht und die Fotom\u00f6glichkeiten zu konzentrieren. <\/p>\n<h3>Vollst\u00e4ndig einstellbar und inklusive Gr\u00f6\u00dfe<\/h3>\n<p>Der Zipline Sit Comfort Harness ist in f\u00fcnf Gr\u00f6\u00dfen erh\u00e4ltlich, von Kindergr\u00f6\u00dfen bis hin zu extragro\u00dfen Gr\u00f6\u00dfen, und l\u00e4sst sich an eine Vielzahl von K\u00f6rpertypen anpassen. Die farbcodierten Gurtb\u00e4nder machen es einfach, die richtige Gr\u00f6\u00dfe schnell zu finden, damit sie jedem Fahrer perfekt passt. <\/p>\n<h2>Die wichtigsten technischen Daten des Zipline Sit Comfort Gurtzeugs<\/h2>\n<h3>Gepolsterter Sitz und atmungsaktive R\u00fcckenlehne<\/h3>\n<p>Das Gurtzeug ist mit einem gepolsterten Sitz und einer R\u00fcckenlehne aus atmungsaktivem Cordura-Gewebe ausgestattet, die f\u00fcr au\u00dfergew\u00f6hnlichen Komfort w\u00e4hrend der Fahrt sorgen. So wird sichergestellt, dass die Fahrerinnen und Fahrer bequem sitzen und das Erlebnis in vollen Z\u00fcgen genie\u00dfen k\u00f6nnen. <\/p>\n<h3>Langlebig und anpassbar<\/h3>\n<p>Der Zipline Sit Comfort Harness wurde aus hochwertigen Materialien gefertigt und ist sehr langlebig. Er ist in f\u00fcnf Gr\u00f6\u00dfen erh\u00e4ltlich, die jeweils mit farblich gekennzeichneten Gurtb\u00e4ndern ausgestattet sind. Beachte, dass diese Gurte auf Bestellung gefertigt werden, damit jedes St\u00fcck deinen speziellen Anforderungen entspricht.  <\/p>\n<h3>Umfassende Sicherheitsmerkmale<\/h3>\n<p>Das Gurtzeug wurde gem\u00e4\u00df den relevanten Abschnitten der Norm EN1651: 1999 f\u00fcr Gleitschirmausr\u00fcstung getestet und verf\u00fcgt \u00fcber H\u00fcft- und Brustgurte sowie Beinschlaufen zur sicheren Befestigung. Es wird au\u00dferdem mit allen notwendigen Schlingen\/Gurten und zwei Delta Maillons geliefert, was den Bestellvorgang vereinfacht. <\/p>\n<h3>Vollst\u00e4ndige Spezifikationen<\/h3>\n<ul>\n<li><strong>Verf\u00fcgbare Gr\u00f6\u00dfen<\/strong>: Kinder (Schwarzes Gurtband), Klein (Gr\u00fcnes Gurtband), Mittel (Rotes Gurtband), Gro\u00df (Oranges Gurtband), Extra Gro\u00df (Blaues Gurtband)<\/li>\n<li><strong>Farbe<\/strong>: Marineblauer Stoff mit farbcodiertem Gurtband<\/li>\n<li><strong>Max. Benutzergewicht<\/strong>: 150 kg<\/li>\n<li><strong>Komfortmerkmale<\/strong>: Gepolsterter Sitz, atmungsaktive R\u00fcckenlehne aus Cordura-Gewebe<\/li>\n<li><strong>Sicherheitsmerkmale<\/strong>: H\u00fcftgurt, Brustgurt, Beinschlaufen, getestet nach EN1651: 1999<\/li>\n<li><strong>Enthaltene Komponenten<\/strong>: Alle notwendigen Schlingen\/Gurte, 2 Delta Maillons<\/li>\n<li><strong>Zus\u00e4tzliche Optionen<\/strong>: Verbindungsst\u00fccke f\u00fcr Tri Sling\/Seilrolle auf Anfrage erh\u00e4ltlich<\/li>\n<\/ul>\n<p>Bestelle noch heute das Zipline Sit Comfort Gurtzeug und verbessere deine Seilbahn mit der perfekten Mischung aus Komfort, Stabilit\u00e4t und Sicherheit. Mit diesem erstklassigen Gurtzeug kannst du sicherstellen, dass deine Teilnehmer das bestm\u00f6gliche Erlebnis haben. <\/p>\n","protected":false},"excerpt":{"rendered":"<p>Der Zipline Sit Comfort Harness ist eine erstklassige Wahl f\u00fcr Abenteuer- und Outdoor-Profis, die ihr Seilbahn-Erlebnis verbessern wollen. Das von einem f\u00fchrenden Hersteller von H\u00f6hensicherungssystemen entwickelte Gurtzeug sorgt f\u00fcr Komfort und Stabilit\u00e4t und ist damit perfekt f\u00fcr Sightseeing und unvergessliche Momente. <\/p>\n","protected":false},"featured_media":16203,"template":"","meta":{"_coblocks_attr":"","_coblocks_dimensions":"","_coblocks_responsive_height":"","_coblocks_accordion_ie_support":"","wds_primary_product_brand":0,"wds_primary_product_cat":0},"product_brand":[70],"product_cat":[69],"product_tag":[575,568,436,595],"class_list":{"0":"post-5932","1":"product","2":"type-product","3":"status-publish","4":"has-post-thumbnail","6":"product_brand-thrill-syndicate","7":"product_cat-zipline-harnesses","8":"product_tag-komplettgurt","9":"product_tag-psa","10":"product_tag-seilrutsche","11":"product_tag-zipline-gurt","13":"first","14":"onbackorder","15":"taxable","16":"shipping-taxable","17":"purchasable","18":"product-type-simple"},"_links":{"self":[{"href":"https:\/\/thrillsyndicate.com\/de\/wp-json\/wp\/v2\/product\/5932","targetHints":{"allow":["GET"]}}],"collection":[{"href":"https:\/\/thrillsyndicate.com\/de\/wp-json\/wp\/v2\/product"}],"about":[{"href":"https:\/\/thrillsyndicate.com\/de\/wp-json\/wp\/v2\/types\/product"}],"wp:featuredmedia":[{"embeddable":true,"href":"https:\/\/thrillsyndicate.com\/de\/wp-json\/wp\/v2\/media\/16203"}],"wp:attachment":[{"href":"https:\/\/thrillsyndicate.com\/de\/wp-json\/wp\/v2\/media?parent=5932"}],"wp:term":[{"taxonomy":"product_brand","embeddable":true,"href":"https:\/\/thrillsyndicate.com\/de\/wp-json\/wp\/v2\/product_brand?post=5932"},{"taxonomy":"product_cat","embeddable":true,"href":"https:\/\/thrillsyndicate.com\/de\/wp-json\/wp\/v2\/product_cat?post=5932"},{"taxonomy":"product_tag","embeddable":true,"href":"https:\/\/thrillsyndicate.com\/de\/wp-json\/wp\/v2\/product_tag?post=5932"}],"curies":[{"name":"wp","href":"https:\/\/api.w.org\/{rel}","templated":true}]}}