{"id":5965,"date":"2022-03-08T14:07:18","date_gmt":"2022-03-08T13:07:18","guid":{"rendered":"https:\/\/thrillsyndicate.com\/shop\/federbremssystem-primaer-und-ead-zipline-bremse\/"},"modified":"2026-04-01T11:41:15","modified_gmt":"2026-04-01T09:41:15","slug":"zipline-federbremse","status":"publish","type":"product","link":"https:\/\/thrillsyndicate.com\/de\/product\/zipline-federbremse\/","title":{"rendered":"Seilbahn-Federbremssystem | Prim\u00e4r- &amp; EAD-Bremsung"},"content":{"rendered":"<p>Wenn die Sicherheit der Seilbahnfahrer nicht verhandelbar ist, brauchst du ein Seilbahn-Bremssystem, das jedes Mal funktioniert. Diese modulare Federbremse wurde f\u00fcr die Anforderungen des kommerziellen Betriebs entwickelt und funktioniert einwandfrei als Prim\u00e4rbremse oder als ausfallsichere Notbremse (Emergency Arrest Device, EAD). Sie besteht aus korrosionsbest\u00e4ndigen Materialien und wurde f\u00fcr Hochgeschwindigkeitsst\u00f6\u00dfe getestet. Sie sorgt f\u00fcr eine gleichm\u00e4\u00dfige, sanfte Abbremsung, die f\u00fcr ein sicheres und positives Erlebnis der G\u00e4ste auf deinem Parcours notwendig ist.  <\/p>\n<h2>Vollst\u00e4ndige Spezifikationen<\/h2>\n<ul>\n<li><b>Anwendung:<\/b> Prim\u00e4rbremse und sekund\u00e4re Notbremsvorrichtung (EAD)<\/li>\n<li><b>Getestete H\u00f6chstgeschwindigkeit:<\/b> 80 km\/h<\/li>\n<li><b>Materialien:<\/b> Korrosionsbest\u00e4ndige Edelstahlfedern, langlebige Nylon-Distanzbl\u00f6cke<\/li>\n<li><b>Modulares Bauteil:<\/b> Jeder Abschnitt enth\u00e4lt eine Feder und einen Nylon-Abstandhalter<\/li>\n<li><b>Bauteill\u00e4nge:<\/b> Ungef\u00e4hr 30 cm pro Abschnitt<\/li>\n<li><b>Installation:<\/b> Leicht nachr\u00fcstbar an vorhandenen Seilbahnkabeln<\/li>\n<li><b>Wartung:<\/b> Minimale Wartung erforderlich<\/li>\n<\/ul>\n<h3>Als <strong>Beispiel<\/strong> die folgende Berechnung f\u00fcr die Gr\u00f6\u00dfe des Federpakets:<\/h3>\n<table width=\"331\">\n<tbody>\n<tr>\n<td width=\"180\">\n<h4><strong>Ankommende Geschwindigkeit (km\/h)<\/strong><\/h4>\n<\/td>\n<td width=\"72\">\n<h4><strong>25<\/strong><\/h4>\n<\/td>\n<td width=\"79\"><\/td>\n<\/tr>\n<tr>\n<td>Federbremse verwendet als:<\/td>\n<td width=\"72\"><strong>Prim\u00e4rbremse<\/strong><\/td>\n<td width=\"79\"><strong>Sekund\u00e4r-Bremse EAD<\/strong><\/td>\n<\/tr>\n<tr>\n<td>Ben\u00f6tigte Federn<\/td>\n<td>20<\/td>\n<td>15<\/td>\n<\/tr>\n<tr>\n<td>Abstandshalter ben\u00f6tigt<\/td>\n<td>21<\/td>\n<td>16<\/td>\n<\/tr>\n<tr>\n<td>L\u00e4nge des Federpakets (Meter)<\/td>\n<td>6,4<\/td>\n<td>4,8<\/td>\n<\/tr>\n<\/tbody>\n<\/table>\n<h2>Kompromisslose Sicherheit, unerreichte Verl\u00e4sslichkeit<\/h2>\n<p>In der Welt der kommerziellen Seilbahnen ist ein Ausfall der Bremsen keine Option. Unsere Seilbahn-Federbremse ist das Herzst\u00fcck eines wirklich redundanten Sicherheitssystems. Verwende sie als robuste Prim\u00e4rbremse f\u00fcr gleichm\u00e4\u00dfige, sanfte Stopps oder als unverzichtbare Notbremsvorrichtung f\u00fcr Seilbahnkurse, bei denen das Prim\u00e4rsystem ausf\u00e4llt. Durch diese Doppelfunktion kannst du deinen Bestand an Bauteilen reduzieren und die Sicherheitsprotokolle vereinfachen, denn du kannst dich bei jeder Fahrt auf die zuverl\u00e4ssige Bremskraft verlassen.   <\/p>\n<h2>Modulares Design f\u00fcr pr\u00e4zises Bremsen<\/h2>\n<p>Keine zwei Seilbahnen sind gleich. Deine spezifischen Betriebsparameter &#8211; wie die Ankunftsgeschwindigkeit und das Gewicht der Teilnehmer &#8211; erfordern eine ma\u00dfgeschneiderte Bremsl\u00f6sung. Das modulare Design dieses Systems erm\u00f6glicht es dir, die perfekte Hochgeschwindigkeits-Seilbahnbremse zu entwickeln, indem du ihre L\u00e4nge und Kraft genau abstimmst. Wir arbeiten mit dir zusammen, um ein System zu konfigurieren, das auf den leichtesten und schwersten zu erwartenden Fahrern basiert, und nicht auf einem generellen &#8222;Durchschnittsgewicht&#8220;. So wird sichergestellt, dass jeder Teilnehmer eine sichere, komfortable und vorhersehbare Abbremsung erf\u00e4hrt und sowohl deine G\u00e4ste als auch deine Ausr\u00fcstung gesch\u00fctzt werden.    <\/p>\n<h2>Wie installiere ich die Federn am Zipwire?<\/h2>\n<p><iframe loading=\"lazy\" title=\"Install springs on the zipline cable\" width=\"980\" height=\"551\" src=\"https:\/\/www.youtube.com\/embed\/VKSo1NjvmL4?feature=oembed\" frameborder=\"0\" allow=\"accelerometer; autoplay; clipboard-write; encrypted-media; gyroscope; picture-in-picture\" allowfullscreen><\/iframe><\/p>\n<h2>H\u00e4ufig gestellte Fragen<\/h2>\n<p><b>F: Wie bestimme ich die richtige Anzahl von Federn f\u00fcr meine Seilbahn?<\/b><br \/>\nDie ben\u00f6tigte Anzahl an Federn wird anhand des spezifischen Profils deiner Seilbahn individuell berechnet. Wir analysieren die Ankunftsgeschwindigkeit des Fahrers, die Neigung des Seils und vor allem das gesamte Gewicht der Fahrer (vom leichtesten bis zum schwersten), um die optimale Konfiguration f\u00fcr deinen Kurs zu entwickeln. <\/p>\n<p><b>F: Kann dieses System sowohl als Prim\u00e4rbremse als auch als Seilbahn EAD funktionieren?<\/b><br \/>\nJa. Sie ist so konstruiert und getestet, dass sie als eigenst\u00e4ndige Prim\u00e4rbremse oder als sekund\u00e4res Notauffangger\u00e4t Seilbahn (EAD) zuverl\u00e4ssig funktioniert. <\/p>\n<p><b>F: Ist das Bremssystem wetterfest?<\/b><br \/>\nAuf jeden Fall. Das System besteht aus Federn aus rostfreiem Stahl und Abstandshaltern aus strapazierf\u00e4higem Nylon, was es sehr widerstandsf\u00e4hig gegen Korrosion und UV-Strahlung im Freien macht. <\/p>\n<p><b>F: Welche routinem\u00e4\u00dfige Wartung ist erforderlich?<\/b><br \/>\nDas System erfordert nur minimale Wartung. Wir empfehlen regelm\u00e4\u00dfige Sichtkontrollen, um sicherzustellen, dass alle Komponenten sicher sind und der Verschlei\u00df nicht zu gro\u00df ist. <\/p>\n<p><b>F: Entspricht dieses System den Sicherheitsstandards der Industrie?<\/b><br \/>\nWenn du dieses System nach unserer fachkundigen Beratung richtig konfigurierst, kannst du die Anforderungen an Notbremsungen gem\u00e4\u00df den EN-, ACCT- und ASTM-Normen erf\u00fcllen.<\/p>\n<h2>Experteninformationen zur Zipline-Technologie<\/h2>\n<p>M\u00f6chten Sie mehr \u00fcber Zipline-Technologie und Expertenmeinungen lesen?<\/p>\n<ul>\n<li><a href=\"https:\/\/thrillsyndicate.com\/de\/zip-line-design-components-for-a-complete-system\/\">Zip Line Design: Komponenten f\u00fcr ein komplettes System<\/a><\/li>\n<li><a href=\"https:\/\/thrillsyndicate.com\/de\/ueberlege-dir-ob-du-eine-zipline-betreiben-seilbahn-in-sie-investieren-willst-mit-diesem-sachkundigen-artikel-haben-wir-dich-auf-dem-laufenden\/\">Du \u00fcberlegst, eine Seilbahn zu betreiben und in sie zu investieren?<\/a><\/li>\n<li><a href=\"https:\/\/thrillsyndicate.com\/de\/die-zipline-fehler-die-du-nicht-wissen-willst\/\">9 Zipline-Fehler, von denen Sie nicht wissen, dass Sie sie machen<\/a><\/li>\n<li><a href=\"https:\/\/thrillsyndicate.com\/de\/magnetisches-zipline-bremsen-eine-revolutionaere-methode-um-sichere-fahrten-zu-gewaehrleisten\/\">Magnetische Zipline-Bremse: Ein revolution\u00e4rer Weg, um sichere Fahrten zu gew\u00e4hrleisten<\/a><\/li>\n<li><a href=\"https:\/\/thrillsyndicate.com\/de\/vor-und-nachteile-verschiedener-reissverschlussbremsen\/\">Vor- und Nachteile verschiedener Zip-Line-Bremsen<\/a><\/li>\n<li><a href=\"https:\/\/thrillsyndicate.com\/de\/expert-tips-for-zip-line-brake-installations\/\">Expertentipps f\u00fcr die Installation von Zip-Line-Bremsen<\/a><\/li>\n<li><a href=\"https:\/\/thrillsyndicate.com\/blog\/white-paper-on-zipline-emergency-arrest-devices-ead\/\">Whitepaper zu Zipline Emergency Arrest Devices (EAD)<\/a><\/li>\n<li><a href=\"https:\/\/thrillsyndicate.com\/de\/die-bedeutung-der-optimierung-der-zipline-fuer-die-fahrergeschwindigkeit\/\">Die Bedeutung der Optimierung der Seilbahnkonstruktion f\u00fcr die Geschwindigkeit der Fahrer<\/a><\/li>\n<li><a href=\"https:\/\/thrillsyndicate.com\/blog\/does-your-zip-line-need-an-emergency-arrest-device\/\">Ben\u00f6tigt Ihre Seilrutsche eine Notfangvorrichtung?<\/a><\/li>\n<\/ul>\n","protected":false},"excerpt":{"rendered":"<p>Unser kommerzielles <strong>Seilbahn-Federbremssystem<\/strong> bietet zuverl\u00e4ssige, wartungsarme Leistung f\u00fcr Prim\u00e4r- und Notbremsungen. Es wurde f\u00fcr den Hochgeschwindigkeitsbetrieb entwickelt und ist die unverzichtbare Sicherheitskomponente f\u00fcr jeden professionellen Seilbahnkurs. <\/p>\n","protected":false},"featured_media":2817,"template":"","meta":{"_coblocks_attr":"","_coblocks_dimensions":"","_coblocks_responsive_height":"","_coblocks_accordion_ie_support":"","wds_primary_product_brand":0,"wds_primary_product_cat":0},"product_brand":[70],"product_cat":[28],"product_tag":[89,36,30],"class_list":{"0":"post-5965","1":"product","2":"type-product","3":"status-publish","4":"has-post-thumbnail","6":"product_brand-thrill-syndicate","7":"product_cat-zipwire-braking-systems","8":"product_tag-emergency-arrest-device-ead","9":"product_tag-zipline","10":"product_tag-zipline-brake","12":"first","13":"instock","14":"featured","15":"taxable","16":"shipping-taxable","17":"purchasable","18":"product-type-simple"},"_links":{"self":[{"href":"https:\/\/thrillsyndicate.com\/de\/wp-json\/wp\/v2\/product\/5965","targetHints":{"allow":["GET"]}}],"collection":[{"href":"https:\/\/thrillsyndicate.com\/de\/wp-json\/wp\/v2\/product"}],"about":[{"href":"https:\/\/thrillsyndicate.com\/de\/wp-json\/wp\/v2\/types\/product"}],"wp:featuredmedia":[{"embeddable":true,"href":"https:\/\/thrillsyndicate.com\/de\/wp-json\/wp\/v2\/media\/2817"}],"wp:attachment":[{"href":"https:\/\/thrillsyndicate.com\/de\/wp-json\/wp\/v2\/media?parent=5965"}],"wp:term":[{"taxonomy":"product_brand","embeddable":true,"href":"https:\/\/thrillsyndicate.com\/de\/wp-json\/wp\/v2\/product_brand?post=5965"},{"taxonomy":"product_cat","embeddable":true,"href":"https:\/\/thrillsyndicate.com\/de\/wp-json\/wp\/v2\/product_cat?post=5965"},{"taxonomy":"product_tag","embeddable":true,"href":"https:\/\/thrillsyndicate.com\/de\/wp-json\/wp\/v2\/product_tag?post=5965"}],"curies":[{"name":"wp","href":"https:\/\/api.w.org\/{rel}","templated":true}]}}