{"id":5971,"date":"2022-03-16T18:10:13","date_gmt":"2022-03-16T17:10:13","guid":{"rendered":"https:\/\/thrillsyndicate.com\/shop\/lockd-clips-kontinuierliche-selbstsicherung\/"},"modified":"2025-12-01T10:37:06","modified_gmt":"2025-12-01T09:37:06","slug":"lockd-clips","status":"publish","type":"product","link":"https:\/\/thrillsyndicate.com\/de\/product\/lockd-clips\/","title":{"rendered":"LockD Clips Swivel | Continuous Self-Belay"},"content":{"rendered":"<p>Das <strong>LockD Clips Swivel<\/strong> ist ein revolution\u00e4res, intelligentes Sicherungssystem, das f\u00fcr die Abenteuer-, Outdoor- und Freizeitindustrie entwickelt wurde. Mit seinem innovativen, stets verriegelten Design garantiert es die Sicherheit der Kletterer und bietet gleichzeitig eine reibungslose, zuverl\u00e4ssige und benutzerfreundliche Erfahrung f\u00fcr Erstabenteurer und erfahrene Profis. LockD Clips Swivel wurde entwickelt, um die Inspektionskosten zu senken und die betriebliche Effizienz zu steigern. Es ist die perfekte L\u00f6sung f\u00fcr Betreiber, die ihre Kletterkurse verbessern m\u00f6chten.  <\/p>\n<h2>Die Vorteile von LockD Clips Swivel<\/h2>\n<h3>Immer verriegelt f\u00fcr maximale Sicherheit<\/h3>\n<p>Der LockD Clips Swivel verf\u00fcgt \u00fcber einen fortschrittlichen, stets verriegelten Mechanismus, der sicherstellt, dass die Kletterer w\u00e4hrend des gesamten Parcours sicher mit dem Sicherungsseil verbunden bleiben. Dieses Design eliminiert das Risiko eines versehentlichen Aush\u00e4ngens und gibt sowohl den Betreibern als auch den Teilnehmern ein beruhigendes Gef\u00fchl. Mit dem Tweezle Schl\u00fcssel k\u00f6nnen die Kletterer einfach zwischen den Rettungsleinen wechseln, ohne dass die Sicherheit beeintr\u00e4chtigt wird.  <\/p>\n<h3>Perfekt f\u00fcr alle F\u00e4higkeitsstufen und Altersgruppen<\/h3>\n<p>Egal, ob Sie zum ersten Mal klettern oder ein erfahrener Profi sind, der LockD Clips Swivel ist f\u00fcr jeden geeignet. Sein intuitives Design sorgt f\u00fcr eine minimale Lernkurve, so dass es auch f\u00fcr junge Teilnehmer eine ideale Wahl ist. Kinder ab 6 Jahren k\u00f6nnen das System sicher benutzen, ohne dass ein Erwachsener dabei sein muss, was die Zielgruppe Ihres Kurses erweitert.  <\/p>\n<h3>Geringere Kosten f\u00fcr Wartung und Inspektion<\/h3>\n<p>LockD Clips Swivel ist auf Langlebigkeit ausgelegt, mit minimalen Verschlei\u00dfteilen, die seltener ausgetauscht werden m\u00fcssen. Durch Inspektionen vor Ort und einfache Reparaturen werden die Ausfallzeiten weiter minimiert, so dass weniger kostspielige Kontrollen durch Dritte erforderlich sind und Ihr Betrieb reibungslos l\u00e4uft. <\/p>\n<p><iframe loading=\"lazy\" title=\"LockD Clips - The Most Advanced Smart Belay System in the Adventure Recreation Industry\" width=\"980\" height=\"551\" src=\"https:\/\/www.youtube.com\/embed\/s29RnH1cFPI?feature=oembed\" frameborder=\"0\" allow=\"accelerometer; autoplay; clipboard-write; encrypted-media; gyroscope; picture-in-picture\" allowfullscreen><\/iframe><\/p>\n<h2>Wichtige Spezifikationen von LockD Clips Swivel<\/h2>\n<h3>Schlankes Clip-Design<\/h3>\n<p>Das leichte und ergonomische Design des LockD Clips Swivel macht es f\u00fcr alle Kletterer einfach zu bedienen, unabh\u00e4ngig von der Handgr\u00f6\u00dfe. Sein schlankes Profil erm\u00f6glicht es sowohl Kindern als auch Erwachsenen, ihn mit Leichtigkeit zu greifen und zu handhaben, wodurch das gesamte Klettererlebnis verbessert wird. <\/p>\n<h3>Dual-Lanyard-System<\/h3>\n<p>Das integrierte Dual-Lanyard-System sorgt daf\u00fcr, dass ein Clip immer verriegelt ist, w\u00e4hrend der andere offen ist, wodurch das Risiko eines versehentlichen Aush\u00e4ngens verringert wird. Diese innovative Funktion garantiert, dass der Kletterer jederzeit mit der Rettungsleine verbunden bleibt und bietet un\u00fcbertroffene Sicherheit auf hohen und niedrigen Elementen des Parcours. <\/p>\n<h3>Nahtlose Integration in bestehende Kurse<\/h3>\n<p>LockD Clips Swivel l\u00e4sst sich problemlos in bestehende Abenteuerkurse integrieren, ohne dass eine komplette \u00dcberarbeitung erforderlich ist. Ganz gleich, ob Sie Ihre bestehenden Clips schrittweise oder auf einmal aufr\u00fcsten, dieses System f\u00fcgt sich nahtlos in SSB-Kurse ein und macht \u00dcberg\u00e4nge m\u00fchelos und kosteng\u00fcnstig. <\/p>\n<h2>Vollst\u00e4ndige Spezifikationen f\u00fcr LockD Clips Swivel<\/h2>\n<ul>\n<li><strong>Systemtyp:<\/strong> Intelligente Sicherung, Dual-Lanyard, immer verriegelter Mechanismus<\/li>\n<li><strong>Lebensdauer:<\/strong> 3 Jahre Garantie auf Nicht verschlei\u00dfende Teile<\/li>\n<li><strong>Altersvoraussetzung:<\/strong> Geeignet f\u00fcr Kinder ab 6 Jahren<\/li>\n<li><strong>Konformit\u00e4t:<\/strong> Erf\u00fcllt die Sicherheitsstandards EN15567 Typ D und EN17109 Typ D<\/li>\n<li><strong>Schl\u00fcssel-Mechanismus:<\/strong> Tweezle Schl\u00fcssel zum Verriegeln\/Entriegeln der Clips<\/li>\n<li><strong>Gewicht:<\/strong> Leichtes, ergonomisches Design<\/li>\n<li><strong>Integration:<\/strong> Nahtlos in bestehende SSB-Systeme<\/li>\n<li><strong>Inspektion und Wartung:<\/strong> J\u00e4hrliche Inspektion vor Ort, minimaler Verschlei\u00df und einfache Reparaturen<\/li>\n<li><strong>Sicherheit:<\/strong> Stets verriegeltes Clip-System f\u00fcr kontinuierliche Verbindung mit dem Kletterer<\/li>\n<\/ul>\n<p>LockD Clips Swivel bietet un\u00fcbertroffene Sicherheit, Benutzerfreundlichkeit und Kosteneffizienz f\u00fcr Abenteurer und revolutioniert das Klettererlebnis f\u00fcr Teilnehmer und Profis.<\/p>\n<p><iframe loading=\"lazy\" title=\"LockD Clips - How they work\" width=\"980\" height=\"551\" src=\"https:\/\/www.youtube.com\/embed\/_MC5FSHDRj0?feature=oembed\" frameborder=\"0\" allow=\"accelerometer; autoplay; clipboard-write; encrypted-media; gyroscope; picture-in-picture\" allowfullscreen><\/iframe><\/p>\n","protected":false},"excerpt":{"rendered":"<p>LockD Clips Swivel bietet ein rationalisiertes, stets verriegeltes intelligentes Sicherungssystem, das maximale Sicherheit f\u00fcr Betreiber von Abenteuerparcours und Teilnehmer gew\u00e4hrleistet. Es ist einfach in der Anwendung, erh\u00f6ht das Engagement der Kletterer und reduziert die Inspektionskosten. <\/p>\n","protected":false},"featured_media":9654,"template":"","meta":{"_coblocks_attr":"","_coblocks_dimensions":"","_coblocks_responsive_height":"","_coblocks_accordion_ie_support":"","wds_primary_product_brand":0,"wds_primary_product_cat":0},"product_brand":[97],"product_cat":[3,51],"product_tag":[55,54,8],"class_list":{"0":"post-5971","1":"product","2":"type-product","3":"status-publish","4":"has-post-thumbnail","6":"product_brand-lockd-clips-continuous-self-belay-system","7":"product_cat-ropes-course-belay-systems","8":"product_cat-lockd-belay-system","9":"product_tag-ropes-course","10":"product_tag-continuous-belay","11":"product_tag-belay-systems","13":"first","14":"instock","15":"sale","16":"featured","17":"taxable","18":"shipping-taxable","19":"purchasable","20":"product-type-simple"},"_links":{"self":[{"href":"https:\/\/thrillsyndicate.com\/de\/wp-json\/wp\/v2\/product\/5971","targetHints":{"allow":["GET"]}}],"collection":[{"href":"https:\/\/thrillsyndicate.com\/de\/wp-json\/wp\/v2\/product"}],"about":[{"href":"https:\/\/thrillsyndicate.com\/de\/wp-json\/wp\/v2\/types\/product"}],"wp:featuredmedia":[{"embeddable":true,"href":"https:\/\/thrillsyndicate.com\/de\/wp-json\/wp\/v2\/media\/9654"}],"wp:attachment":[{"href":"https:\/\/thrillsyndicate.com\/de\/wp-json\/wp\/v2\/media?parent=5971"}],"wp:term":[{"taxonomy":"product_brand","embeddable":true,"href":"https:\/\/thrillsyndicate.com\/de\/wp-json\/wp\/v2\/product_brand?post=5971"},{"taxonomy":"product_cat","embeddable":true,"href":"https:\/\/thrillsyndicate.com\/de\/wp-json\/wp\/v2\/product_cat?post=5971"},{"taxonomy":"product_tag","embeddable":true,"href":"https:\/\/thrillsyndicate.com\/de\/wp-json\/wp\/v2\/product_tag?post=5971"}],"curies":[{"name":"wp","href":"https:\/\/api.w.org\/{rel}","templated":true}]}}