{"id":5974,"date":"2022-03-12T20:33:00","date_gmt":"2022-03-12T19:33:00","guid":{"rendered":"https:\/\/thrillsyndicate.com\/shop\/speedrunner-gabelung-kurse-wechseln-und-ueberholen\/"},"modified":"2025-06-01T09:56:56","modified_gmt":"2025-06-01T07:56:56","slug":"speedrunner-gabelung","status":"publish","type":"product","link":"https:\/\/thrillsyndicate.com\/de\/product\/speedrunner-gabelung\/","title":{"rendered":"Speedrunner Verzweigung | Kurswechsel &amp; \u00dcberholen"},"content":{"rendered":"<p>Die Speedrunner Verzweigung erm\u00f6glicht das Wechseln zwischen verschiedenen Kursen, das \u00dcberholen und das Verlassen des Kurses. Es l\u00e4sst sich leicht passieren und es ist kein zus\u00e4tzlicher Mechanismus erforderlich.<\/p>\n<ul>\n<li>Null Wartung<\/li>\n<li>Langlebig: Teile k\u00f6nnen nicht abgenutzt werden<\/li>\n<li>Geeignet f\u00fcr Kinder ab 8 Jahren<\/li>\n<li>F\u00fcr Sicherheitsleine \u00d8 12 &#8211; 12,7MM (1\/2 Zoll)<\/li>\n<\/ul>\n<p><strong>NICHT <\/strong>kompatibel mit Saferoller continuous belay system<\/p>\n","protected":false},"excerpt":{"rendered":"<p>Bifurkation er\u00f6ffnet die M\u00f6glichkeit des \u00dcberholverfahrens zum Wechsel in einen anderen Kurs &#8211; swiss made &#8211; einfach zu bedienen &#8211; wartungsfrei<\/p>\n","protected":false},"featured_media":3135,"template":"","meta":{"_coblocks_attr":"","_coblocks_dimensions":"","_coblocks_responsive_height":"","_coblocks_accordion_ie_support":"","wds_primary_product_brand":0,"wds_primary_product_cat":0},"product_brand":[91],"product_cat":[50],"product_tag":[55,54,8],"class_list":{"0":"post-5974","1":"product","2":"type-product","3":"status-publish","4":"has-post-thumbnail","6":"product_brand-speedrunner-continuous-belay-system","7":"product_cat-speedrunner-continuous-belay-system","8":"product_tag-ropes-course","9":"product_tag-continuous-belay","10":"product_tag-belay-systems","12":"first","13":"instock","14":"taxable","15":"shipping-taxable","16":"purchasable","17":"product-type-simple"},"_links":{"self":[{"href":"https:\/\/thrillsyndicate.com\/de\/wp-json\/wp\/v2\/product\/5974","targetHints":{"allow":["GET"]}}],"collection":[{"href":"https:\/\/thrillsyndicate.com\/de\/wp-json\/wp\/v2\/product"}],"about":[{"href":"https:\/\/thrillsyndicate.com\/de\/wp-json\/wp\/v2\/types\/product"}],"wp:featuredmedia":[{"embeddable":true,"href":"https:\/\/thrillsyndicate.com\/de\/wp-json\/wp\/v2\/media\/3135"}],"wp:attachment":[{"href":"https:\/\/thrillsyndicate.com\/de\/wp-json\/wp\/v2\/media?parent=5974"}],"wp:term":[{"taxonomy":"product_brand","embeddable":true,"href":"https:\/\/thrillsyndicate.com\/de\/wp-json\/wp\/v2\/product_brand?post=5974"},{"taxonomy":"product_cat","embeddable":true,"href":"https:\/\/thrillsyndicate.com\/de\/wp-json\/wp\/v2\/product_cat?post=5974"},{"taxonomy":"product_tag","embeddable":true,"href":"https:\/\/thrillsyndicate.com\/de\/wp-json\/wp\/v2\/product_tag?post=5974"}],"curies":[{"name":"wp","href":"https:\/\/api.w.org\/{rel}","templated":true}]}}