{"id":5976,"date":"2022-03-04T15:46:54","date_gmt":"2022-03-04T14:46:54","guid":{"rendered":"https:\/\/thrillsyndicate.com\/shop\/edelrid-shield-ii-kinderhelm\/"},"modified":"2025-07-17T18:04:26","modified_gmt":"2025-07-17T16:04:26","slug":"edelrid-shield-ii-junior-helm","status":"publish","type":"product","link":"https:\/\/thrillsyndicate.com\/de\/product\/edelrid-shield-ii-junior-helm\/","title":{"rendered":"Edelrid Shield II Kinderhelm"},"content":{"rendered":"<p>Der Edelrid Shield Kids ist ein leichter und robuster Softshellhelm mit innovativem Verschlusssystem und hervorragender Bel\u00fcftung. Der perfekte Schutz f\u00fcr lange und anspruchsvolle Anstiege.<\/p>\n<p>In verschiedenen Farben erh\u00e4ltlich<\/p>\n<p>Was diesen Kletterhelm so leicht macht, ist die In-Mold-Konstruktion, bei der eine Polycarbonat-Au\u00dfenschale mit einem EPS-Schaumkern verschmilzt. Dadurch ergibt sich eine hervorragende Balance aus geringem Gewicht, Stabilit\u00e4t und D\u00e4mpfung. Dank der ergonomisch geformten Innenausstattung sowie der herausnehmbaren Polsterung ist der Helm \u00e4u\u00dferst bequem und l\u00e4sst sich mit dem Wing-Fit-System individuell anpassen.<\/p>\n<p>Der Helm verf\u00fcgt au\u00dferdem \u00fcber gro\u00dfe Bel\u00fcftungs\u00f6ffnungen, die w\u00e4hrend des Aufstiegs f\u00fcr eine konstante Frischluftzufuhr sorgen. Au\u00dferdem ist der Alpinhelm mit vier Stirnlampenclips sowie einem verstellbaren Kinnriemen ausgestattet. Wenn du leichte, schnelle und anspruchsvolle Klettertouren liebst, schau dir das Edelrid Shield genauer an!<\/p>\n<div id=\"prod-produktinfos\">\n<h2 class=\"prodheadline\">PRODUKTINFORMATION<\/h2>\n<ul>\n<li>Seiten-\/Vorder-\/R\u00fcckseitenaufprall getestet nach EN 12492<\/li>\n<li>Leichte In-Mold-Konstruktion mit expandiertem Polystyrolschaumkern und robuster Polycarbonatschale<\/li>\n<li>Vollst\u00e4ndig verstellbarer Kinnriemen mit unter dem Ohr positioniertem Verschlusssystem f\u00fcr mehr Komfort<\/li>\n<li>Airflow-System mit gro\u00dfen Bel\u00fcftungs\u00f6ffnungen f\u00fcr kontinuierlichen Luftaustausch<\/li>\n<li>4 robuste Stirnlampenclips<\/li>\n<li>Das \u00fcberarbeitete Wing-Fit-System mit hinterem Einstellrad passt sich allen Kopfformen an<\/li>\n<li>Ergonomisch geformter Innenraum mit herausnehmbarer, waschbarer Polsterung<\/li>\n<\/ul>\n<\/div>\n<div id=\"prod-details\">\n<h2 class=\"prodheadline\">TECHNISCHE INFORMATION<\/h2>\n<ul>\n<li>Gewicht: <span id=\"varianten_gewicht\">248<\/span> gr<\/li>\n<li>Gr\u00f6\u00dfe: 48-56<\/li>\n<\/ul>\n<h3 class=\"western\">\ud83d\udc49 Sie suchen einen bestimmten Edelrid-Artikel, der nicht im Shop gelistet ist? Wir vertreiben das komplette Portfolio f\u00fcr Abenteuer, Sport und Sicherheit. Bitte <strong><a href=\"https:\/\/thrillsyndicate.com\/de\/kontakt\/\">senden Sie<\/a><\/strong> uns eine E-Mail oder sehen Sie sich die vollst\u00e4ndige <strong><a href=\"https:\/\/thrillsyndicate.com\/edelrid-safety-price-list-2025\/\">Sicherheitspreisliste hier<\/a><\/strong>. \ud83d\udc48<\/h3>\n<\/div>\n","protected":false},"excerpt":{"rendered":"<p>Edelrid Shield Helm f\u00fcr Kinder. Unser beliebter Softshellhelm im stylischen Design perfekt f\u00fcr Kinder und Jugendliche. Der zuverl\u00e4ssige, leichte Shield II Kletterhelm im lustigen, kindgerechten Design.<\/p>\n","protected":false},"featured_media":2685,"template":"","meta":{"_coblocks_attr":"","_coblocks_dimensions":"","_coblocks_responsive_height":"","_coblocks_accordion_ie_support":"","wds_primary_product_brand":0,"wds_primary_product_cat":0},"product_brand":[659],"product_cat":[61],"product_tag":[66,55,67,828],"class_list":{"0":"post-5976","1":"product","2":"type-product","3":"status-publish","4":"has-post-thumbnail","6":"product_brand-edelrid-de","7":"product_cat-ropes-course-helmets","8":"product_tag-helmets","9":"product_tag-ropes-course","10":"product_tag-ppe","11":"product_tag-softshell","13":"first","14":"instock","15":"taxable","16":"shipping-taxable","17":"purchasable","18":"product-type-variable","19":"has-default-attributes"},"_links":{"self":[{"href":"https:\/\/thrillsyndicate.com\/de\/wp-json\/wp\/v2\/product\/5976","targetHints":{"allow":["GET"]}}],"collection":[{"href":"https:\/\/thrillsyndicate.com\/de\/wp-json\/wp\/v2\/product"}],"about":[{"href":"https:\/\/thrillsyndicate.com\/de\/wp-json\/wp\/v2\/types\/product"}],"wp:featuredmedia":[{"embeddable":true,"href":"https:\/\/thrillsyndicate.com\/de\/wp-json\/wp\/v2\/media\/2685"}],"wp:attachment":[{"href":"https:\/\/thrillsyndicate.com\/de\/wp-json\/wp\/v2\/media?parent=5976"}],"wp:term":[{"taxonomy":"product_brand","embeddable":true,"href":"https:\/\/thrillsyndicate.com\/de\/wp-json\/wp\/v2\/product_brand?post=5976"},{"taxonomy":"product_cat","embeddable":true,"href":"https:\/\/thrillsyndicate.com\/de\/wp-json\/wp\/v2\/product_cat?post=5976"},{"taxonomy":"product_tag","embeddable":true,"href":"https:\/\/thrillsyndicate.com\/de\/wp-json\/wp\/v2\/product_tag?post=5976"}],"curies":[{"name":"wp","href":"https:\/\/api.w.org\/{rel}","templated":true}]}}