{"id":5982,"date":"2022-03-24T11:10:02","date_gmt":"2022-03-24T10:10:02","guid":{"rendered":"https:\/\/thrillsyndicate.com\/shop\/edelrid-spoc-riemenscheibe\/"},"modified":"2025-07-24T14:37:05","modified_gmt":"2025-07-24T12:37:05","slug":"edelrid-spoc-pulley","status":"publish","type":"product","link":"https:\/\/thrillsyndicate.com\/de\/product\/edelrid-spoc-pulley\/","title":{"rendered":"Edelrid | SPOC Seilrolle"},"content":{"rendered":"<p>Egal ob beim Klettern an einer Big Wall oder beim H\u00f6henbergsteigen, der SPOC von EDELRID sollte immer dabei sein. Mit gerade mal 60g merkt man das Mehrgewicht kaum.<\/p>\n<h2>Spezifikationen<\/h2>\n<ul>\n<li>Die R\u00fccklaufsperre kann in ge\u00f6ffneter Position fixiert werden, um das Ger\u00e4t als einfache seilrolle<\/li>\n<li>Durchmesser der Seilrolle: 20 mm<\/li>\n<li>Geeignet f\u00fcr Seile mit einem Durchmesser von 7,0 bis 11,0 mm sowie f\u00fcr die EDELRID Rap Line<\/li>\n<li>Kugelgelagerte Seilrollen f\u00fcr hohe Effizienz (92%)<\/li>\n<li>Nocken f\u00fcr optimalen Halt an vereisten oder schlammigen Seilen<\/li>\n<li>Mindestbruchkraft: 15 kN<\/li>\n<li>Zertifizierung: EN 12278<\/li>\n<li>Zertifizierung: EN 567<\/li>\n<li>Herkunftsland: Deutschland<\/li>\n<\/ul>\n<p><iframe loading=\"lazy\" title=\"EDELRID SPOC\" width=\"980\" height=\"551\" src=\"https:\/\/www.youtube.com\/embed\/o4SMSyD3Nv0?feature=oembed\" frameborder=\"0\" allow=\"accelerometer; autoplay; clipboard-write; encrypted-media; gyroscope; picture-in-picture\" allowfullscreen><\/iframe><\/p>\n<h3 class=\"western\">\ud83d\udc49 Sie suchen einen bestimmten Edelrid-Artikel, der nicht im Shop gelistet ist? Wir vertreiben das komplette Portfolio f\u00fcr Abenteuer, Sport und Sicherheit. Bitte <strong><a href=\"https:\/\/thrillsyndicate.com\/de\/kontakt\/\">senden Sie<\/a><\/strong> uns eine E-Mail oder sehen Sie sich die vollst\u00e4ndige <strong><a href=\"https:\/\/thrillsyndicate.com\/edelrid-safety-price-list-2025\/\">Sicherheitspreisliste hier<\/a><\/strong>. \ud83d\udc48<\/h3>\n","protected":false},"excerpt":{"rendered":"<p>Edelrid SPOC Seilrolle. Ultraleicht seilrolle mit R\u00fccklaufsperre. Konzipiert f\u00fcr das Heben von Lasten, Spaltenrettungsaktionen oder als Notfallsteigklemme.<\/p>\n","protected":false},"featured_media":3747,"template":"","meta":{"_coblocks_attr":"","_coblocks_dimensions":"","_coblocks_responsive_height":"","_coblocks_accordion_ie_support":"","wds_primary_product_brand":0,"wds_primary_product_cat":0},"product_brand":[659],"product_cat":[537],"product_tag":[539,427,541,436],"class_list":{"0":"post-5982","1":"product","2":"type-product","3":"status-publish","4":"has-post-thumbnail","6":"product_brand-edelrid-de","7":"product_cat-seilrollen","8":"product_tag-abstieg-rettung","9":"product_tag-hochseilgarten","10":"product_tag-rolle","11":"product_tag-seilrutsche","13":"first","14":"instock","15":"taxable","16":"shipping-taxable","17":"purchasable","18":"product-type-simple"},"_links":{"self":[{"href":"https:\/\/thrillsyndicate.com\/de\/wp-json\/wp\/v2\/product\/5982","targetHints":{"allow":["GET"]}}],"collection":[{"href":"https:\/\/thrillsyndicate.com\/de\/wp-json\/wp\/v2\/product"}],"about":[{"href":"https:\/\/thrillsyndicate.com\/de\/wp-json\/wp\/v2\/types\/product"}],"wp:featuredmedia":[{"embeddable":true,"href":"https:\/\/thrillsyndicate.com\/de\/wp-json\/wp\/v2\/media\/3747"}],"wp:attachment":[{"href":"https:\/\/thrillsyndicate.com\/de\/wp-json\/wp\/v2\/media?parent=5982"}],"wp:term":[{"taxonomy":"product_brand","embeddable":true,"href":"https:\/\/thrillsyndicate.com\/de\/wp-json\/wp\/v2\/product_brand?post=5982"},{"taxonomy":"product_cat","embeddable":true,"href":"https:\/\/thrillsyndicate.com\/de\/wp-json\/wp\/v2\/product_cat?post=5982"},{"taxonomy":"product_tag","embeddable":true,"href":"https:\/\/thrillsyndicate.com\/de\/wp-json\/wp\/v2\/product_tag?post=5982"}],"curies":[{"name":"wp","href":"https:\/\/api.w.org\/{rel}","templated":true}]}}