{"id":5989,"date":"2022-03-14T11:51:37","date_gmt":"2022-03-14T10:51:37","guid":{"rendered":"https:\/\/thrillsyndicate.com\/shop\/edelrid-safe-descent-105mm-abstiegs-und-rettungsgeraet\/"},"modified":"2025-07-17T18:07:24","modified_gmt":"2025-07-17T16:07:24","slug":"edelrid-sicherer-abstieg","status":"publish","type":"product","link":"https:\/\/thrillsyndicate.com\/de\/product\/edelrid-sicherer-abstieg\/","title":{"rendered":"Edelrid Safe Descent 9,8mm | Abstiegs- und Rettungsger\u00e4t"},"content":{"rendered":"<div class=\"container py-4 py-lg-0\">\n<div class=\"row\">\n<div class=\"col-sm-12 col-lg-12 mx-auto text-justify text-center\">\n<p>Das SAFE DESCENT ist ein bahnbrechendes Abstiegs- und Rettungssystem. Die integrierte Windenfunktion inklusive selbsthemmender R\u00fccklaufsperre ist jederzeit manuell bedienbar und erm\u00f6glicht im Notfall eine schnelle und sichere Bergung von Unfallopfern. Daher eignet sich der SAFE DESCENT f\u00fcr den Einsatz auf allen Anlagen, einschlie\u00dflich Windkraftanlagen und Hochseilgarten. Der <a href=\"https:\/\/thrillsyndicate.com\/de\/shop\/edelrid-safe-descent-pro-descent-rettungsgeraet\/\">SAFE DESCENT PRO<\/a> kann gem\u00e4\u00df der Maschinenrichtlinie 2006\/42\/EG auch als Arbeitsger\u00e4t verwendet werden und ist somit f\u00fcr den Einsatz an l\u00e4ngeren Seilabschnitten im seilunterst\u00fctzten Zugang zugelassen.<\/p>\n<\/div>\n<\/div>\n<\/div>\n<div class=\"py-2 py-sm-5 bgcolor\">\n<div class=\"container\">\n<div class=\"row py-2 text-justify\">\n<div class=\"col-12\">\n<h2 class=\"mb-2 mb-lg-0\">SICHERER ABSTIEG<\/h2>\n<\/div>\n<div class=\"col-sm-12 col-lg-12 column-2\">\n<p>Das Safe Descent ist ein innovatives Abseil- und Rettungsger\u00e4t mit Windenfunktion \u2013 ideal f\u00fcr den Dauereinsatz in Abenteuerparks und Trainingszentren. Die Kombination aus patentierter R\u00fccklaufsperre und Handrad erm\u00f6glicht eine schnelle und einfache Rettung von Unfallopfern. Die Windenfunktion erm\u00f6glicht es, die Sicherungskette zu entlasten und Kr\u00e4fte auf den Safe Descent zu \u00fcbertragen, um ein sicheres Ablassen zu erm\u00f6glichen.<\/p>\n<figure id=\"attachment_903\" aria-describedby=\"caption-attachment-903\" style=\"width: 1250px\" class=\"wp-caption aligncenter\"><img loading=\"lazy\" decoding=\"async\" class=\"size-full wp-image-903\" src=\"https:\/\/thrillsyndicate.com\/wp-content\/uploads\/2022\/03\/ED_Microsite_Safe-descent_Details01EN.jpg\" alt=\"Das Edelrid Safe Descent ist ein innovatives Abseil- und Rettungsger\u00e4t\" width=\"1250\" height=\"650\" srcset=\"https:\/\/thrillsyndicate.com\/wp-content\/uploads\/2022\/03\/ED_Microsite_Safe-descent_Details01EN.jpg 1250w, https:\/\/thrillsyndicate.com\/wp-content\/uploads\/2022\/03\/ED_Microsite_Safe-descent_Details01EN-458x238.jpg 458w, https:\/\/thrillsyndicate.com\/wp-content\/uploads\/2022\/03\/ED_Microsite_Safe-descent_Details01EN-300x156.jpg 300w, https:\/\/thrillsyndicate.com\/wp-content\/uploads\/2022\/03\/ED_Microsite_Safe-descent_Details01EN-1024x532.jpg 1024w, https:\/\/thrillsyndicate.com\/wp-content\/uploads\/2022\/03\/ED_Microsite_Safe-descent_Details01EN-768x399.jpg 768w, https:\/\/thrillsyndicate.com\/wp-content\/uploads\/2022\/03\/ED_Microsite_Safe-descent_Details01EN-100x52.jpg 100w\" sizes=\"auto, (max-width: 1250px) 100vw, 1250px\" \/><figcaption id=\"caption-attachment-903\" class=\"wp-caption-text\">Das Safe Descent ist ein innovatives Abseil- und Rettungsger\u00e4t mit Windenfunktion \u2013 ideal f\u00fcr den Dauereinsatz in Abenteuerparks und Trainingszentren.<\/figcaption><\/figure>\n<p>&nbsp;<\/p>\n<\/div>\n<\/div>\n<\/div>\n<\/div>\n<div id=\"prod-produktinfos\">\n<h2 class=\"prodheadline\">PRODUKTINFORMATION<\/h2>\n<ul>\n<li>Automatische R\u00fccklaufsperre (Ratschensystem) f\u00fcr sicheres Entleeren<\/li>\n<li>Zugelassen f\u00fcr Doppelbelegung<\/li>\n<li>Rutschkupplung gegen Fehlbedienung<\/li>\n<li>Vorkonfektioniert mit 10,5 mm Kernmantelseil mit zertifizierten Endverbindungen und Farbcodierung an den Seilenden<\/li>\n<li>Optionaler Rucksack zur Aufbewahrung und zum Transport erh\u00e4ltlich<a href=\"https:\/\/thrillsyndicate.com\/shop\/edelrid-canyoneer-bag-45-liter\/\">(Canyoneer Bag 45<\/a>)<\/li>\n<li>Windenfunktion mit Teleskopratsche oder Handrad m\u00f6glich<\/li>\n<li>Kann mit einem Akku-Bohrschrauber betrieben werden<\/li>\n<li>2 eingen\u00e4hte DSG-Stahlkarabiner mit Handballenquetschmechanismus in den Abschl\u00fcssen<\/li>\n<li>1 Triple-Lock-Karabiner mit integriertem Wirbel zum Aufh\u00e4ngen des Ger\u00e4ts<\/li>\n<li>Inklusive Ratsche, Bohrer und Bohrerhalter<\/li>\n<\/ul>\n<\/div>\n<div id=\"prod-details\">\n<h2 class=\"prodheadline\">TECHNISCHE INFORMATION<\/h2>\n<ul>\n<li>max. Abstiegsstrecke [m]: 160<\/li>\n<li>max. Benutzergewicht[kg] : 200<\/li>\n<li>Zugelassener Seildurchmesser [mm]: 9,8<\/li>\n<li>Herkunftsland: Deutschland<\/li>\n<li>Zertifizierung: EN 341: 2011 \/1A (100kg) 1B (200kg), EN 1496:2006 \/ B<\/li>\n<\/ul>\n<p><iframe loading=\"lazy\" title=\"Edelrid Safe Descent\" width=\"980\" height=\"551\" src=\"https:\/\/www.youtube.com\/embed\/vkxQMkfBa5g?feature=oembed\" frameborder=\"0\" allow=\"accelerometer; autoplay; clipboard-write; encrypted-media; gyroscope; picture-in-picture\" allowfullscreen><\/iframe><\/p>\n<h3 class=\"western\">\ud83d\udc49 Sie suchen einen bestimmten Edelrid-Artikel, der nicht im Shop gelistet ist? Wir vertreiben das komplette Portfolio f\u00fcr Abenteuer, Sport und Sicherheit. Bitte <strong><a href=\"https:\/\/thrillsyndicate.com\/de\/kontakt\/\">senden Sie<\/a><\/strong> uns eine E-Mail oder sehen Sie sich die vollst\u00e4ndige <strong><a href=\"https:\/\/thrillsyndicate.com\/edelrid-safety-price-list-2025\/\">Sicherheitspreisliste hier<\/a><\/strong>. \ud83d\udc48<\/h3>\n<\/div>\n","protected":false},"excerpt":{"rendered":"<p>Das Edelrid Safe Descent ist ein innovatives Abseil- und Rettungsger\u00e4t mit Windenfunktion \u2013 ideal f\u00fcr den Dauereinsatz in Abenteuerparks und Trainingszentren. Die Kombination aus patentierter R\u00fccklaufsperre und Handrad erm\u00f6glicht eine schnelle und einfache Rettung von Unfallopfern. Die Windenfunktion erm\u00f6glicht es, die Sicherungskette zu entlasten und Kr\u00e4fte auf den Safe Descent zu \u00fcbertragen, um ein sicheres Ablassen zu erm\u00f6glichen.<\/p>\n","protected":false},"featured_media":15043,"template":"","meta":{"_coblocks_attr":"","_coblocks_dimensions":"","_coblocks_responsive_height":"","_coblocks_accordion_ie_support":"","wds_primary_product_brand":0,"wds_primary_product_cat":0},"product_brand":[62],"product_cat":[92,840],"product_tag":[903,539,427],"class_list":{"0":"post-5989","1":"product","2":"type-product","3":"status-publish","4":"has-post-thumbnail","6":"product_brand-edelrid","7":"product_cat-descent-rescue-devices","8":"product_cat-descenders","9":"product_tag-abseilgerate","10":"product_tag-abstieg-rettung","11":"product_tag-hochseilgarten","13":"first","14":"instock","15":"taxable","16":"shipping-taxable","17":"purchasable","18":"product-type-variable","19":"has-default-attributes"},"_links":{"self":[{"href":"https:\/\/thrillsyndicate.com\/de\/wp-json\/wp\/v2\/product\/5989","targetHints":{"allow":["GET"]}}],"collection":[{"href":"https:\/\/thrillsyndicate.com\/de\/wp-json\/wp\/v2\/product"}],"about":[{"href":"https:\/\/thrillsyndicate.com\/de\/wp-json\/wp\/v2\/types\/product"}],"wp:featuredmedia":[{"embeddable":true,"href":"https:\/\/thrillsyndicate.com\/de\/wp-json\/wp\/v2\/media\/15043"}],"wp:attachment":[{"href":"https:\/\/thrillsyndicate.com\/de\/wp-json\/wp\/v2\/media?parent=5989"}],"wp:term":[{"taxonomy":"product_brand","embeddable":true,"href":"https:\/\/thrillsyndicate.com\/de\/wp-json\/wp\/v2\/product_brand?post=5989"},{"taxonomy":"product_cat","embeddable":true,"href":"https:\/\/thrillsyndicate.com\/de\/wp-json\/wp\/v2\/product_cat?post=5989"},{"taxonomy":"product_tag","embeddable":true,"href":"https:\/\/thrillsyndicate.com\/de\/wp-json\/wp\/v2\/product_tag?post=5989"}],"curies":[{"name":"wp","href":"https:\/\/api.w.org\/{rel}","templated":true}]}}