{"id":6019,"date":"2022-03-08T13:39:01","date_gmt":"2022-03-08T12:39:01","guid":{"rendered":"https:\/\/thrillsyndicate.com\/shop\/selbstbremsender-magnetischer-zipline-trolley\/"},"modified":"2026-04-01T11:41:14","modified_gmt":"2026-04-01T09:41:14","slug":"mag-seilrolle","status":"publish","type":"product","link":"https:\/\/thrillsyndicate.com\/de\/product\/mag-seilrolle\/","title":{"rendered":"Selbstbremsender magnetischer Zipline-Trolley"},"content":{"rendered":"<p>Der Magnetic Brake Seilrolle nutzt die Wirbelstromtechnologie, um die Zipline-Fahrer sicher und gleichm\u00e4\u00dfig abzubremsen, je nach Geschwindigkeit des Fahrers.<\/p>\n<p>Die Magnetbremsrolle ist mit einer leistungsstarken und stufenweise einstellbaren und integrierten Magnetbremse ausgestattet. Die integrierte Wirbelstrombremse bedeutet, dass wir den Fahrer ohne Reibung, Hitze oder Verschlei\u00df am Kabel auf eine \u00fcberschaubare Geschwindigkeit verlangsamen k\u00f6nnen. Dadurch wird der Wartungsaufwand f\u00fcr die Zipline-Kabel und den Trolley erheblich reduziert.<\/p>\n<h2>Geschwindigkeitsregulierung und sichere Seilrutschenbremsung<\/h2>\n<p>Unsere selbstbremsende Zipline-Rolle l\u00f6st die wichtigsten Sicherheitsprobleme rund um das kontrollierte und sichere Abbremsen am Ende von Hochgeschwindigkeits-Seilbahnen.<\/p>\n<p>Der MAG Brake Trolley wurde speziell f\u00fcr steile, lange und schnelle Zipline-Strecken entwickelt und erm\u00f6glicht die Entwicklung von Langstrecken-Seilrutschen ohne komplexen Bremsbereich. Damit hinterlassen wir den kleinstm\u00f6glichen \u00f6kologischen Fu\u00dfabdruck, indem wir auf teure und wartungsintensive Konstruktionen verzichten. Mit seinem internen Bremssystem ist der MAG Brake Zipline Pulley in der Lage, eine Geschwindigkeitsreduzierung von bis zu 35 % zu bew\u00e4ltigen.<\/p>\n<p>Alle Fahrer, unabh\u00e4ngig von ihrem Gewicht und\/oder den Wetterbedingungen (Wind), kommen mit der gleichen Geschwindigkeit an, was eine sichere und kontrollierte Bremssituation erm\u00f6glicht.<\/p>\n<h3>Bewiesene Technologie<\/h3>\n<p>Wir verwenden die bew\u00e4hrte Wirbelstrom-Bremstechnologie, die \u00e4u\u00dferst zuverl\u00e4ssig, leichtg\u00e4ngig und wartungsarm ist. Die magnetische Bremsung ist reibungsfrei ohne ber\u00fchrende Teile. Die Wirbelstromtechnologie hat sich vollst\u00e4ndig bew\u00e4hrt und wird in vielen kritischen Anwendungen eingesetzt. Unsere automatisch bremsende Zipline-Rolle ist daher eine der sichersten Bremsrollen auf dem Markt f\u00fcr kommerzielle Seilbahnen mit Steigungen von bis zu 25% und Geschwindigkeiten von bis zu 140 km\/h.<\/p>\n<h3>MAG-Bremsscheibenkonfigurationen<\/h3>\n<p><strong>Geschwindigkeitsreduzierung: <\/strong><\/p>\n<ul>\n<li>Die Reduzierung wird je nach Zipline-Profil eingerichtet.<\/li>\n<\/ul>\n<p><strong>Trolley-Optionen: <\/strong><\/p>\n<ul>\n<li>Fangmechanismus f\u00fcr Zipline-Bremssysteme der Linie ZipSTOP<\/li>\n<li>Unterschiedliche Einstellungen f\u00fcr bestimmte Gurtzeuge<\/li>\n<li>Action-Videokamera-Setups<\/li>\n<li>Pers\u00f6nliches Branding des Unternehmens<\/li>\n<\/ul>\n<h2>Spezifikationen<\/h2>\n<table>\n<tbody>\n<tr>\nGeh\u00e4use:Aluminium Geh\u00e4use<br \/>\n<\/tr>\n<tr>\nBremstyp:Wirbelstrom &#8211; Magnetische Bremse<br \/>\n<\/tr>\n<tr>\nMaximale Geschwindigkeit:140km\/h<br \/>\n<\/tr>\n<tr>\nOptionen f\u00fcr die Kabelgr\u00f6\u00dfe:Von 10mm bis 18mm Seildurchmesser<br \/>\n<\/tr>\n<tr>\nBereich der Kabelqualit\u00e4t:4% &#8211; 25%<br \/>\n<\/tr>\n<tr>\nGewichtsbereich des Fahrers:25 &#8211; 125 kg (275 lbs)<br \/>\n<\/tr>\n<tr>\nSeilrollen Gewicht:5,6 kg (maximale Konfiguration)<br \/>\n<\/tr>\n<tr>\nKompatibilit\u00e4t der Gurte:Sitz- oder Superman-Gurtzeug<br \/>\n<\/tr>\n<tr>\n<td>Compliance \/ Norms:<\/td>\n<td>NEN-EN 12278:2007 (pending)<br \/>\nNEN-EN 17109:2019 (pending)<\/td>\n<\/tr>\n<\/tbody>\n<\/table>\n<h2>Experteninformationen zur Zipline-Technologie<\/h2>\n<p>M\u00f6chten Sie mehr \u00fcber Zipline-Technologie und Expertenmeinungen lesen?<\/p>\n<ul>\n<li><a href=\"https:\/\/thrillsyndicate.com\/de\/zip-line-design-components-for-a-complete-system\/\">Zip Line Design: Komponenten f\u00fcr ein komplettes System<\/a><\/li>\n<li><a href=\"https:\/\/thrillsyndicate.com\/de\/die-zipline-fehler-die-du-nicht-wissen-willst\/\">9 Zipline-Fehler, von denen Sie nicht wissen, dass Sie sie machen<\/a><\/li>\n<li><a href=\"https:\/\/thrillsyndicate.com\/de\/vor-und-nachteile-verschiedener-reissverschlussbremsen\/\">Vor- und Nachteile verschiedener Zip-Line-Bremsen<\/a><\/li>\n<li><a href=\"https:\/\/thrillsyndicate.com\/de\/expert-tips-for-zip-line-brake-installations\/\">Expertentipps f\u00fcr die Installation von Zip-Line-Bremsen<\/a><\/li>\n<li><a href=\"https:\/\/thrillsyndicate.com\/blog\/white-paper-on-zipline-emergency-arrest-devices-ead\/\">Whitepaper zu Zipline Emergency Arrest Devices (EAD)<\/a><\/li>\n<li><a href=\"https:\/\/thrillsyndicate.com\/blog\/does-your-zip-line-need-an-emergency-arrest-device\/\">Ben\u00f6tigt Ihre Seilrutsche eine Notfangvorrichtung?<\/a><\/li>\n<li><a href=\"https:\/\/thrillsyndicate.com\/the-magnetic-self-braking-zipline-pulley\/\">MAG Brake Trolley, die magnetische selbstbremsende Zipline-Rolle<\/a><\/li>\n<li><a href=\"https:\/\/thrillsyndicate.com\/blog\/the-science-of-eddy-current-magnetic-braking\/\">Die Wissenschaft der Wirbelstrom-Magnetbremsung<\/a><\/li>\n<li><a href=\"https:\/\/thrillsyndicate.com\/blog\/all-about-bearings-why-zip-line-trolley-bearings-matter\/\">Warum Zip Line Trolley-Lager so wichtig sind<\/a><\/li>\n<li><a href=\"https:\/\/thrillsyndicate.com\/de\/whitepaper-zipline-braking-dynamics\/\">Whitepaper: Zipline-Bremsdynamik<\/a><\/li>\n<li><a href=\"https:\/\/thrillsyndicate.com\/blog\/zip-line-installation-give-them-the-best-ride\/\">Zip-Line-Installation: Geben Sie ihnen die beste Fahrt<\/a><\/li>\n<\/ul>\n","protected":false},"excerpt":{"rendered":"<p>Der MAG Brake Seilrolle ist eine selbstbremsende Seilbahn mit einem sicheren und best\u00e4ndigen Magnetbremssystem. Es wurde f\u00fcr Hochgeschwindigkeits-Seilrutschen entwickelt und bietet ein reibungsfreies, wartungsarmes Ziplining-Erlebnis.<\/p>\n","protected":false},"featured_media":2541,"template":"","meta":{"_coblocks_attr":"","_coblocks_dimensions":"","_coblocks_responsive_height":"","_coblocks_accordion_ie_support":"","wds_primary_product_brand":0,"wds_primary_product_cat":0},"product_brand":[663],"product_cat":[492,432],"product_tag":[436,684,435],"class_list":{"0":"post-6019","1":"product","2":"type-product","3":"status-publish","4":"has-post-thumbnail","6":"product_brand-thrill-syndicate-de","7":"product_cat-zipline-trolleys-de","8":"product_cat-zipwire-bremssysteme","9":"product_tag-seilrutsche","10":"product_tag-zipline-trolley-de-2","11":"product_tag-zipline-bremse","13":"first","14":"instock","15":"taxable","16":"shipping-taxable","17":"purchasable","18":"product-type-simple"},"_links":{"self":[{"href":"https:\/\/thrillsyndicate.com\/de\/wp-json\/wp\/v2\/product\/6019","targetHints":{"allow":["GET"]}}],"collection":[{"href":"https:\/\/thrillsyndicate.com\/de\/wp-json\/wp\/v2\/product"}],"about":[{"href":"https:\/\/thrillsyndicate.com\/de\/wp-json\/wp\/v2\/types\/product"}],"wp:featuredmedia":[{"embeddable":true,"href":"https:\/\/thrillsyndicate.com\/de\/wp-json\/wp\/v2\/media\/2541"}],"wp:attachment":[{"href":"https:\/\/thrillsyndicate.com\/de\/wp-json\/wp\/v2\/media?parent=6019"}],"wp:term":[{"taxonomy":"product_brand","embeddable":true,"href":"https:\/\/thrillsyndicate.com\/de\/wp-json\/wp\/v2\/product_brand?post=6019"},{"taxonomy":"product_cat","embeddable":true,"href":"https:\/\/thrillsyndicate.com\/de\/wp-json\/wp\/v2\/product_cat?post=6019"},{"taxonomy":"product_tag","embeddable":true,"href":"https:\/\/thrillsyndicate.com\/de\/wp-json\/wp\/v2\/product_tag?post=6019"}],"curies":[{"name":"wp","href":"https:\/\/api.w.org\/{rel}","templated":true}]}}