{"id":6025,"date":"2022-03-12T12:20:28","date_gmt":"2022-03-12T11:20:28","guid":{"rendered":"https:\/\/thrillsyndicate.com\/shop\/zipline-airbag-ead-emergency-arrest-device\/"},"modified":"2025-08-16T14:58:02","modified_gmt":"2025-08-16T12:58:02","slug":"zipline-airbag-ead-rettungssicherung","status":"publish","type":"product","link":"https:\/\/thrillsyndicate.com\/de\/product\/zipline-airbag-ead-rettungssicherung\/","title":{"rendered":"Zipline-Airbag | EAD (Emergency Arrest Device)"},"content":{"rendered":"<p>Der Zipline Airbag ist ein Notauffangger\u00e4t (EAD). Der Drahtseil-Airbag ist eine Backup-Seilbremse, die komplett von der Hauptbremse getrennt ist und vom Teilnehmer nicht bet\u00e4tigt werden muss, um sie zu aktivieren. Mit anderen Worten: Der Seilbahn ist eine passive Bremse, unabh\u00e4ngig von der Hauptbremse. Nur die modernsten, schwer entflammbaren Materialien aus der EU wurden ausgew\u00e4hlt, um dir eine unvergleichliche Haltbarkeit und Zuverl\u00e4ssigkeit zu bieten. Die leichten Materialien und innovativen Funktionen machen den Aufbau einfach. Eine innovative Positionierung des Gebl\u00e4ses schr\u00e4nkt den unerw\u00fcnschten Zugang zu ihm ein und beseitigt die Risiken. Verst\u00e4rkte Verankerungspunkte sorgen f\u00fcr absolute Sicherheit und Schutz. Der Seilbahn Airbag kann in jeder Gr\u00f6\u00dfe geliefert werden, aber wir empfehlen die Gr\u00f6\u00dfe wie auf den Fotos gezeigt: 180x120x60cm.  <\/p>\n<h2>Spezifikationen<\/h2>\n<ul>\n<li>Empfohlene Gr\u00f6\u00dfe: 180 x 120 x 60 cm<\/li>\n<li>Austauschbare Schutzbeschichtung im Kontaktbereich<\/li>\n<li>Power Ringe um den Umfang<\/li>\n<li>St\u00e4ndiges Blasen<\/li>\n<li>Inklusive Luftkompressor<\/li>\n<li>Druckregelung und automatische Kontrolle des Drucks in der Kammer<\/li>\n<li>220-Volt-Stromversorgung zum Betrieb erforderlich<\/li>\n<\/ul>\n<h2>Experteninformationen zur Zipline-Technologie<\/h2>\n<p>  M\u00f6chten Sie mehr \u00fcber die Technik der Seilbahnen und Expertenmeinungen lesen?  <\/p>\n<ul>\n<li><a href=\"https:\/\/thrillsyndicate.com\/blog\/white-paper-on-zipline-emergency-arrest-devices-ead\/\">Whitepaper zu Zipline Emergency Arrest Devices (EAD)<\/a><\/li>\n<li><a href=\"https:\/\/thrillsyndicate.com\/de\/zip-line-design-components-for-a-complete-system\/\">Zip Line Design: Komponenten f\u00fcr ein komplettes System<\/a><\/li>\n<li><a href=\"https:\/\/thrillsyndicate.com\/de\/die-zipline-fehler-die-du-nicht-wissen-willst\/\">9 Zipline-Fehler, von denen Sie nicht wissen, dass Sie sie machen<\/a><\/li>\n<li><a href=\"https:\/\/thrillsyndicate.com\/de\/vor-und-nachteile-verschiedener-reissverschlussbremsen\/\">Vor- und Nachteile verschiedener Zip-Line-Bremsen<\/a><\/li>\n<li><a href=\"https:\/\/thrillsyndicate.com\/de\/expert-tips-for-zip-line-brake-installations\/\">Expertentipps f\u00fcr die Installation von Zip-Line-Bremsen<\/a><\/li>\n<li><a href=\"https:\/\/thrillsyndicate.com\/blog\/does-your-zip-line-need-an-emergency-arrest-device\/\">Ben\u00f6tigt Ihre Seilrutsche ein Notstoppger\u00e4t?<\/a><\/li>\n<li><a href=\"https:\/\/thrillsyndicate.com\/the-magnetic-self-braking-zipline-pulley\/\">MAG Brake Trolley, die magnetische selbstbremsende Zipline-Rolle<\/a><\/li>\n<li><a href=\"https:\/\/thrillsyndicate.com\/blog\/the-science-of-eddy-current-magnetic-braking\/\">Die Wissenschaft der Wirbelstrom-Magnetbremsung<\/a><\/li>\n<li><a href=\"https:\/\/thrillsyndicate.com\/blog\/all-about-bearings-why-zip-line-trolley-bearings-matter\/\">Warum Zip Line Trolley-Lager so wichtig sind<\/a><\/li>\n<li><a href=\"https:\/\/thrillsyndicate.com\/de\/whitepaper-zipline-braking-dynamics\/\">Whitepaper: Zipline-Bremsdynamik<\/a><\/li>\n<li><a href=\"https:\/\/thrillsyndicate.com\/blog\/zip-line-installation-give-them-the-best-ride\/\">Zip-Line-Installation: Geben Sie ihnen die beste Fahrt<\/a><\/li>\n<\/ul>\n","protected":false},"excerpt":{"rendered":"<p>Der Zipline Airbag EAD ist ein unabh\u00e4ngiges, passives Bremssystem f\u00fcr deine Seilbahn, das im Falle eines Ausfalls der Prim\u00e4rbremse eine sichere Landung gew\u00e4hrleistet. Er ist aus modernen, schwer entflammbaren Materialien gefertigt, l\u00e4sst sich leicht aufbauen und bietet eine un\u00fcbertroffene Haltbarkeit und Zuverl\u00e4ssigkeit.<\/p>\n","protected":false},"featured_media":2919,"template":"","meta":{"_coblocks_attr":"","_coblocks_dimensions":"","_coblocks_responsive_height":"","_coblocks_accordion_ie_support":"","wds_primary_product_brand":0,"wds_primary_product_cat":0},"product_brand":[70],"product_cat":[28],"product_tag":[89,36,30],"class_list":{"0":"post-6025","1":"product","2":"type-product","3":"status-publish","4":"has-post-thumbnail","6":"product_brand-thrill-syndicate","7":"product_cat-zipwire-braking-systems","8":"product_tag-emergency-arrest-device-ead","9":"product_tag-zipline","10":"product_tag-zipline-brake","12":"first","13":"onbackorder","14":"taxable","15":"shipping-taxable","16":"purchasable","17":"product-type-simple"},"_links":{"self":[{"href":"https:\/\/thrillsyndicate.com\/de\/wp-json\/wp\/v2\/product\/6025","targetHints":{"allow":["GET"]}}],"collection":[{"href":"https:\/\/thrillsyndicate.com\/de\/wp-json\/wp\/v2\/product"}],"about":[{"href":"https:\/\/thrillsyndicate.com\/de\/wp-json\/wp\/v2\/types\/product"}],"wp:featuredmedia":[{"embeddable":true,"href":"https:\/\/thrillsyndicate.com\/de\/wp-json\/wp\/v2\/media\/2919"}],"wp:attachment":[{"href":"https:\/\/thrillsyndicate.com\/de\/wp-json\/wp\/v2\/media?parent=6025"}],"wp:term":[{"taxonomy":"product_brand","embeddable":true,"href":"https:\/\/thrillsyndicate.com\/de\/wp-json\/wp\/v2\/product_brand?post=6025"},{"taxonomy":"product_cat","embeddable":true,"href":"https:\/\/thrillsyndicate.com\/de\/wp-json\/wp\/v2\/product_cat?post=6025"},{"taxonomy":"product_tag","embeddable":true,"href":"https:\/\/thrillsyndicate.com\/de\/wp-json\/wp\/v2\/product_tag?post=6025"}],"curies":[{"name":"wp","href":"https:\/\/api.w.org\/{rel}","templated":true}]}}