{"id":6031,"date":"2022-03-04T16:17:51","date_gmt":"2022-03-04T15:17:51","guid":{"rendered":"https:\/\/thrillsyndicate.com\/shop\/edelrid-zodiac-helm\/"},"modified":"2025-07-17T18:04:20","modified_gmt":"2025-07-17T16:04:20","slug":"edelrid-zodiac-helmet","status":"publish","type":"product","link":"https:\/\/thrillsyndicate.com\/de\/product\/edelrid-zodiac-helmet\/","title":{"rendered":"Edelrid Zodiac Helm"},"content":{"rendered":"<p>Ein Hartschalenhelm mit integriertem Schaumstofffutter. Er verf\u00fcgt \u00fcber das \u201eWing-Fit\u201c-Anpassungssystem von Edelrid, das um eine geformte Platte zentriert ist, die sich unterhalb der Helmlinie um den Hinterkopf bildet. Dadurch wird der untere Sch\u00e4del effektiv umh\u00fcllt, um einen sehr sicheren Sitz zu schaffen.<\/p>\n<p>Erh\u00e4ltlich in verschiedenen Farben.<\/p>\n<div id=\"prod-produktinfos\">\n<h2 class=\"prodheadline\">PRODUKTINFORMATION<\/h2>\n<ul>\n<li>Seiten-\/Vorder-\/R\u00fcckseitenaufprall getestet nach EN 12492<\/li>\n<li>Das Wing-Fit-System und das hintere Einstellrad passen f\u00fcr alle Gr\u00f6\u00dfen und garantieren hervorragende Sicherheit und Komfort<\/li>\n<li>Innenschale aus expandiertem Polystyrolschaum f\u00fcr zuverl\u00e4ssige Sto\u00dfd\u00e4mpfung<\/li>\n<li>Gro\u00dfe Bel\u00fcftungs\u00f6ffnungen sorgen f\u00fcr eine konstante Frischluftzufuhr<\/li>\n<li>Cradle l\u00e4sst sich in den Helm falten, um das Packma\u00df deutlich zu reduzieren<\/li>\n<li>Vollst\u00e4ndig verstellbarer Kinnriemen mit unter dem Ohr positioniertem Verschlusssystem f\u00fcr mehr Komfort<\/li>\n<li>Robustes und sto\u00dffestes Geh\u00e4use aus spritzgegossenem ABS<\/li>\n<li>4 robuste Stirnlampenclips<\/li>\n<li>Abnehmbare, waschbare Polsterung<\/li>\n<\/ul>\n<\/div>\n<div id=\"prod-details\">\n<h2 class=\"prodheadline\">TECHNISCHE INFORMATION<\/h2>\n<ul>\n<li>UIAA: Ja<\/li>\n<li>Kopfgr\u00f6\u00dfe: 54 &#8211; 62<\/li>\n<li>Gewicht: <span id=\"varianten_gewicht\">359<\/span> gr<\/li>\n<\/ul>\n<h3 class=\"western\">\ud83d\udc49 Sie suchen einen bestimmten Edelrid-Artikel, der nicht im Shop gelistet ist? Wir vertreiben das komplette Portfolio f\u00fcr Abenteuer, Sport und Sicherheit. Bitte <strong><a href=\"https:\/\/thrillsyndicate.com\/de\/kontakt\/\">senden Sie<\/a><\/strong> uns eine E-Mail oder sehen Sie sich die vollst\u00e4ndige <strong><a href=\"https:\/\/thrillsyndicate.com\/edelrid-safety-price-list-2025\/\">Sicherheitspreisliste hier<\/a><\/strong>. \ud83d\udc48<\/h3>\n<\/div>\n","protected":false},"excerpt":{"rendered":"<p>Edelrid Zodiac Helm: Ein Hartschalenhelm mit integriertem Schaumstofffutter. Leichter und extrem stabiler Hybridhelm. Perfekt zum Klettern, Bergsteigen und Klettersteigen.<\/p>\n","protected":false},"featured_media":9496,"template":"","meta":{"_coblocks_attr":"","_coblocks_dimensions":"","_coblocks_responsive_height":"","_coblocks_accordion_ie_support":"","wds_primary_product_brand":0,"wds_primary_product_cat":0},"product_brand":[62],"product_cat":[61,841],"product_tag":[66,55,67],"class_list":{"0":"post-6031","1":"product","2":"type-product","3":"status-publish","4":"has-post-thumbnail","6":"product_brand-edelrid","7":"product_cat-ropes-course-helmets","8":"product_cat-helmets","9":"product_tag-helmets","10":"product_tag-ropes-course","11":"product_tag-ppe","13":"first","14":"instock","15":"taxable","16":"shipping-taxable","17":"purchasable","18":"product-type-variable","19":"has-default-attributes"},"_links":{"self":[{"href":"https:\/\/thrillsyndicate.com\/de\/wp-json\/wp\/v2\/product\/6031","targetHints":{"allow":["GET"]}}],"collection":[{"href":"https:\/\/thrillsyndicate.com\/de\/wp-json\/wp\/v2\/product"}],"about":[{"href":"https:\/\/thrillsyndicate.com\/de\/wp-json\/wp\/v2\/types\/product"}],"wp:featuredmedia":[{"embeddable":true,"href":"https:\/\/thrillsyndicate.com\/de\/wp-json\/wp\/v2\/media\/9496"}],"wp:attachment":[{"href":"https:\/\/thrillsyndicate.com\/de\/wp-json\/wp\/v2\/media?parent=6031"}],"wp:term":[{"taxonomy":"product_brand","embeddable":true,"href":"https:\/\/thrillsyndicate.com\/de\/wp-json\/wp\/v2\/product_brand?post=6031"},{"taxonomy":"product_cat","embeddable":true,"href":"https:\/\/thrillsyndicate.com\/de\/wp-json\/wp\/v2\/product_cat?post=6031"},{"taxonomy":"product_tag","embeddable":true,"href":"https:\/\/thrillsyndicate.com\/de\/wp-json\/wp\/v2\/product_tag?post=6031"}],"curies":[{"name":"wp","href":"https:\/\/api.w.org\/{rel}","templated":true}]}}