{"id":6041,"date":"2022-03-23T17:42:21","date_gmt":"2022-03-23T16:42:21","guid":{"rendered":"https:\/\/thrillsyndicate.com\/shop\/edelrid-interstatic-protect-110mm-statisches-seil\/"},"modified":"2025-07-17T18:04:27","modified_gmt":"2025-07-17T16:04:27","slug":"edelrid-interstatic-protect-11mm","status":"publish","type":"product","link":"https:\/\/thrillsyndicate.com\/de\/product\/edelrid-interstatic-protect-11mm\/","title":{"rendered":"Edelrid Interstatic Protect 11,0 mm &#8211; Statisches Seil"},"content":{"rendered":"<p>Der Interstatic Protect 11.0mm von Edelrid ist perfekt f\u00fcr dich, wenn du Wert auf hohe Sicherheit, Langlebigkeit und Handling legst. Das Statikseil hat nicht nur niedrige Dehnungswerte, sondern ist auch mit einer speziellen Technologie ausgestattet, die die Widerstandsf\u00e4higkeit gegen \u00e4u\u00dfere Einfl\u00fcsse erh\u00f6ht. W\u00e4hrend des Flechtprozesses werden Aramidfasern in den Mantel geflochten, wodurch sich die Schnittfestigkeit im Vergleich zu herk\u00f6mmlichen statischen Seilen fast verdoppelt. Damit ist das Seil der perfekte Begleiter f\u00fcr Industriekletterer und f\u00fcr W\u00e4nde mit vielen scharfen Kanten.<\/p>\n<p>Zus\u00e4tzlich erm\u00f6glicht ein ColorTec-Verfahren, also eine gut sichtbare Flechtung in der Mitte des Seils, eine deutliche Unterscheidung der beiden H\u00e4lften und der Mitte des Seils. Und die Thermo-Shield-Behandlung wurde verwendet, um die Kern- und Mantelgarne miteinander zu kombinieren, um hervorragende Gleiteigenschaften zu gew\u00e4hrleisten und das Schrumpfen des Seils zu verhindern.<\/p>\n<p>Achtung: Das Seil ersetzt keinen ausreichenden Kantenschutz!<\/p>\n<h2>Spezifikationen<\/h2>\n<ul>\n<li><strong>L\u00e4nge<\/strong> 50, 100, 200 m<\/li>\n<li><strong>Durchmesser<\/strong> 11,0 mm<\/li>\n<li><strong>Seiltyp<\/strong> A<\/li>\n<li><strong>Gewicht\/<\/strong> <b>Meter<\/b> 77 g\/m<\/li>\n<li><strong>Mindest. Bruchlast<\/strong> 35 kN<\/li>\n<li><strong>Mindest. Bruchlast bei Achterknoten<\/strong> 20 kN<\/li>\n<li><strong>Statische Dehnung<\/strong> 2,0 %<\/li>\n<li><strong>Mantelschlupf<\/strong> 0 mm<\/li>\n<li><strong>Mantelanteil<\/strong> 57 %<\/li>\n<li><strong>Schwindung H20<\/strong> 3,8 %<\/li>\n<li><strong>Knotbarkeit<\/strong> 1,0<\/li>\n<li><strong>Maschinentyp<\/strong> 40<\/li>\n<li><strong>Material (Mantel\/Kern)<\/strong> PA\/PA\/Aramid<\/li>\n<li><strong>Zertifizierung<\/strong> EN 1891 Typ A<\/li>\n<\/ul>\n<h3 class=\"western\">\ud83d\udc49 Sie suchen einen bestimmten Edelrid-Artikel, der nicht im Shop gelistet ist? Wir vertreiben das komplette Portfolio f\u00fcr Abenteuer, Sport und Sicherheit. Bitte <strong><a href=\"https:\/\/thrillsyndicate.com\/de\/kontakt\/\">senden Sie<\/a><\/strong> uns eine E-Mail oder sehen Sie sich die vollst\u00e4ndige <strong><a href=\"https:\/\/thrillsyndicate.com\/edelrid-safety-price-list-2025\/\">Sicherheitspreisliste hier<\/a><\/strong>. \ud83d\udc48<\/h3>\n","protected":false},"excerpt":{"rendered":"<p>Das <strong>INTERSTATIC PROTECT<\/strong> ist das erste Statikseil mit integriertem Schnittschutz. M\u00f6glich wird dies, indem hochfeste Aramidfasern w\u00e4hrend des Flechtprozesses in den Seilmantel integriert werden und die Schnittfestigkeit des Seils um ein Vielfaches erh\u00f6hen. Diese Eigenschaften machen das <strong>INTERSTATIC PROTECT<\/strong> zum Seil der Wahl f\u00fcr alle Anwendungen, bei denen die Gefahr von scharfen Kanten besteht oder bei denen ein zus\u00e4tzlicher Sicherheitsabstand erw\u00fcnscht ist.<\/p>\n","protected":false},"featured_media":12991,"template":"","meta":{"_coblocks_attr":"","_coblocks_dimensions":"","_coblocks_responsive_height":"","_coblocks_accordion_ie_support":"","wds_primary_product_brand":0,"wds_primary_product_cat":0},"product_brand":[62],"product_cat":[812,844],"product_tag":[93,815,177],"class_list":{"0":"post-6041","1":"product","2":"type-product","3":"status-publish","4":"has-post-thumbnail","6":"product_brand-edelrid","7":"product_cat-ropes","8":"product_cat-professional-ropes","9":"product_tag-descent-rescue","10":"product_tag-rope","11":"product_tag-static-rope","13":"first","14":"instock","15":"taxable","16":"shipping-taxable","17":"purchasable","18":"product-type-variable","19":"has-default-attributes"},"_links":{"self":[{"href":"https:\/\/thrillsyndicate.com\/de\/wp-json\/wp\/v2\/product\/6041","targetHints":{"allow":["GET"]}}],"collection":[{"href":"https:\/\/thrillsyndicate.com\/de\/wp-json\/wp\/v2\/product"}],"about":[{"href":"https:\/\/thrillsyndicate.com\/de\/wp-json\/wp\/v2\/types\/product"}],"wp:featuredmedia":[{"embeddable":true,"href":"https:\/\/thrillsyndicate.com\/de\/wp-json\/wp\/v2\/media\/12991"}],"wp:attachment":[{"href":"https:\/\/thrillsyndicate.com\/de\/wp-json\/wp\/v2\/media?parent=6041"}],"wp:term":[{"taxonomy":"product_brand","embeddable":true,"href":"https:\/\/thrillsyndicate.com\/de\/wp-json\/wp\/v2\/product_brand?post=6041"},{"taxonomy":"product_cat","embeddable":true,"href":"https:\/\/thrillsyndicate.com\/de\/wp-json\/wp\/v2\/product_cat?post=6041"},{"taxonomy":"product_tag","embeddable":true,"href":"https:\/\/thrillsyndicate.com\/de\/wp-json\/wp\/v2\/product_tag?post=6041"}],"curies":[{"name":"wp","href":"https:\/\/api.w.org\/{rel}","templated":true}]}}