{"id":6050,"date":"2022-03-27T18:39:35","date_gmt":"2022-03-27T16:39:35","guid":{"rendered":"https:\/\/thrillsyndicate.com\/shop\/edelrid-hot-knife-seilschneider\/"},"modified":"2025-07-17T17:56:08","modified_gmt":"2025-07-17T15:56:08","slug":"edelrid-hot-knife-rope-cutter","status":"publish","type":"product","link":"https:\/\/thrillsyndicate.com\/de\/product\/edelrid-hot-knife-rope-cutter\/","title":{"rendered":"Edelrid | Hot Knife Seilschneider"},"content":{"rendered":"<p>Messer zum Schneiden von Seilen oder Klinge zum Hei\u00dfschneiden und Schmelzen von Seilen, Streifen, Textilien. Das Edelrid-Messer schneidet sch\u00f6n und einfach das Seil ab und macht es fertig. Dieses Ger\u00e4t zum Hei\u00dfschneiden und Schmelzen von synthetischen Seilen, B\u00e4ndern und anderen textilen Stoffen ist unverzichtbar in Gesch\u00e4ften mit solchem Material, meist von Handwerkern, die sich mit Textilien und Seilen, Gleitschirmfliegen, Heimdekorationswerkst\u00e4tten besch\u00e4ftigen &#8230; verwendbar, wenn Sie schneiden m\u00fcssen sch\u00f6n und fertig ein Seil, ein Band, ein Tuch.<\/p>\n<h3>Edelrid Schneideger\u00e4t f\u00fcr Seile:<\/h3>\n<ul>\n<li>Schnelles Abschneiden und feines Finish von Kunststoffseilen, B\u00e4ndern,&#8230;<\/li>\n<li>Schnelles Abschneiden und sch\u00f6nes Veredeln synthetischer Textilfasern (Herstellung von Fahnen, Fallschirmen, Innendekoration,&#8230;)<\/li>\n<li>Gewicht: 1200 gr<\/li>\n<li>Zertifikat: EN 354, EN 566<\/li>\n<\/ul>\n<h3 class=\"western\">\ud83d\udc49 Sie suchen einen bestimmten Edelrid-Artikel, der nicht im Shop gelistet ist? Wir vertreiben das komplette Portfolio f\u00fcr Abenteuer, Sport und Sicherheit. Bitte <strong><a href=\"https:\/\/thrillsyndicate.com\/de\/kontakt\/\">senden Sie<\/a><\/strong> uns eine E-Mail oder sehen Sie sich die vollst\u00e4ndige <strong><a href=\"https:\/\/thrillsyndicate.com\/edelrid-safety-price-list-2025\/\">Sicherheitspreisliste hier<\/a><\/strong>. \ud83d\udc48<\/h3>\n","protected":false},"excerpt":{"rendered":"<p>Das Edelrid Hei\u00dfschneideger\u00e4t zum Schneiden und Schmelzen von synthetischen Seilen, B\u00e4ndern und anderen textilen Fl\u00e4chengebilden.<\/p>\n","protected":false},"featured_media":3843,"template":"","meta":{"_coblocks_attr":"","_coblocks_dimensions":"","_coblocks_responsive_height":"","_coblocks_accordion_ie_support":"","wds_primary_product_brand":0,"wds_primary_product_cat":0},"product_brand":[62],"product_cat":[160],"product_tag":[164,165],"class_list":{"0":"post-6050","1":"product","2":"type-product","3":"status-publish","4":"has-post-thumbnail","6":"product_brand-edelrid","7":"product_cat-ropes-carabiners","8":"product_tag-rope-cutter","9":"product_tag-rope-accessories","11":"first","12":"instock","13":"taxable","14":"shipping-taxable","15":"purchasable","16":"product-type-simple"},"_links":{"self":[{"href":"https:\/\/thrillsyndicate.com\/de\/wp-json\/wp\/v2\/product\/6050","targetHints":{"allow":["GET"]}}],"collection":[{"href":"https:\/\/thrillsyndicate.com\/de\/wp-json\/wp\/v2\/product"}],"about":[{"href":"https:\/\/thrillsyndicate.com\/de\/wp-json\/wp\/v2\/types\/product"}],"wp:featuredmedia":[{"embeddable":true,"href":"https:\/\/thrillsyndicate.com\/de\/wp-json\/wp\/v2\/media\/3843"}],"wp:attachment":[{"href":"https:\/\/thrillsyndicate.com\/de\/wp-json\/wp\/v2\/media?parent=6050"}],"wp:term":[{"taxonomy":"product_brand","embeddable":true,"href":"https:\/\/thrillsyndicate.com\/de\/wp-json\/wp\/v2\/product_brand?post=6050"},{"taxonomy":"product_cat","embeddable":true,"href":"https:\/\/thrillsyndicate.com\/de\/wp-json\/wp\/v2\/product_cat?post=6050"},{"taxonomy":"product_tag","embeddable":true,"href":"https:\/\/thrillsyndicate.com\/de\/wp-json\/wp\/v2\/product_tag?post=6050"}],"curies":[{"name":"wp","href":"https:\/\/api.w.org\/{rel}","templated":true}]}}