{"id":6055,"date":"2022-04-11T17:26:50","date_gmt":"2022-04-11T15:26:50","guid":{"rendered":"https:\/\/thrillsyndicate.com\/shop\/isc-arc-anti-rollback-kamera\/"},"modified":"2025-08-30T13:56:45","modified_gmt":"2025-08-30T11:56:45","slug":"isc-arc-anti-rollback-cam","status":"publish","type":"product","link":"https:\/\/thrillsyndicate.com\/de\/product\/isc-arc-anti-rollback-cam\/","title":{"rendered":"ISC ARC | Anti-Rollback-Cam"},"content":{"rendered":"<p>Mangelndes Fahrergewicht und\/oder Umgebungsbedingungen wie Gegen-\/Seitenwind k\u00f6nnen dazu f\u00fchren, dass der Zipline-Trolley kurz vor dem Ende der Zipline stoppt. Der Zipline-Trolley kann dann r\u00fcckw\u00e4rts rollen, wodurch der Fahrer weiter drau\u00dfen entlang der Zipline gestrandet bleibt. Dies kann dazu f\u00fchren, dass der Bediener lange, zeitaufw\u00e4ndige und kostspielige Rettungsaktionen durchf\u00fchrt!<\/p>\n<p>Die Anti-Rollback-Cam (ARC) ist eine einfache Vorrichtung, die an den ISC Zipspeed- und Seilrollen nachger\u00fcstet werden kann. Bei normalem Gebrauch schleppt sich der ARC nach, sodass der Trolley ungehindert vorw\u00e4rts rollen kann. Sobald der Trolley r\u00fcckw\u00e4rts zu rollen beginnt, wird die ARC aktiviert und bringt den Trolley sofort zum Stehen. Diese Anti-Roll-Back-Funktion erfasst die Fortbewegung des Trolleys, was bedeutet, dass selbst wenn der Trolley das Ende der Seilrutsche nicht erreicht, ein Zur\u00fcckrollen verhindert wird. Rettungsdistanz, -zeit und -kosten werden deutlich reduziert.<\/p>\n<ul>\n<li>Stoppt alle R\u00fcckw\u00e4rtsbewegungen (unabh\u00e4ngig davon, ob sie durch Rollen oder Rutschen der R\u00e4der verursacht werden)<\/li>\n<li>Gefertigt aus massivem Aluminium mit harteloxierter Oberfl\u00e4che<\/li>\n<li>Effektiver und kosteng\u00fcnstiger als Einweglager<\/li>\n<li>Nachr\u00fcstbar an bestehenden RP074\/RP075\/RP076 ISC Trolleys (vor Ort)<\/li>\n<li>Die RP075 und RP076 ARC k\u00f6nnen mit dem federbelasteten Verriegelungsknopf gel\u00f6st werden<\/li>\n<li>Kann mit Bremssystemen verwendet werden<\/li>\n<li>Gewicht 174g<\/li>\n<\/ul>\n<p><iframe loading=\"lazy\" title=\"ISC ARC Anti Rollback Cam for ZipSpeed and Zippey Trolleys\" width=\"980\" height=\"551\" src=\"https:\/\/www.youtube.com\/embed\/E6e11JBaVjg?feature=oembed\" frameborder=\"0\" allow=\"accelerometer; autoplay; clipboard-write; encrypted-media; gyroscope; picture-in-picture\" allowfullscreen><\/iframe><\/p>\n","protected":false},"excerpt":{"rendered":"<p>Eine einfache Vorrichtung, die an den ISC Zipspeed und Zippey Seilrollen nachger\u00fcstet werden kann und verhindert, dass der Fahrer r\u00fcckw\u00e4rts die Seilbahn hinunterrollt. W\u00e4hrend des normalen Gebrauchs l\u00e4uft die Nocke nach, sodass der Trolley ungehindert vorw\u00e4rts rollen kann. Sobald der Trolley jedoch r\u00fcckw\u00e4rts zu rollen beginnt, wird die Nocke aktiviert und bringt den Trolley sofort zum Stehen. Diese Anti-Rollback-Funktion erfasst den Fortschritt des Trolleys, was bedeutet, dass selbst wenn der Trolley das Ende der Zipline nicht erreicht, er nicht zur\u00fcckrollen kann und somit die Rettungsstrecke (und damit die Rettungszeit) erheblich verk\u00fcrzt wird.<\/p>\n","protected":false},"featured_media":4542,"template":"","meta":{"_coblocks_attr":"","_coblocks_dimensions":"","_coblocks_responsive_height":"","_coblocks_accordion_ie_support":"","wds_primary_product_brand":0,"wds_primary_product_cat":0},"product_brand":[171],"product_cat":[68],"product_tag":[36,37],"class_list":{"0":"post-6055","1":"product","2":"type-product","3":"status-publish","4":"has-post-thumbnail","6":"product_brand-isc","7":"product_cat-zipline-trolleys","8":"product_tag-zipline","9":"product_tag-zipline-trolley","11":"first","12":"instock","13":"taxable","14":"shipping-taxable","15":"purchasable","16":"product-type-variable"},"_links":{"self":[{"href":"https:\/\/thrillsyndicate.com\/de\/wp-json\/wp\/v2\/product\/6055","targetHints":{"allow":["GET"]}}],"collection":[{"href":"https:\/\/thrillsyndicate.com\/de\/wp-json\/wp\/v2\/product"}],"about":[{"href":"https:\/\/thrillsyndicate.com\/de\/wp-json\/wp\/v2\/types\/product"}],"wp:featuredmedia":[{"embeddable":true,"href":"https:\/\/thrillsyndicate.com\/de\/wp-json\/wp\/v2\/media\/4542"}],"wp:attachment":[{"href":"https:\/\/thrillsyndicate.com\/de\/wp-json\/wp\/v2\/media?parent=6055"}],"wp:term":[{"taxonomy":"product_brand","embeddable":true,"href":"https:\/\/thrillsyndicate.com\/de\/wp-json\/wp\/v2\/product_brand?post=6055"},{"taxonomy":"product_cat","embeddable":true,"href":"https:\/\/thrillsyndicate.com\/de\/wp-json\/wp\/v2\/product_cat?post=6055"},{"taxonomy":"product_tag","embeddable":true,"href":"https:\/\/thrillsyndicate.com\/de\/wp-json\/wp\/v2\/product_tag?post=6055"}],"curies":[{"name":"wp","href":"https:\/\/api.w.org\/{rel}","templated":true}]}}