{"id":6058,"date":"2022-04-04T14:59:28","date_gmt":"2022-04-04T12:59:28","guid":{"rendered":"https:\/\/thrillsyndicate.com\/shop\/pinzettenschluessel-fuer-lockd-clips\/"},"modified":"2025-08-30T14:04:05","modified_gmt":"2025-08-30T12:04:05","slug":"tweezle-schlussel-fur-lockd-clips","status":"publish","type":"product","link":"https:\/\/thrillsyndicate.com\/de\/product\/tweezle-schlussel-fur-lockd-clips\/","title":{"rendered":"Tweezle Schl\u00fcssel f\u00fcr LockD Clips"},"content":{"rendered":"<p>Sobald ein Gast einen Parcours betritt, kann der Tweezle Key den Fluss lenken und verhindern, dass er den falschen Weg einschl\u00e4gt.<br \/>\nDer Tweezle Key verhindert au\u00dferdem, dass sich die G\u00e4ste an etwas anderem als dem Sicherungsseil festklammern und garantiert, dass die G\u00e4ste angeschnallt bleiben, bis sie wieder auf dem Boden sind.  Verkauft pro 10 St\u00fcck, verschiedene Farben erh\u00e4ltlich. Erh\u00e4ltlich in rot, gelb, blau, gr\u00fcn oder schwarz. Wir verwenden verschiedene Farben, um auf Dinge wie \u201edas ist eine Seilrutsche\u201c hinzuweisen. https:\/\/youtu.be\/RwcDV2D4mRw<\/p>\n","protected":false},"excerpt":{"rendered":"<p>Der Tweezle Key ist der &#8222;Schl\u00fcssel&#8220; zum LockD Clips-Sicherungssystem.<br \/>\nBefestigen Sie einen Tweezle Key an einem 10mm (3\/8&#8243;) oder 12mm (1\/2&#8243;) Sicherungsseil und lassen Sie die G\u00e4ste ihre Karabiner mit dem Seil &#8222;verschlie\u00dfen&#8220;. <\/p>\n","protected":false},"featured_media":4458,"template":"","meta":{"_coblocks_attr":"","_coblocks_dimensions":"","_coblocks_responsive_height":"","_coblocks_accordion_ie_support":"","wds_primary_product_brand":0,"wds_primary_product_cat":0},"product_brand":[97],"product_cat":[51],"product_tag":[55,54,67],"class_list":{"0":"post-6058","1":"product","2":"type-product","3":"status-publish","4":"has-post-thumbnail","6":"product_brand-lockd-clips-continuous-self-belay-system","7":"product_cat-lockd-belay-system","8":"product_tag-ropes-course","9":"product_tag-continuous-belay","10":"product_tag-ppe","12":"first","13":"instock","14":"taxable","15":"shipping-taxable","16":"purchasable","17":"product-type-variable"},"_links":{"self":[{"href":"https:\/\/thrillsyndicate.com\/de\/wp-json\/wp\/v2\/product\/6058","targetHints":{"allow":["GET"]}}],"collection":[{"href":"https:\/\/thrillsyndicate.com\/de\/wp-json\/wp\/v2\/product"}],"about":[{"href":"https:\/\/thrillsyndicate.com\/de\/wp-json\/wp\/v2\/types\/product"}],"wp:featuredmedia":[{"embeddable":true,"href":"https:\/\/thrillsyndicate.com\/de\/wp-json\/wp\/v2\/media\/4458"}],"wp:attachment":[{"href":"https:\/\/thrillsyndicate.com\/de\/wp-json\/wp\/v2\/media?parent=6058"}],"wp:term":[{"taxonomy":"product_brand","embeddable":true,"href":"https:\/\/thrillsyndicate.com\/de\/wp-json\/wp\/v2\/product_brand?post=6058"},{"taxonomy":"product_cat","embeddable":true,"href":"https:\/\/thrillsyndicate.com\/de\/wp-json\/wp\/v2\/product_cat?post=6058"},{"taxonomy":"product_tag","embeddable":true,"href":"https:\/\/thrillsyndicate.com\/de\/wp-json\/wp\/v2\/product_tag?post=6058"}],"curies":[{"name":"wp","href":"https:\/\/api.w.org\/{rel}","templated":true}]}}