{"id":6080,"date":"2022-04-14T17:56:12","date_gmt":"2022-04-14T15:56:12","guid":{"rendered":"https:\/\/thrillsyndicate.com\/shop\/isk-d4-arbeits-rettungs-abseilgeraet\/"},"modified":"2025-08-29T15:34:44","modified_gmt":"2025-08-29T13:34:44","slug":"isc-d4-work-rescue-descender","status":"publish","type":"product","link":"https:\/\/thrillsyndicate.com\/de\/product\/isc-d4-work-rescue-descender\/","title":{"rendered":"ISC D4 | Arbeit\/Rettung Abseilger\u00e4t"},"content":{"rendered":"<p>Der D4 ist ein Doppelstopper mit einer automatischen Verriegelungsfunktion (die aktiviert wird, sobald der Bediener den Griff losl\u00e4sst) und einer Panikbremse, die im normalen Gebrauch nicht \u00fcberm\u00e4\u00dfig empfindlich ist.<\/p>\n<p>Der D4 Nocken ist aus einem superharten massiven Edelstahl gefertigt und ist sehr verschlei\u00df- und korrosionsbest\u00e4ndig. Das D4 entspricht den CE-Normen, NFPA T und ANSI Z359.4 f\u00fcr die weltweiten Seilzugangs- und Rettungsm\u00e4rkte, die normalerweise 10,5 mm\/11 mm Seile verwenden.<\/p>\n<p>Das D4 Abseilger\u00e4t verf\u00fcgt \u00fcber einen einzigartigen und innovativen progressiven Nockenmechanismus, der Kontrolle bei langsamen oder schnellen Geschwindigkeiten bietet. Die progressive Nocke funktioniert, indem eine Nocke in einer anderen Nocke arbeitet. Es ist auch einfach, das Seil durch das D4 zur\u00fcckzuf\u00fchren, und daher kann es f\u00fcr einen reibungslosen Aufstieg oder f\u00fcr den Notzug (bei Verwendung als Teil eines 2: 1-Z-Rigs) verwendet werden.<\/p>\n<p>Das D4 hat eine Nennlast von 240 kg (529 lb), was es zu einem echten Arbeits-\/Rettungsabseilger\u00e4t macht. Es ist nicht notwendig, zus\u00e4tzliche Reibung einzubauen, um diese Belastungen zu erreichen, obwohl dies f\u00fcr ein noch h\u00f6heres Ma\u00df an Kontrolle bei Sicherungsanwendungen n\u00fctzlich sein kann. Das Mindestgewicht des Benutzers betr\u00e4gt 60 kg (132 lb).<\/p>\n<div class=\"clearfix\"><\/div>\n<h2>Technische Information<\/h2>\n<p class=\"clsTechSpecs\"><strong>Kompatibel mit Seildurchmesser (mm):<\/strong> 10,5-11,5 mm (7\/16&#8243;)<br \/>\n<strong>Panikbremse:<\/strong> Ja<br \/>\n<strong>Personenzahl:<\/strong> 2<br \/>\nSchlupflast <strong>:<\/strong> 5 kN<br \/>\nMaximales <strong>Benutzergewicht:<\/strong> 240 kg (530 lbs)<br \/>\n<strong>(WLL) Arbeitsbelastungsgrenze (kg):<\/strong> 240<br \/>\n<strong>(WLL) Arbeitsbelastungsgrenze (lbs):<\/strong> 529<br \/>\n<strong>ANSI-konforme Version:<\/strong> Als Standard<br \/>\n<strong>Seriennummerierung:<\/strong> Serienm\u00e4\u00dfig<br \/>\n<strong>EZYiD:<\/strong> Auf Anfrage erh\u00e4ltlich<br \/>\n<strong>Nockenmaterial:<\/strong> Edelstahl<br \/>\nAusf\u00fchrung <strong>:<\/strong> Eloxiert<\/p>\n<h3>Anerkannte Normen<\/h3>\n<p>EN12841, &#8211; erf\u00fcllt die Anforderungen von ANSI Z359, NFPA 1983<\/p>\n<p>&nbsp;<\/p>\n","protected":false},"excerpt":{"rendered":"<p>Das NEUE Arbeits-\/Rettungs-Abseilger\u00e4t D4 verf\u00fcgt \u00fcber eine einzigartige und innovative progressive Nockenfunktion, die eine pr\u00e4zise Kontrolle bei langsamen oder schnellen Geschwindigkeiten bietet. Die progressive Nocke funktioniert, indem eine Nocke in einer anderen arbeitet, um einen mechanischen Vorteil und eine sanftere Steuerung zu bieten.<\/p>\n","protected":false},"featured_media":4569,"template":"","meta":{"_coblocks_attr":"","_coblocks_dimensions":"","_coblocks_responsive_height":"","_coblocks_accordion_ie_support":"","wds_primary_product_brand":0,"wds_primary_product_cat":0},"product_brand":[171],"product_cat":[92,840],"product_tag":[811,93,55],"class_list":{"0":"post-6080","1":"product","2":"type-product","3":"status-publish","4":"has-post-thumbnail","6":"product_brand-isc","7":"product_cat-descent-rescue-devices","8":"product_cat-descenders","9":"product_tag-descender","10":"product_tag-descent-rescue","11":"product_tag-ropes-course","13":"first","14":"instock","15":"taxable","16":"shipping-taxable","17":"purchasable","18":"product-type-simple"},"_links":{"self":[{"href":"https:\/\/thrillsyndicate.com\/de\/wp-json\/wp\/v2\/product\/6080","targetHints":{"allow":["GET"]}}],"collection":[{"href":"https:\/\/thrillsyndicate.com\/de\/wp-json\/wp\/v2\/product"}],"about":[{"href":"https:\/\/thrillsyndicate.com\/de\/wp-json\/wp\/v2\/types\/product"}],"wp:featuredmedia":[{"embeddable":true,"href":"https:\/\/thrillsyndicate.com\/de\/wp-json\/wp\/v2\/media\/4569"}],"wp:attachment":[{"href":"https:\/\/thrillsyndicate.com\/de\/wp-json\/wp\/v2\/media?parent=6080"}],"wp:term":[{"taxonomy":"product_brand","embeddable":true,"href":"https:\/\/thrillsyndicate.com\/de\/wp-json\/wp\/v2\/product_brand?post=6080"},{"taxonomy":"product_cat","embeddable":true,"href":"https:\/\/thrillsyndicate.com\/de\/wp-json\/wp\/v2\/product_cat?post=6080"},{"taxonomy":"product_tag","embeddable":true,"href":"https:\/\/thrillsyndicate.com\/de\/wp-json\/wp\/v2\/product_tag?post=6080"}],"curies":[{"name":"wp","href":"https:\/\/api.w.org\/{rel}","templated":true}]}}