{"id":6088,"date":"2022-03-25T17:02:22","date_gmt":"2022-03-25T16:02:22","guid":{"rendered":"https:\/\/thrillsyndicate.com\/shop\/edelrid-safe-descent-pro-abstiegs-und-rettungsgeraet\/"},"modified":"2025-07-24T14:36:50","modified_gmt":"2025-07-24T12:36:50","slug":"edelrid-safe-descent-pro-descent-rettungsgeraet","status":"publish","type":"product","link":"https:\/\/thrillsyndicate.com\/de\/product\/edelrid-safe-descent-pro-descent-rettungsgeraet\/","title":{"rendered":"Edelrid Safe Descent Pro | Abstiegs- und Rettungsger\u00e4t"},"content":{"rendered":"<p>Mit einer Windenfunktion ist das Safe Descent Pro ein vielseitiges Abseil- und Rettungsger\u00e4t. Es kann entweder elektrisch (mit Akku-Bohrschrauber) oder manuell (mit Bohrmaschine) (mit Ratsche oder Handrad) verwendet werden. Die Windenfunktion mit innovativer R\u00fccklaufsperre erm\u00f6glicht das Heben von Personen und entlastet gleichzeitig die Sicherungskette f\u00fcr ein sicheres Ablassen.<\/p>\n<p><img loading=\"lazy\" decoding=\"async\" class=\"size-full wp-image-1246 alignleft\" src=\"https:\/\/thrillsyndicate.com\/wp-content\/uploads\/2022\/03\/ED_bild-1_Safe-descent-pro.jpg\" alt=\"Edelrid Safe Descent Pro\" width=\"1250\" height=\"498\" srcset=\"https:\/\/thrillsyndicate.com\/wp-content\/uploads\/2022\/03\/ED_bild-1_Safe-descent-pro.jpg 1250w, https:\/\/thrillsyndicate.com\/wp-content\/uploads\/2022\/03\/ED_bild-1_Safe-descent-pro-458x182.jpg 458w, https:\/\/thrillsyndicate.com\/wp-content\/uploads\/2022\/03\/ED_bild-1_Safe-descent-pro-300x120.jpg 300w, https:\/\/thrillsyndicate.com\/wp-content\/uploads\/2022\/03\/ED_bild-1_Safe-descent-pro-1024x408.jpg 1024w, https:\/\/thrillsyndicate.com\/wp-content\/uploads\/2022\/03\/ED_bild-1_Safe-descent-pro-768x306.jpg 768w, https:\/\/thrillsyndicate.com\/wp-content\/uploads\/2022\/03\/ED_bild-1_Safe-descent-pro-100x40.jpg 100w\" sizes=\"auto, (max-width: 1250px) 100vw, 1250px\" \/><\/p>\n<h2>Spezifikationen<\/h2>\n<ul>\n<li>Automatische R\u00fccklaufsperre (Ratschensystem) f\u00fcr sicheres Entleeren<\/li>\n<li>Zugelassen f\u00fcr Doppelbelegung<\/li>\n<li>Rutschkupplung gegen Fehlbedienung<\/li>\n<li>Vorkonfektioniert mit 10,5 mm Kernmantelseil mit zertifizierten Endverbindungen und Farbcodierung an den Seilenden<\/li>\n<li>Optionaler Rucksack f\u00fcr Aufbewahrung und Transport erh\u00e4ltlich (Canyoneer Bag 45)<\/li>\n<li>Windenfunktion mit Teleskopratsche oder Handrad m\u00f6glich<\/li>\n<li>Kann mit einem Akku-Bohrschrauber betrieben werden<\/li>\n<li>2 eingen\u00e4hte DSG-Stahlkarabiner mit Handballenquetschmechanismus in den Abschl\u00fcssen<\/li>\n<li>1 Triple-Lock-Karabiner mit integriertem Wirbel zum Aufh\u00e4ngen des Ger\u00e4ts<\/li>\n<li>Inklusive Ratsche, Bohrer und Bohrerhalter<\/li>\n<li>max. Benutzergewicht: 200 kg<\/li>\n<li>max. Abstiegsstrecke: 160 m<\/li>\n<li>Zugelassener Seildurchmesser: 10,5 mm<\/li>\n<li>Zertifizierung : EN 1496: 2006 \/ B<\/li>\n<li>Zertifizierung : EN 341: 2011 \/1A (100kg) 1B (200kg)<\/li>\n<li>Herkunftsland: Deutschland<\/li>\n<\/ul>\n<p><iframe loading=\"lazy\" title=\"Edelrid Safe Descent\" width=\"980\" height=\"551\" src=\"https:\/\/www.youtube.com\/embed\/vkxQMkfBa5g?feature=oembed\" frameborder=\"0\" allow=\"accelerometer; autoplay; clipboard-write; encrypted-media; gyroscope; picture-in-picture\" allowfullscreen><\/iframe><\/p>\n<h3 class=\"western\">\ud83d\udc49 Sie suchen einen bestimmten Edelrid-Artikel, der nicht im Shop gelistet ist? Wir vertreiben das komplette Portfolio f\u00fcr Abenteuer, Sport und Sicherheit. Bitte <strong><a href=\"https:\/\/thrillsyndicate.com\/de\/kontakt\/\">senden Sie<\/a><\/strong> uns eine E-Mail oder sehen Sie sich die vollst\u00e4ndige <strong><a href=\"https:\/\/thrillsyndicate.com\/edelrid-safety-price-list-2025\/\">Sicherheitspreisliste hier<\/a><\/strong>. \ud83d\udc48<\/h3>\n","protected":false},"excerpt":{"rendered":"<p>Das Edelrid Safe Descent Pro ist ein vielseitiges Abseil- und Rettungsger\u00e4t mit Windenfunktion. Er kann elektrisch (Akku-Bohrschrauber), pneumatisch (Ratsche) oder manuell (Handrad) betrieben werden. Die Windenfunktion mit patentierter R\u00fccklaufsperre erm\u00f6glicht das Anheben von Personen bzw. die f\u00fcr das anschlie\u00dfende sichere Ablassen erforderliche Zugentlastung der Sicherungskette.<\/p>\n","protected":false},"featured_media":15039,"template":"","meta":{"_coblocks_attr":"","_coblocks_dimensions":"","_coblocks_responsive_height":"","_coblocks_accordion_ie_support":"","wds_primary_product_brand":0,"wds_primary_product_cat":0},"product_brand":[62],"product_cat":[92,840],"product_tag":[903,539,911,427,436],"class_list":{"0":"post-6088","1":"product","2":"type-product","3":"status-publish","4":"has-post-thumbnail","6":"product_brand-edelrid","7":"product_cat-descent-rescue-devices","8":"product_cat-descenders","9":"product_tag-abseilgerate","10":"product_tag-abstieg-rettung","11":"product_tag-gerustbau","12":"product_tag-hochseilgarten","13":"product_tag-seilrutsche","15":"first","16":"instock","17":"taxable","18":"shipping-taxable","19":"purchasable","20":"product-type-variable","21":"has-default-attributes"},"_links":{"self":[{"href":"https:\/\/thrillsyndicate.com\/de\/wp-json\/wp\/v2\/product\/6088","targetHints":{"allow":["GET"]}}],"collection":[{"href":"https:\/\/thrillsyndicate.com\/de\/wp-json\/wp\/v2\/product"}],"about":[{"href":"https:\/\/thrillsyndicate.com\/de\/wp-json\/wp\/v2\/types\/product"}],"wp:featuredmedia":[{"embeddable":true,"href":"https:\/\/thrillsyndicate.com\/de\/wp-json\/wp\/v2\/media\/15039"}],"wp:attachment":[{"href":"https:\/\/thrillsyndicate.com\/de\/wp-json\/wp\/v2\/media?parent=6088"}],"wp:term":[{"taxonomy":"product_brand","embeddable":true,"href":"https:\/\/thrillsyndicate.com\/de\/wp-json\/wp\/v2\/product_brand?post=6088"},{"taxonomy":"product_cat","embeddable":true,"href":"https:\/\/thrillsyndicate.com\/de\/wp-json\/wp\/v2\/product_cat?post=6088"},{"taxonomy":"product_tag","embeddable":true,"href":"https:\/\/thrillsyndicate.com\/de\/wp-json\/wp\/v2\/product_tag?post=6088"}],"curies":[{"name":"wp","href":"https:\/\/api.w.org\/{rel}","templated":true}]}}