{"id":6101,"date":"2022-04-04T14:37:39","date_gmt":"2022-04-04T12:37:39","guid":{"rendered":"https:\/\/thrillsyndicate.com\/shop\/entfernungswerkzeug-fuer-lockd-clips\/"},"modified":"2025-08-30T14:03:34","modified_gmt":"2025-08-30T12:03:34","slug":"entfernungswerkzeug-fuer-lockd-clips","status":"publish","type":"product","link":"https:\/\/thrillsyndicate.com\/de\/product\/entfernungswerkzeug-fuer-lockd-clips\/","title":{"rendered":"Entfernungswerkzeug f\u00fcr LockD-Clips"},"content":{"rendered":"<p>Das Entfernungstool f\u00fcr LockD-Clips wird verwendet, um eine Reihe von Clips aus dem Kurs zu entfernen, wenn ein Beta-Fehler aufgetreten ist. Bevor Sie das Entnahmewerkzeug verwenden, sollten Sie regelm\u00e4\u00dfig tweezlen, da sonst die Innereien der LockD Clips besch\u00e4digt werden. <strong>HINWEIS:<\/strong> Nach der Verwendung m\u00fcssen die betroffenen LockD Clips zur Wartung an den H\u00e4ndler zur\u00fcckgegeben werden, bevor sie wieder in Gebrauch genommen werden.<br \/>\nBitte konsultieren Sie die <a title=\"LockD Clips Manual\" href=\"https:\/\/lockdclips.com\/wp-content\/uploads\/2021\/10\/OM_EN_LockDclips_V0201.pdf\" target=\"_blank\" rel=\"noopener\">Betriebsanleitung.<\/a> <iframe loading=\"lazy\" title=\"LockD Clips Tech Tips Using the Removal Tool\" width=\"980\" height=\"551\" src=\"https:\/\/www.youtube.com\/embed\/5XAk17eKDhM?feature=oembed\" frameborder=\"0\" allow=\"accelerometer; autoplay; clipboard-write; encrypted-media; gyroscope; picture-in-picture\" allowfullscreen><\/iframe> <\/p>\n","protected":false},"excerpt":{"rendered":"<p>Das Entfernungstool f\u00fcr LockD-Clips wird verwendet, um eine Reihe von Clips aus dem Kurs zu entfernen, wenn ein Beta-Fehler aufgetreten ist. Bevor Sie das Entnahmewerkzeug verwenden, sollten Sie regelm\u00e4\u00dfig tweezlen, da sonst die Innereien der LockD Clips besch\u00e4digt werden. HINWEIS: Nach der Verwendung m\u00fcssen die betroffenen LockD Clips zur Wartung an den H\u00e4ndler zur\u00fcckgegeben werden, [&hellip;]<\/p>\n","protected":false},"featured_media":4434,"template":"","meta":{"_coblocks_attr":"","_coblocks_dimensions":"","_coblocks_responsive_height":"","_coblocks_accordion_ie_support":"","wds_primary_product_brand":0,"wds_primary_product_cat":0},"product_brand":[97],"product_cat":[51],"product_tag":[55,54,67],"class_list":{"0":"post-6101","1":"product","2":"type-product","3":"status-publish","4":"has-post-thumbnail","6":"product_brand-lockd-clips-continuous-self-belay-system","7":"product_cat-lockd-belay-system","8":"product_tag-ropes-course","9":"product_tag-continuous-belay","10":"product_tag-ppe","12":"first","13":"instock","14":"taxable","15":"shipping-taxable","16":"purchasable","17":"product-type-simple"},"_links":{"self":[{"href":"https:\/\/thrillsyndicate.com\/de\/wp-json\/wp\/v2\/product\/6101","targetHints":{"allow":["GET"]}}],"collection":[{"href":"https:\/\/thrillsyndicate.com\/de\/wp-json\/wp\/v2\/product"}],"about":[{"href":"https:\/\/thrillsyndicate.com\/de\/wp-json\/wp\/v2\/types\/product"}],"wp:featuredmedia":[{"embeddable":true,"href":"https:\/\/thrillsyndicate.com\/de\/wp-json\/wp\/v2\/media\/4434"}],"wp:attachment":[{"href":"https:\/\/thrillsyndicate.com\/de\/wp-json\/wp\/v2\/media?parent=6101"}],"wp:term":[{"taxonomy":"product_brand","embeddable":true,"href":"https:\/\/thrillsyndicate.com\/de\/wp-json\/wp\/v2\/product_brand?post=6101"},{"taxonomy":"product_cat","embeddable":true,"href":"https:\/\/thrillsyndicate.com\/de\/wp-json\/wp\/v2\/product_cat?post=6101"},{"taxonomy":"product_tag","embeddable":true,"href":"https:\/\/thrillsyndicate.com\/de\/wp-json\/wp\/v2\/product_tag?post=6101"}],"curies":[{"name":"wp","href":"https:\/\/api.w.org\/{rel}","templated":true}]}}