{"id":6113,"date":"2022-03-28T09:25:58","date_gmt":"2022-03-28T07:25:58","guid":{"rendered":"https:\/\/thrillsyndicate.com\/shop\/trublue-iq-selbstsicherung-catch-hold\/"},"modified":"2025-08-25T13:10:20","modified_gmt":"2025-08-25T11:10:20","slug":"trublue-iq-plus","status":"publish","type":"product","link":"https:\/\/thrillsyndicate.com\/de\/product\/trublue-iq-plus\/","title":{"rendered":"TRUBLUE iQ+ | Catch &amp; Hold Auto Belay"},"content":{"rendered":"<p><b>Bitte beachten Sie<\/b>, dass der Preis f\u00fcr den <b>TRUBLUE iQ+<\/b> ab dem <b>1. Oktober 2025<\/b> aufgrund der aktuellen weltweiten Zollproblematik <b>steigen<\/b> wird. Um den aktuellen Preis zu erhalten, muss Ihre Bestellung vor dem 1. Oktober 2025 aufgegeben werden und bis zum 30. November 2025 geliefert werden. <\/p>\n<p>TRUBLUE iQ PLUS Auto Belay verf\u00fcgt \u00fcber die catch-and-hold, die Kletterern die n\u00f6tige Ruhe gibt, um Routen zu beenden. Das neue TRUBLUE iQ+ f\u00e4ngt Kletterer nach einem Sturz auf, anstatt sie automatisch auf den Boden abzuseilen.<\/p>\n<p>Das TRUBLUE iQ+ ist der gr\u00f6\u00dfte Fortschritt in der Innovation der Selbstsicherung seit mehr als zehn Jahren. Das iQ+ ist das erste und einzige Selbstsicherung, das modernste Funktionen wie die catch-and-hold und IoT-Kompatibilit\u00e4t bietet. Es ist sowohl f\u00fcr Kletterw\u00e4nde in der Halle als auch im Freien geeignet.<\/p>\n<p><strong>Das TRUBLUE iQ+ ist in zwei Gurtbandl\u00e4ngen erh\u00e4ltlich:<\/strong><\/p>\n<ul>\n<li>12,5 Meter (41 ft)<\/li>\n<li>20 Meter (65 ft)<\/li>\n<\/ul>\n<p><strong>TRUBLUE iQ+ Gurtband-Verbinder:<\/strong><\/p>\n<table class=\"has-fixed-layout\" style=\"width: 100%; height: 359.751px;\">\n<tbody>\n<tr style=\"height: 151.797px;\">\n<td style=\"width: 33.2821%; height: 151.797px;\"><img loading=\"lazy\" decoding=\"async\" class=\"wp-image-17116 aligncenter\" style=\"display: block; margin-left: auto; margin-right: auto;\" src=\"https:\/\/thrillsyndicate.com\/wp-content\/uploads\/2024\/10\/Steel_Carabiner.png\" alt=\"Karabiner aus Stahl: Unser Standardverbinder. Strapazierf\u00e4hig und langlebig mit dreifachem Selbstverriegelungsschutz. Empfohlene Verwendung: Kletterhallen und Freizeitzentren\" width=\"150\" height=\"150\" srcset=\"https:\/\/thrillsyndicate.com\/wp-content\/uploads\/2024\/10\/Steel_Carabiner.png 250w, https:\/\/thrillsyndicate.com\/wp-content\/uploads\/2024\/10\/Steel_Carabiner-100x100.png 100w, https:\/\/thrillsyndicate.com\/wp-content\/uploads\/2024\/10\/Steel_Carabiner-150x150.png 150w\" sizes=\"auto, (max-width: 150px) 100vw, 150px\" \/><\/td>\n<td class=\"has-text-align-center\" style=\"text-align: center; width: 32.9746%; height: 151.797px;\" data-align=\"center\"><img loading=\"lazy\" decoding=\"async\" class=\"wp-image-17112 aligncenter\" src=\"https:\/\/thrillsyndicate.com\/wp-content\/uploads\/2024\/10\/Aluminum_Carabiner.png\" alt=\"Karabiner aus Aluminium: Leichter als Stahl und ideal f\u00fcr den Einsatz im Freien und in korrosiven Umgebungen. Empfohlene Verwendung: Kletterhallen, Freizeitzentren und Camps\" width=\"150\" height=\"150\" srcset=\"https:\/\/thrillsyndicate.com\/wp-content\/uploads\/2024\/10\/Aluminum_Carabiner.png 250w, https:\/\/thrillsyndicate.com\/wp-content\/uploads\/2024\/10\/Aluminum_Carabiner-100x100.png 100w, https:\/\/thrillsyndicate.com\/wp-content\/uploads\/2024\/10\/Aluminum_Carabiner-150x150.png 150w\" sizes=\"auto, (max-width: 150px) 100vw, 150px\" \/><\/td>\n<td class=\"has-text-align-center\" style=\"text-align: center; width: 33.7433%; height: 151.797px;\" data-align=\"center\"><img loading=\"lazy\" decoding=\"async\" class=\"wp-image-17108 aligncenter\" src=\"https:\/\/thrillsyndicate.com\/wp-content\/uploads\/2024\/10\/Swivel.png\" alt=\"Adventure Swivel: Eine vielseitige L\u00f6sung f\u00fcr Einrichtungen, die sekund\u00e4re Anschl\u00fcsse und einzigartige Operationen ben\u00f6tigen. Empfohlene Verwendung: Abenteuer-Parks\" width=\"150\" height=\"150\" srcset=\"https:\/\/thrillsyndicate.com\/wp-content\/uploads\/2024\/10\/Swivel.png 250w, https:\/\/thrillsyndicate.com\/wp-content\/uploads\/2024\/10\/Swivel-100x100.png 100w, https:\/\/thrillsyndicate.com\/wp-content\/uploads\/2024\/10\/Swivel-150x150.png 150w\" sizes=\"auto, (max-width: 150px) 100vw, 150px\" \/><\/td>\n<\/tr>\n<tr style=\"height: 20.7969px;\">\n<td style=\"text-align: center; width: 33.2821%; height: 20.7969px;\"><strong>Karabiner aus Stahl<\/strong><\/td>\n<td class=\"has-text-align-center\" style=\"text-align: center; width: 32.9746%; height: 20.7969px;\" data-align=\"center\"><strong>Karabiner aus Aluminium<\/strong><\/td>\n<td class=\"has-text-align-center\" style=\"text-align: center; width: 33.7433%; height: 20.7969px;\" data-align=\"center\"><strong>Abenteuer Swivel<\/strong><\/td>\n<\/tr>\n<tr style=\"height: 124.766px;\">\n<td style=\"text-align: center; width: 33.2821%; height: 124.766px;\">Unser Standardanschluss.<br \/>\nStrapazierf\u00e4hig und langlebig mit dreifachem Schutz durch automatische Verriegelung. <\/td>\n<td class=\"has-text-align-center\" style=\"text-align: center; width: 32.9746%; height: 124.766px;\" data-align=\"center\">Leichter als Stahl und ideal f\u00fcr den Au\u00dfeneinsatz und korrosive Umgebungen.<\/td>\n<td class=\"has-text-align-center\" style=\"text-align: center; width: 33.7433%; height: 124.766px;\" data-align=\"center\">Eine vielseitige L\u00f6sung f\u00fcr Einrichtungen, die sekund\u00e4re Anschl\u00fcsse und einzigartige Operationen ben\u00f6tigen.<\/td>\n<\/tr>\n<tr style=\"height: 20.7969px;\">\n<td style=\"text-align: center; width: 33.2821%; height: 20.7969px;\"><strong>Empfohlene Verwendung:<\/strong><\/td>\n<td class=\"has-text-align-center\" style=\"text-align: center; width: 32.9746%; height: 20.7969px;\" data-align=\"center\"><strong>Empfohlene Verwendung:<\/strong><\/td>\n<td class=\"has-text-align-center\" style=\"text-align: center; width: 33.7433%; height: 20.7969px;\" data-align=\"center\"><strong>Empfohlene Verwendung:<\/strong><\/td>\n<\/tr>\n<tr style=\"height: 41.5938px;\">\n<td style=\"text-align: center; width: 33.2821%; height: 41.5938px;\">Kletterhallen und Freizeitzentren<\/td>\n<td class=\"has-text-align-center\" style=\"text-align: center; width: 32.9746%; height: 41.5938px;\" data-align=\"center\">Kletterhallen, Freizeitzentren und Camps<\/td>\n<td class=\"has-text-align-center\" style=\"text-align: center; width: 33.7433%; height: 41.5938px;\" data-align=\"center\">Abenteuer-Parks<\/td>\n<\/tr>\n<\/tbody>\n<\/table>\n<table class=\"has-fixed-layout\" style=\"width: 66.4363%; height: 359.751px;\">\n<tbody>\n<tr style=\"height: 151.797px;\">\n<td class=\"has-text-align-center\" style=\"text-align: center; width: 49.9104%; height: 151.797px;\" data-align=\"center\"><img loading=\"lazy\" decoding=\"async\" class=\"wp-image-17104 aligncenter\" src=\"https:\/\/thrillsyndicate.com\/wp-content\/uploads\/2024\/10\/Open_Loop.png\" alt=\"Offene Schlaufe Voller Befestigungspunkt f\u00fcr zugelassene Anti-Release-Konnektoren. Empfohlene Verwendung: Fun Climbs und FECs\" width=\"150\" height=\"150\" srcset=\"https:\/\/thrillsyndicate.com\/wp-content\/uploads\/2024\/10\/Open_Loop.png 250w, https:\/\/thrillsyndicate.com\/wp-content\/uploads\/2024\/10\/Open_Loop-100x100.png 100w, https:\/\/thrillsyndicate.com\/wp-content\/uploads\/2024\/10\/Open_Loop-150x150.png 150w\" sizes=\"auto, (max-width: 150px) 100vw, 150px\" \/><\/td>\n<td style=\"text-align: center; width: 50.0914%; height: 151.797px;\"><img decoding=\"async\" class=\"wp-image-17104 aligncenter\" src=\"https:\/\/thrillsyndicate.com\/wp-content\/uploads\/2022\/02\/tru-clip-02-ws.jpg\" width=\"150\"><\/td>\n<\/tr>\n<tr style=\"height: 20.7969px;\">\n<td class=\"has-text-align-center\" style=\"text-align: center; width: 49.9104%; height: 20.7969px;\" data-align=\"center\"><strong>Offene Schleife<\/strong><\/td>\n<td style=\"text-align: center; width: 50.0914%; height: 20.7969px;\"><strong>TRU-CLIP Connector<\/strong><\/td>\n<\/tr>\n<tr style=\"height: 124.766px;\">\n<td class=\"has-text-align-center\" style=\"text-align: center; width: 49.9104%; height: 124.766px;\" data-align=\"center\">Voller Befestigungspunkt f\u00fcr die Aufnahme von zugelassenen Anti-Release-Verbindungen.<\/td>\n<td style=\"text-align: center; width: 50.0914%; height: 124.766px;\">Durch die Verwendung einer sequentiellen Verbindung wird die M\u00f6glichkeit einer falschen Befestigung ausgeschlossen.<\/td>\n<\/tr>\n<tr style=\"height: 20.7969px;\">\n<td class=\"has-text-align-center\" style=\"text-align: center; width: 49.9104%; height: 20.7969px;\" data-align=\"center\"><strong>Empfohlene Verwendung:<\/strong><\/td>\n<td style=\"text-align: center; width: 50.0914%; height: 20.7969px;\"><strong>Empfohlene Verwendung:<\/strong><\/td>\n<\/tr>\n<tr style=\"height: 41.5938px;\">\n<td class=\"has-text-align-center\" style=\"text-align: center; width: 49.9104%; height: 41.5938px;\" data-align=\"center\">Spa\u00dfklettereien und FECs<\/td>\n<td style=\"text-align: center; width: 50.0914%; height: 41.5938px;\">Kletterhallen, Spa\u00dfklettereien und FECs<\/td>\n<\/tr>\n<\/tbody>\n<\/table>\n<p><strong>Hinweis:<\/strong> Wenn Sie den <strong><a href=\"https:\/\/thrillsyndicate.com\/de\/shop\/tru-clip-connector\/\">TRU-CLIP Connector<\/a><\/strong> als Ihren bevorzugten Gurtbandanschluss w\u00e4hlen, ben\u00f6tigen Sie m\u00f6glicherweise zus\u00e4tzliche <a href=\"https:\/\/thrillsyndicate.com\/de\/shop\/tru-clip-key-links\/\">Key Links<\/a> f\u00fcr einen optimalen Betrieb.<\/p>\n<p>Wir stellen das weltweit erste Selbstsicherungsger\u00e4t mit der F\u00e4higkeit zum \u201eTake\u201c vor. Das TRUBLUE iQ+ verf\u00fcgt \u00fcber eine bahnbrechende <a href=\"https:\/\/thrillsyndicate.com\/blog\/catch-and-hold\/\">catch-and-hold<\/a> Technologie, die es Kletterern erm\u00f6glicht, sich zu entspannen, sich zu erholen und schwierige Techniken zu wiederholen. Der TRUBLUE iQ+, der auf der iQ-Plattform der n\u00e4chsten Generation basiert, kombiniert klassenbeste Qualit\u00e4t und Ausdauer mit noch nie dagewesenen F\u00e4higkeiten. Das TRUBLUE iQ PLUS ist der bedeutendste Fortschritt in der Selbstsicherung seit \u00fcber einem Jahrzehnt.<\/p>\n<p>Jeder TRUBLUE iQ+, das Premiummodell unserer iQ-Serie, ist handgefertigt und f\u00fcr die Ewigkeit gebaut. Der innovative magnetische Bremsmechanismus ist reibungsfrei und erm\u00f6glicht hohe Zykluszahlen bei minimaler Wartung und Verschlei\u00df der internen Teile. Das iQ+ ist das erste und einzige Selbstsicherungsger\u00e4t mit fortschrittlichen Funktionen wie catch-and-hold Technologie und IoT-Kompatibilit\u00e4t, wodurch es ideal f\u00fcr Indoor- und Outdoor-Kletterw\u00e4nde ist.<\/p>\n<h2>Merkmale<\/h2>\n<ul>\n<li>Catch-and-Hold-Technologie: Erm\u00f6glicht es Kletterern, sich auszuruhen und Routen zu projizieren.<\/li>\n<li>Gebaut f\u00fcr den Innen- und Au\u00dfenbereich.<\/li>\n<li>Hohe Zykluszahl, minimale Wartung und niedrige Betriebskosten.<\/li>\n<li>Sanfter Abstieg: TRUBLUE ist die einzige Selbstsicherung, die die magnetische Bremstechnologie nutzt. Die magnetische Bremse ist \u00e4u\u00dferst zuverl\u00e4ssig (selbst bei N\u00e4sse), reibungsfrei und selbstregulierend und bietet unabh\u00e4ngig von der Gr\u00f6\u00dfe oder dem Gewicht des Benutzers die gleiche Abstiegsgeschwindigkeit.<\/li>\n<li>Ununterst\u00fctzter Aufstieg: Anstatt die Kletterer an der Wand hochzuziehen, gibt TRUBLUE den Nutzern das authentischste Klettergef\u00fchl und gibt ihnen die Freiheit, aus eigener Kraft zu klettern.<\/li>\n<li>Verbesserte Haltbarkeit: Die iQ-Serie ist mit einem breiteren Gurtband, einem integrierten hinteren Sto\u00dff\u00e4nger und einem austauschbaren Halterungsschutz ausgestattet.<\/li>\n<li>IoT-Kompatibilit\u00e4t: Integrierte Konnektivit\u00e4t f\u00fcr Datendownloads und Leistungsanalysen (Softwarepaket folgt noch)<\/li>\n<\/ul>\n<p><iframe loading=\"lazy\" title=\"TRUBLUE iQ+ Catch and Hold Auto Belay\" width=\"980\" height=\"551\" src=\"https:\/\/www.youtube.com\/embed\/0lGJQdvvFT8?feature=oembed\" frameborder=\"0\" allow=\"accelerometer; autoplay; clipboard-write; encrypted-media; gyroscope; picture-in-picture\" allowfullscreen><\/iframe><\/p>\n<h2>Sicherheit<\/h2>\n<ul>\n<li>Erf\u00fcllt internationale Sicherheitsstandards: TRUBLUE wurde f\u00fcr Kletterer entwickelt und ist auf Sicherheit ausgelegt. Wir haben TRUBLUE so entwickelt, dass es die internationalen Sicherheitsstandards f\u00fcr Absturzsicherungen erf\u00fcllt.<\/li>\n<li>Umfassende Sicherheitstests: Seit \u00fcber vier Jahren wird die TRUBLUE iQ-Serie von einem auf Produkttests spezialisierten, nach ISO 17025 akkreditierten Unternehmen umfangreichen Sicherheitstests unterzogen.<\/li>\n<li>Zertifiziert gegen Sto\u00dfbelastungen: TRUBLUE Auto Belays sind nach EN360:2002 zum Schutz vor Sto\u00dfbelastungen zertifiziert. Beim Klettern k\u00f6nnen diese durch dynamische Bewegungen verursacht werden.<\/li>\n<li>T\u00dcV S\u00dcD gepr\u00fcft nach 10x Klasse A<\/li>\n<li>Bedruckbare Wandbeschilderung ist f\u00fcr Ihre Einrichtung erh\u00e4ltlich.<\/li>\n<\/ul>\n<h2>Spezifikationen<\/h2>\n<p>Mit den gleichen Magnetbremsen, die Bergsteiger lieben und denen sie vertrauen, jetzt haltbarer und leichter als je zuvor!<\/p>\n<ul class=\"hrt-specs\">\n<li><strong>Ma\u00dfe:<\/strong>\n<ul>\n<li>iQ+: 370 x 280 x 254 mm (14,5 x 11 x 10 Zoll)<\/li>\n<\/ul>\n<\/li>\n<li><strong>Gewicht:<\/strong>\n<ul>\n<li>iQ+ LT: 19 kg<\/li>\n<li>iQ+ XL: 22,1 kg<\/li>\n<\/ul>\n<\/li>\n<li>Gewichtsbereich Kletterer <strong>:<\/strong> 10-140 kg (22-309 lbs)<\/li>\n<li><strong>Maximale Landegeschwindigkeit:<\/strong> 2,0 m\/s (6,5 ft\/s)<\/li>\n<li><strong>Maximale Montageh\u00f6he:<\/strong>\n<ul>\n<li>L\u00e4nge: 12,5 m (41 Fu\u00df)<\/li>\n<li>XL: 20 m (65,6 Fu\u00df)<\/li>\n<\/ul>\n<\/li>\n<li><strong>Minimale Montageh\u00f6he:<\/strong>\n<ul>\n<li>L\u00e4nge: 4,5 m (14,8 Fu\u00df)<\/li>\n<li>XL: 12 m (39,4 Fu\u00df)<\/li>\n<\/ul>\n<\/li>\n<li>Temperaturbereich:\n<ul>\n<li>Betrieb: -4 \u00b0C bis 60 \u00b0C (25 \u00b0F bis 140 \u00b0F)<\/li>\n<li>Betrieb (trocken): -10 \u00b0C bis 60 \u00b0C (14 \u00b0F bis 140 \u00b0F)<\/li>\n<\/ul>\n<\/li>\n<\/ul>\n<h4>SICHERHEITSSTANDARDS<\/h4>\n<p>Wenn es um die Auswahl eines Selbstsicherungsger\u00e4tes f\u00fcr ihr Gesch\u00e4ft geht, haben Kletterhallen, Camps, Abenteuerparks und mehr einige Optionen. Wir nehmen Sicherheit ernst, weil tats\u00e4chlich Leben auf dem Spiel stehen, und wir glauben, dass Sie das auch tun sollten. Als weltweit f\u00fchrender Hersteller von Fahrzeugsicherungen haben wir die gro\u00dfe Pflicht, den Standard f\u00fcr Vorschriften und Sicherheit zu setzen.<\/p>\n<ul>\n<li><strong>AS\/NZS 1891:<\/strong> Industrielle Absturzsicherungssysteme und -ger\u00e4te \u2013 Teil 3: Absturzsicherungsger\u00e4te<\/li>\n<li><strong>CSA Z259.2.3-99:<\/strong> Abstiegskontrollger\u00e4te<\/li>\n<li><strong>EN 341: 2011 Klasse 1A:<\/strong> Pers\u00f6nliche Schutzausr\u00fcstung gegen Absturz \u2013 Abseilger\u00e4te\n<ul>\n<li><strong>RFU PPE-R\/11.128:2019:<\/strong> Empfohlen zur Verwendung f\u00fcr Abstiegskontrollger\u00e4te in Kletterhallen, Seilg\u00e4rten. 10x Klasse A.<\/li>\n<\/ul>\n<\/li>\n<li><strong>ANSI\/ASSE Z359.4:<\/strong> Sicherheitsanforderungen f\u00fcr unterst\u00fctzte Rettungs- und Selbstrettungssysteme, Subsysteme und Komponenten<\/li>\n<li><strong>EN 360:2002:<\/strong> Pers\u00f6nliche Schutzausr\u00fcstung gegen Absturz \u2013 H\u00f6hensicherungsger\u00e4te. Abschnitt 4.5: Maximalkraft&lt; 6 kN f\u00fcr 150 kg Kapazit\u00e4t<\/li>\n<\/ul>\n<p><img loading=\"lazy\" decoding=\"async\" class=\"alignnone size-large wp-image-151\" src=\"https:\/\/thrillsyndicate.com\/wp-content\/uploads\/2022\/02\/TRUBLUE_Selection-Guide-rev_1-0-634x1024.jpg\" alt=\"\" width=\"634\" height=\"1024\" srcset=\"https:\/\/thrillsyndicate.com\/wp-content\/uploads\/2022\/02\/TRUBLUE_Selection-Guide-rev_1-0-634x1024.jpg 634w, https:\/\/thrillsyndicate.com\/wp-content\/uploads\/2022\/02\/TRUBLUE_Selection-Guide-rev_1-0-458x740.jpg 458w, https:\/\/thrillsyndicate.com\/wp-content\/uploads\/2022\/02\/TRUBLUE_Selection-Guide-rev_1-0-186x300.jpg 186w, https:\/\/thrillsyndicate.com\/wp-content\/uploads\/2022\/02\/TRUBLUE_Selection-Guide-rev_1-0-768x1240.jpg 768w, https:\/\/thrillsyndicate.com\/wp-content\/uploads\/2022\/02\/TRUBLUE_Selection-Guide-rev_1-0-100x162.jpg 100w, https:\/\/thrillsyndicate.com\/wp-content\/uploads\/2022\/02\/TRUBLUE_Selection-Guide-rev_1-0.jpg 826w\" sizes=\"auto, (max-width: 634px) 100vw, 634px\" \/><\/p>\n<p><iframe loading=\"lazy\" title=\"TRUBLUE iQ+ World&#039;s first catch and hold auto belay\" width=\"980\" height=\"551\" src=\"https:\/\/www.youtube.com\/embed\/IEuysqJ8N-g?feature=oembed\" frameborder=\"0\" allow=\"accelerometer; autoplay; clipboard-write; encrypted-media; gyroscope; picture-in-picture\" allowfullscreen><\/iframe><\/p>\n","protected":false},"excerpt":{"rendered":"<p>Wir stellen das weltweit erste Selbstsicherungsger\u00e4t mit der F\u00e4higkeit zum \u201eTake\u201c vor. Das TRUBLUE iQ+ verf\u00fcgt \u00fcber eine bahnbrechende catch-and-hold, die es Kletterern erm\u00f6glicht, sich zu entspannen, zu erholen und schwierige Techniken zu wiederholen.<\/p>\n","protected":false},"featured_media":3852,"template":"","meta":{"_coblocks_attr":"","_coblocks_dimensions":"","_coblocks_responsive_height":"","_coblocks_accordion_ie_support":"","wds_primary_product_brand":0,"wds_primary_product_cat":0},"product_brand":[666],"product_cat":[465],"product_tag":[466],"class_list":{"0":"post-6113","1":"product","2":"type-product","3":"status-publish","4":"has-post-thumbnail","6":"product_brand-head-rush-technologies-de","7":"product_cat-vertikale-selbstsicherungssysteme","8":"product_tag-trublue-de","10":"first","11":"instock","12":"sale","13":"taxable","14":"shipping-taxable","15":"purchasable","16":"product-type-variable","17":"has-default-attributes"},"_links":{"self":[{"href":"https:\/\/thrillsyndicate.com\/de\/wp-json\/wp\/v2\/product\/6113","targetHints":{"allow":["GET"]}}],"collection":[{"href":"https:\/\/thrillsyndicate.com\/de\/wp-json\/wp\/v2\/product"}],"about":[{"href":"https:\/\/thrillsyndicate.com\/de\/wp-json\/wp\/v2\/types\/product"}],"wp:featuredmedia":[{"embeddable":true,"href":"https:\/\/thrillsyndicate.com\/de\/wp-json\/wp\/v2\/media\/3852"}],"wp:attachment":[{"href":"https:\/\/thrillsyndicate.com\/de\/wp-json\/wp\/v2\/media?parent=6113"}],"wp:term":[{"taxonomy":"product_brand","embeddable":true,"href":"https:\/\/thrillsyndicate.com\/de\/wp-json\/wp\/v2\/product_brand?post=6113"},{"taxonomy":"product_cat","embeddable":true,"href":"https:\/\/thrillsyndicate.com\/de\/wp-json\/wp\/v2\/product_cat?post=6113"},{"taxonomy":"product_tag","embeddable":true,"href":"https:\/\/thrillsyndicate.com\/de\/wp-json\/wp\/v2\/product_tag?post=6113"}],"curies":[{"name":"wp","href":"https:\/\/api.w.org\/{rel}","templated":true}]}}