{"id":6138,"date":"2022-04-15T10:39:31","date_gmt":"2022-04-15T08:39:31","guid":{"rendered":"https:\/\/thrillsyndicate.com\/shop\/freier-fall-universal-wandmontagerahmen\/"},"modified":"2025-11-03T13:44:33","modified_gmt":"2025-11-03T12:44:33","slug":"free-fall-wandmontagerahmen","status":"publish","type":"product","link":"https:\/\/thrillsyndicate.com\/de\/product\/free-fall-wandmontagerahmen\/","title":{"rendered":"Freier Fall | Universal-Wandmontagerahmen"},"content":{"rendered":"<p>Es wird kein Turm ben\u00f6tigt &#8211; es ist ideal, um eine QuickFlight-Freifall-Attraktion auf kleinstem Raum in einem Hochseilgarten, Resort, Themenpark oder einer anderen Art von Anlage oder Outdoor-Abenteuerpark zu schaffen.<\/p>\n<p>Spezifikationen<\/p>\n<ul>\n<li>L\u00e4nge: 160 cm<\/li>\n<li>Breite: 100cm<\/li>\n<li>Separater <a href=\"https:\/\/thrillsyndicate.com\/shop\/mounting-kit-for-quickflight-quickflight-xl\/\">Montagesatz<\/a> erforderlich<\/li>\n<li>Platten und Profile &#8211; gem\u00e4\u00df NEN-EN 10025-2<\/li>\n<li>Schwei\u00dfn\u00e4hte: Gem\u00e4\u00df NEN-EN-ISO 2553:2014.<\/li>\n<li>Schraubeng\u00fcte: 8.8<\/li>\n<li>Geliefert mit hochfesten Sch\u00e4keln<\/li>\n<li>M12-Schrauben zur Wandmontage: Nicht im Lieferumfang enthalten, dies wird durch die Art der Wand bestimmt<\/li>\n<\/ul>\n<p>&nbsp;<\/p>\n<p><iframe loading=\"lazy\" title=\"Free Fall | Universal Wall Mounting Frame\" width=\"980\" height=\"551\" src=\"https:\/\/www.youtube.com\/embed\/CPoLjjj_RNk?feature=oembed\" frameborder=\"0\" allow=\"accelerometer; autoplay; clipboard-write; encrypted-media; gyroscope; picture-in-picture\" allowfullscreen><\/iframe><\/p>\n","protected":false},"excerpt":{"rendered":"<p>Die Free-Fall-Universalhalterung ist ein vielseitiges Befestigungssystem, das zur Verwendung an W\u00e4nden oder \u00e4hnlichen Strukturen entwickelt wurde, um einen Ankerpunkt f\u00fcr ein Free-Fall-Ger\u00e4t wie den QuickFlight bereitzustellen.<\/p>\n","protected":false},"featured_media":4584,"template":"","meta":{"_coblocks_attr":"","_coblocks_dimensions":"","_coblocks_responsive_height":"","_coblocks_accordion_ie_support":"","wds_primary_product_brand":0,"wds_primary_product_cat":0},"product_brand":[70],"product_cat":[33,48],"product_tag":[44,55,46],"class_list":{"0":"post-6138","1":"product","2":"type-product","3":"status-publish","4":"has-post-thumbnail","6":"product_brand-thrill-syndicate","7":"product_cat-trublue-accessories","8":"product_cat-free-fall-accessories","9":"product_tag-free-fall","10":"product_tag-ropes-course","11":"product_tag-quickflight-free-fall","13":"first","14":"instock","15":"taxable","16":"shipping-taxable","17":"purchasable","18":"product-type-simple"},"_links":{"self":[{"href":"https:\/\/thrillsyndicate.com\/de\/wp-json\/wp\/v2\/product\/6138","targetHints":{"allow":["GET"]}}],"collection":[{"href":"https:\/\/thrillsyndicate.com\/de\/wp-json\/wp\/v2\/product"}],"about":[{"href":"https:\/\/thrillsyndicate.com\/de\/wp-json\/wp\/v2\/types\/product"}],"wp:featuredmedia":[{"embeddable":true,"href":"https:\/\/thrillsyndicate.com\/de\/wp-json\/wp\/v2\/media\/4584"}],"wp:attachment":[{"href":"https:\/\/thrillsyndicate.com\/de\/wp-json\/wp\/v2\/media?parent=6138"}],"wp:term":[{"taxonomy":"product_brand","embeddable":true,"href":"https:\/\/thrillsyndicate.com\/de\/wp-json\/wp\/v2\/product_brand?post=6138"},{"taxonomy":"product_cat","embeddable":true,"href":"https:\/\/thrillsyndicate.com\/de\/wp-json\/wp\/v2\/product_cat?post=6138"},{"taxonomy":"product_tag","embeddable":true,"href":"https:\/\/thrillsyndicate.com\/de\/wp-json\/wp\/v2\/product_tag?post=6138"}],"curies":[{"name":"wp","href":"https:\/\/api.w.org\/{rel}","templated":true}]}}