{"id":6140,"date":"2022-04-04T14:19:09","date_gmt":"2022-04-04T12:19:09","guid":{"rendered":"https:\/\/thrillsyndicate.com\/shop\/starter-service-kit-fuer-lockd-clips\/"},"modified":"2025-08-30T14:04:20","modified_gmt":"2025-08-30T12:04:20","slug":"starter-service-kit-fur-lockd-clips","status":"publish","type":"product","link":"https:\/\/thrillsyndicate.com\/de\/product\/starter-service-kit-fur-lockd-clips\/","title":{"rendered":"Starter Service Kit f\u00fcr LockD Clips"},"content":{"rendered":"<p>Das Starter Service Kit f\u00fcr LockD Clips wird verwendet, um grundlegende Reparaturen am LockD Clips-System durchzuf\u00fchren, wie im Handbuch beschrieben. Das Set enth\u00e4lt:  <\/p>\n<ul>\n<li>1 x Demontageblock<\/li>\n<li>1 x Inbusschl\u00fcssel<\/li>\n<li>1 x Splintentreiber<\/li>\n<li>1 x Werkzeug zum Entfernen des Karabiners*<\/li>\n<li>5 x Abriebschutz<\/li>\n<li>2 x Feders\u00e4tze (jeder Satz besteht aus 1 kleinen Feder, 1 gro\u00dfen Feder, 1 Schraube)<\/li>\n<\/ul>\n<p><strong>HINWEIS:<\/strong> *Bei Verwendung des Entfernungswerkzeugs muss der betroffene Satz LockD Clips zur Wartung an den H\u00e4ndler zur\u00fcckgegeben werden, bevor er wieder in Gebrauch genommen werden kann. Bitte konsultieren Sie die Bedienungsanleitung.<\/p>\n","protected":false},"excerpt":{"rendered":"<p>Das Starter Service Kit f\u00fcr LockD Clips wird verwendet, um grundlegende Reparaturen am LockD Clips-System durchzuf\u00fchren, wie im Handbuch beschrieben.<\/p>\n","protected":false},"featured_media":4425,"template":"","meta":{"_coblocks_attr":"","_coblocks_dimensions":"","_coblocks_responsive_height":"","_coblocks_accordion_ie_support":"","wds_primary_product_brand":0,"wds_primary_product_cat":0},"product_brand":[674],"product_cat":[558],"product_tag":[427,532,568,425],"class_list":{"0":"post-6140","1":"product","2":"type-product","3":"status-publish","4":"has-post-thumbnail","6":"product_brand-lockd-clips-de","7":"product_cat-lockd-kontinuierliches-selbstsicherungssystem","8":"product_tag-hochseilgarten","9":"product_tag-kontinuierliche-sicherung","10":"product_tag-psa","11":"product_tag-sicherungssysteme","13":"first","14":"instock","15":"taxable","16":"shipping-taxable","17":"purchasable","18":"product-type-simple"},"_links":{"self":[{"href":"https:\/\/thrillsyndicate.com\/de\/wp-json\/wp\/v2\/product\/6140","targetHints":{"allow":["GET"]}}],"collection":[{"href":"https:\/\/thrillsyndicate.com\/de\/wp-json\/wp\/v2\/product"}],"about":[{"href":"https:\/\/thrillsyndicate.com\/de\/wp-json\/wp\/v2\/types\/product"}],"wp:featuredmedia":[{"embeddable":true,"href":"https:\/\/thrillsyndicate.com\/de\/wp-json\/wp\/v2\/media\/4425"}],"wp:attachment":[{"href":"https:\/\/thrillsyndicate.com\/de\/wp-json\/wp\/v2\/media?parent=6140"}],"wp:term":[{"taxonomy":"product_brand","embeddable":true,"href":"https:\/\/thrillsyndicate.com\/de\/wp-json\/wp\/v2\/product_brand?post=6140"},{"taxonomy":"product_cat","embeddable":true,"href":"https:\/\/thrillsyndicate.com\/de\/wp-json\/wp\/v2\/product_cat?post=6140"},{"taxonomy":"product_tag","embeddable":true,"href":"https:\/\/thrillsyndicate.com\/de\/wp-json\/wp\/v2\/product_tag?post=6140"}],"curies":[{"name":"wp","href":"https:\/\/api.w.org\/{rel}","templated":true}]}}