{"id":6204,"date":"2022-04-12T10:21:56","date_gmt":"2022-04-12T08:21:56","guid":{"rendered":"https:\/\/thrillsyndicate.com\/shop\/alf-steighilferolle-automatische-2-wege-verriegelung\/"},"modified":"2025-11-03T13:44:41","modified_gmt":"2025-11-03T12:44:41","slug":"alf-climb-assist-pulley","status":"publish","type":"product","link":"https:\/\/thrillsyndicate.com\/de\/product\/alf-climb-assist-pulley\/","title":{"rendered":"ALF Steighilferolle | Automatische 2-Wege-Verriegelung"},"content":{"rendered":"<p>Der ALF ist auch eine Schutzl\u00f6sung f\u00fcr Arbeiter an T\u00fcrmen, Masten, Windkraftanlagen und sogar in Bauanwendungen, wo eine kosteng\u00fcnstige, tempor\u00e4re Kletterhilfe f\u00fcr kurze Arbeiten erforderlich ist.<\/p>\n<p>Im Falle eines Sturzes rastet der ALF Pulley schnell ein, um den Sturz zu stoppen. Da die Fallstrecken extrem gering sind, ist es \u00e4u\u00dferst unwahrscheinlich, dass der Benutzer handlungsunf\u00e4hig wird. Im Bedarfsfall kann eine Rettung jedoch problemlos vom Boden aus organisiert werden.<\/p>\n<p>Der ALF wurde von \u00fcber 20.000 Benutzern ohne Leistungseinbu\u00dfen und mit geringem oder keinem Verschlei\u00df im Feld getestet und im Zyklus getestet. Der ALF wurde ausgiebigen Falltests gem\u00e4\u00df CE EN360 und ANSI Z359 und mit anderen als den f\u00fcr CE- und ANSI-Standards erforderlichen Gewichten unterzogen, einschlie\u00dflich statischer Tests bis zur Zerst\u00f6rung \u2013 was ihn wahrscheinlich zum sichersten Steighilfeprodukt der Welt macht!<\/p>\n<p>Das Ger\u00e4t kann in einem Endlosschleifensystem mit einer gro\u00dfen einzelnen Prussik-Rolle (Aluminium) montiert werden.<\/p>\n<p><iframe loading=\"lazy\" title=\"ALF Climb Assist Pulley- 2 Way Auto Locking in Rope Course\" width=\"980\" height=\"551\" src=\"https:\/\/www.youtube.com\/embed\/duTRvN_RK54?feature=oembed\" frameborder=\"0\" allow=\"accelerometer; autoplay; clipboard-write; encrypted-media; gyroscope; picture-in-picture\" allowfullscreen><\/iframe><\/p>\n<div class=\"clearfix\"><\/div>\n<h2>Spezifikationen<\/h2>\n<p class=\"clsTechSpecs\"><strong>Kompatibel mit Seildurchmesser (mm):<\/strong> Das zugelassene Seil zur Verwendung mit dem ALF ist ISC workLINE (11 mm Low Stretch Kernmantle, EN1891A).<br \/>\n<strong>Personenzahl:<\/strong> 1<br \/>\n<strong>EZYiD:<\/strong> Auf Anfrage erh\u00e4ltlich<br \/>\nAusf\u00fchrung <strong>:<\/strong> Eloxiert<br \/>\n<strong>Farbe:<\/strong> Lila<br \/>\n<strong>Kann gewartet werden:<\/strong> Ja<br \/>\n<strong>Gewicht (Gramm):<\/strong> 1200<br \/>\n<strong>Gewicht (Unzen): <\/strong>42.3<br \/>\nZugelassene Normen: CE 0120 EN360, ANSI Z359<\/p>\n<h2 class=\"clsTechSpecs\">Serviceanforderungen:<\/h2>\n<p class=\"clsTechSpecs\">F\u00fchren Sie unmittelbar vor, w\u00e4hrend und nach der Verwendung Sichtkontrollen durch, um sicherzustellen, dass es sich in einem gebrauchsf\u00e4higen Zustand befindet und ordnungsgem\u00e4\u00df funktioniert. Zus\u00e4tzlich zu den grundlegenden Sichtkontrollen durch den Benutzer muss das Produkt j\u00e4hrlich oder je nach lokaler Gesetzgebung oder Nutzungsintensit\u00e4t h\u00e4ufiger \u00fcberpr\u00fcft werden. Die Wartung muss vom Hersteller oder einer vom Hersteller autorisierten sachkundigen Person durchgef\u00fchrt werden. Andere Faktoren, wie z. B. extreme Temperaturen, Feuchtigkeit, Chemikalieneinwirkung, Rost, Schnitte, Abrieb oder die H\u00e4ufigkeit der Verwendung, k\u00f6nnen das erforderliche Wartungsintervall des Ger\u00e4ts beeinflussen.<\/p>\n","protected":false},"excerpt":{"rendered":"<p>Der ALF Climb Assist Pulley wurde f\u00fcr die Challenge Course-Industrie als einfache Methode zum Schutz von Benutzern bei vertikalen Anstiegen entwickelt, die in einen Kurs integriert sind.<\/p>\n","protected":false},"featured_media":4545,"template":"","meta":{"_coblocks_attr":"","_coblocks_dimensions":"","_coblocks_responsive_height":"","_coblocks_accordion_ie_support":"","wds_primary_product_brand":0,"wds_primary_product_cat":0},"product_brand":[171],"product_cat":[161,23],"product_tag":[55,162],"class_list":{"0":"post-6204","1":"product","2":"type-product","3":"status-publish","4":"has-post-thumbnail","6":"product_brand-isc","7":"product_cat-pulleys","8":"product_cat-vertical-auto-belay-systems","9":"product_tag-ropes-course","10":"product_tag-pulley","12":"first","13":"instock","14":"taxable","15":"shipping-taxable","16":"purchasable","17":"product-type-simple"},"_links":{"self":[{"href":"https:\/\/thrillsyndicate.com\/de\/wp-json\/wp\/v2\/product\/6204","targetHints":{"allow":["GET"]}}],"collection":[{"href":"https:\/\/thrillsyndicate.com\/de\/wp-json\/wp\/v2\/product"}],"about":[{"href":"https:\/\/thrillsyndicate.com\/de\/wp-json\/wp\/v2\/types\/product"}],"wp:featuredmedia":[{"embeddable":true,"href":"https:\/\/thrillsyndicate.com\/de\/wp-json\/wp\/v2\/media\/4545"}],"wp:attachment":[{"href":"https:\/\/thrillsyndicate.com\/de\/wp-json\/wp\/v2\/media?parent=6204"}],"wp:term":[{"taxonomy":"product_brand","embeddable":true,"href":"https:\/\/thrillsyndicate.com\/de\/wp-json\/wp\/v2\/product_brand?post=6204"},{"taxonomy":"product_cat","embeddable":true,"href":"https:\/\/thrillsyndicate.com\/de\/wp-json\/wp\/v2\/product_cat?post=6204"},{"taxonomy":"product_tag","embeddable":true,"href":"https:\/\/thrillsyndicate.com\/de\/wp-json\/wp\/v2\/product_tag?post=6204"}],"curies":[{"name":"wp","href":"https:\/\/api.w.org\/{rel}","templated":true}]}}