{"id":6221,"date":"2022-04-16T14:55:06","date_gmt":"2022-04-16T12:55:06","guid":{"rendered":"https:\/\/thrillsyndicate.com\/shop\/edelrid-hms-bullet-permalock\/"},"modified":"2025-08-29T15:34:00","modified_gmt":"2025-08-29T13:34:00","slug":"edelrid-hms-bullet-permalock","status":"publish","type":"product","link":"https:\/\/thrillsyndicate.com\/de\/product\/edelrid-hms-bullet-permalock\/","title":{"rendered":"Edelrid HMS BULLET PERMALOCK Karabiner"},"content":{"rendered":"<p data-sourcepos=\"9:1-9:289\">Der Edelrid HMS Bullet PermaLock Karabiner ist f\u00fcr Profis in der Abenteuer-, Outdoor-, Vergn\u00fcgungs- und Freizeitindustrie ein absolutes Novum. Dieser innovative Karabiner stellt die Sicherheit in den Vordergrund, ohne die Benutzerfreundlichkeit zu beeintr\u00e4chtigen, und ist damit der perfekte Begleiter f\u00fcr die anspruchsvollsten Aufgaben. <\/p>\n<h2 data-sourcepos=\"11:1-11:51\">Unerreichte Sicherheit: Seelenfrieden<\/h2>\n<ul data-sourcepos=\"13:1-16:0\">\n<li data-sourcepos=\"13:1-13:195\"><strong>PermaLock Mechanismus:<\/strong> Die geniale PermaLock Technologie von Edelrid verf\u00fcgt \u00fcber einen integrierten Druckverschluss, der die Drehh\u00fclse sichert und das Risiko eines versehentlichen \u00d6ffnens vollst\u00e4ndig ausschlie\u00dft.<\/li>\n<li data-sourcepos=\"14:1-14:196\"><strong>Verriegelbarer Karabiner der Kategorie 3:<\/strong> Zertifiziert nach dem strengen Standard des Deutschen Alpenvereins (DAV) der Kategorie 3, bietet der HMS Bullet PermaLock das h\u00f6chste Ma\u00df an Sicherheit f\u00fcr kritische Anwendungen.<\/li>\n<li data-sourcepos=\"15:1-16:0\"><strong>Visuelle Verriegelungsbest\u00e4tigung:<\/strong> Ein roter Indikator auf dem Schnapper gibt ein klares visuelles Signal und best\u00e4tigt, dass der Karabiner sicher verriegelt ist.<\/li>\n<\/ul>\n<h2 data-sourcepos=\"17:1-17:48\">M\u00fchelose Handhabung: Entwickelt f\u00fcr Effizienz<\/h2>\n<ul data-sourcepos=\"19:1-22:0\">\n<li data-sourcepos=\"19:1-19:138\"><strong>Keylock-Verschluss:<\/strong> Der Keylock-Verschluss verhindert ein H\u00e4ngenbleiben und erm\u00f6glicht ein reibungsloses An- und Ablegen, selbst in un\u00fcbersichtlichen Umgebungen.<\/li>\n<li data-sourcepos=\"20:1-20:145\"><strong>H-Profil Konstruktion:<\/strong> Dieses innovative Design optimiert die Materialausnutzung, was zu einem leichten Karabiner f\u00fchrt, ohne an St\u00e4rke einzub\u00fc\u00dfen.<\/li>\n<li data-sourcepos=\"21:1-22:0\"><strong>Intuitiver Schraubverschluss:<\/strong> Die vertraute Bedienung des Schraubverschlusses gew\u00e4hrleistet eine einfache Handhabung f\u00fcr Profis, die an Standardkarabiner gew\u00f6hnt sind.<\/li>\n<\/ul>\n<h2 data-sourcepos=\"23:1-23:55\">Technische Spezifikationen f\u00fcr unersch\u00fctterliche Leistung<\/h2>\n<ul data-sourcepos=\"25:1-28:0\">\n<li data-sourcepos=\"25:1-25:116\"><strong>Leichtgewicht:<\/strong> Mit einem Gewicht von nur 75 Gramm minimiert das HMS Bullet PermaLock unn\u00f6tiges Gewicht an Ihren Ausr\u00fcstungsschlaufen.<\/li>\n<li data-sourcepos=\"26:1-26:137\"><strong>Langlebige Konstruktion:<\/strong> Hergestellt aus hochfestem Aluminium, bietet dieser Karabiner eine au\u00dfergew\u00f6hnliche Haltbarkeit f\u00fcr eine lange Nutzung.<\/li>\n<li data-sourcepos=\"27:1-28:0\"><strong>Zertifizierte Sicherheit:<\/strong> Der Karabiner ist nach den Normen EN 12275 und EN 362 zertifiziert und erf\u00fcllt somit die strengen Sicherheitsvorschriften.<\/li>\n<\/ul>\n<p data-sourcepos=\"29:1-29:218\">Der Edelrid HMS Bullet PermaLock Karabiner ist die ultimative Wahl f\u00fcr Profis, die eine Balance zwischen unvergleichlicher Sicherheit und benutzerfreundlicher Bedienung suchen. Investieren Sie in Ihre Sicherheit und erleben Sie den Unterschied. <\/p>\n<p>Durch den integrierten Druckverschluss kann die drehbare Verschlussh\u00fclse des Karabinerverschlusses blockiert werden und ist somit gegen unbeabsichtigtes \u00d6ffnen gesichert. Damit verbindet der HMS BULLET PERMALOCK die Sicherheit eines Verschlusskarabiners nach Kategorie 3 der Bestimmungen des Deutschen Alpenvereins (DAV) mit der Benutzerfreundlichkeit einer normalen Schraube.<\/p>\n<p><iframe loading=\"lazy\" title=\"HMS BULLET PERMALOCK\" width=\"980\" height=\"551\" src=\"https:\/\/www.youtube.com\/embed\/pRoJARM8-qI?feature=oembed\" frameborder=\"0\" allow=\"accelerometer; autoplay; clipboard-write; encrypted-media; gyroscope; picture-in-picture\" allowfullscreen><\/iframe><\/p>\n<h2>Alle Spezifikationen<\/h2>\n<ul>\n<li>Keylock-Verschlussmechanismus f\u00fcr optimales Handling beim Ein- und Ausclipsen<\/li>\n<li>Die H-Profil-Konstruktion sorgt f\u00fcr bestm\u00f6gliche Materialausnutzung und minimales Gewicht<\/li>\n<li>Verschlusskarabiner, gem\u00e4\u00df Kategorie 3 der Bestimmungen des Deutschen Alpenvereins (DAV) \u00fcber Verschlusskarabiner<\/li>\n<li>Verbesserte Sicherheit kombiniert mit der gewohnt einfachen Handhabung eines normalen Schraubkarabiners<\/li>\n<li>Fmax. Hauptachse: 26 kN<\/li>\n<li>Fmax. ge\u00f6ffnet : 9 kN<\/li>\n<li>Fmax. Nebenachse: 10 kN<\/li>\n<li>Breite: 75 mm<\/li>\n<li>Tor\u00f6ffnung: 24 mm<\/li>\n<li>Zertifizierung: EN 12275<\/li>\n<li>Zertifizierung: EN 362<\/li>\n<li>Material: Aluminium<\/li>\n<li>Verschluss: PermaLock<\/li>\n<li>Karabiner Form : HMS<\/li>\n<\/ul>\n<h3 class=\"western\">\ud83d\udc49 Sie suchen einen bestimmten Edelrid-Artikel, der nicht im Shop gelistet ist? Wir vertreiben das komplette Portfolio f\u00fcr Abenteuer, Sport und Sicherheit. Bitte <strong><a href=\"https:\/\/thrillsyndicate.com\/de\/kontakt\/\">senden Sie<\/a><\/strong> uns eine E-Mail oder sehen Sie sich die vollst\u00e4ndige <strong><a href=\"https:\/\/thrillsyndicate.com\/edelrid-safety-price-list-2025\/\">Sicherheitspreisliste hier<\/a><\/strong>. \ud83d\udc48<\/h3>\n","protected":false},"excerpt":{"rendered":"<p>Der Edelrid HMS Bullet PermaLock Karabiner verbindet nahtlos erstklassige Sicherheit mit benutzerfreundlicher Bedienung. Sein innovativer PermaLock-Mechanismus verhindert ein versehentliches \u00d6ffnen, w\u00e4hrend der Keylock-Verschluss ein m\u00fcheloses Ein- und Ausklinken gew\u00e4hrleistet. <\/p>\n","protected":false},"featured_media":13583,"template":"","meta":{"_coblocks_attr":"","_coblocks_dimensions":"","_coblocks_responsive_height":"","_coblocks_accordion_ie_support":"","wds_primary_product_brand":0,"wds_primary_product_cat":0},"product_brand":[62],"product_cat":[160,813,843],"product_tag":[833,175,874,176],"class_list":{"0":"post-6221","1":"product","2":"type-product","3":"status-publish","4":"has-post-thumbnail","6":"product_brand-edelrid","7":"product_cat-ropes-carabiners","8":"product_cat-carabiners","9":"product_cat-connectors","10":"product_tag-hms","11":"product_tag-carabiner","12":"product_tag-permalock","13":"product_tag-connecting","15":"first","16":"instock","17":"taxable","18":"shipping-taxable","19":"purchasable","20":"product-type-variable","21":"has-default-attributes"},"_links":{"self":[{"href":"https:\/\/thrillsyndicate.com\/de\/wp-json\/wp\/v2\/product\/6221","targetHints":{"allow":["GET"]}}],"collection":[{"href":"https:\/\/thrillsyndicate.com\/de\/wp-json\/wp\/v2\/product"}],"about":[{"href":"https:\/\/thrillsyndicate.com\/de\/wp-json\/wp\/v2\/types\/product"}],"wp:featuredmedia":[{"embeddable":true,"href":"https:\/\/thrillsyndicate.com\/de\/wp-json\/wp\/v2\/media\/13583"}],"wp:attachment":[{"href":"https:\/\/thrillsyndicate.com\/de\/wp-json\/wp\/v2\/media?parent=6221"}],"wp:term":[{"taxonomy":"product_brand","embeddable":true,"href":"https:\/\/thrillsyndicate.com\/de\/wp-json\/wp\/v2\/product_brand?post=6221"},{"taxonomy":"product_cat","embeddable":true,"href":"https:\/\/thrillsyndicate.com\/de\/wp-json\/wp\/v2\/product_cat?post=6221"},{"taxonomy":"product_tag","embeddable":true,"href":"https:\/\/thrillsyndicate.com\/de\/wp-json\/wp\/v2\/product_tag?post=6221"}],"curies":[{"name":"wp","href":"https:\/\/api.w.org\/{rel}","templated":true}]}}