{"id":6231,"date":"2022-04-20T12:32:34","date_gmt":"2022-04-20T10:32:34","guid":{"rendered":"https:\/\/thrillsyndicate.com\/shop\/haulerbiner-compact-rescue-kit\/"},"modified":"2025-08-26T13:25:04","modified_gmt":"2025-08-26T11:25:04","slug":"haulerbiner-compact-rescue-kit","status":"publish","type":"product","link":"https:\/\/thrillsyndicate.com\/de\/product\/haulerbiner-compact-rescue-kit\/","title":{"rendered":"HaulerBiner Compact Rescue Kit"},"content":{"rendered":"<p>Der HaulerBiner verf\u00fcgt \u00fcber drei seilrolle R\u00e4der, die in jeden Karabiner integriert sind und ein kompaktes und leichtes 6:1 oder 7:1 (theoretisch) Mechanical Advantage System bilden. Der HaulerBiner verf\u00fcgt au\u00dferdem \u00fcber eine speziell entwickelte Fortschrittserfassungskamera mit einer \u201eEin\/Aus\u201c-Position. Der HaulerBiner verwendet ein speziell entwickeltes 6-mm-Seil (1\/4 Zoll) f\u00fcr St\u00e4rke und einfache Handhabung\/besten Halt. Das Kit wird in einer Tasche mit zwei Beuteln f\u00fcr eine einfache Bereitstellung geliefert.<\/p>\n<p>Der HaulerBiner ist bis 140 kg (310 lbs) belastbar, hat aber eine MBS von mindestens 16 kN\/3500 lbs, die als komplettes System getestet wurde. Kits sind in drei Standardl\u00e4ngen erh\u00e4ltlich; 105 cm (41&#8243;), 165 cm (65&#8243;) oder 300 cm (118&#8243;), mit kundenspezifischen L\u00e4ngen auf Anfrage erh\u00e4ltlich. Die L\u00e4nge des Systems betr\u00e4gt im vollst\u00e4ndig zusammengezogenen Zustand nur 32 cm (12&#8243;)!<\/p>\n<p>Der HaulerBiner kann auf verschiedene Weise verwendet werden:<\/p>\n<ul>\n<li>Als Teil eines Pick-off-Systems<\/li>\n<li>Ziehen Sie bei einer Struktur das System herunter und erreichen Sie einen (theoretischen) MA von 6:1<\/li>\n<li>Wenn Sie in einem Gurt h\u00e4ngen, ziehen Sie sich am System hoch und erreichen Sie einen 7:1 (theoretischen) MA<\/li>\n<li>Mit einem D4\/D2-Abseilger\u00e4t als Teil eines Kurzstrecken-\/Langstreckensystems<\/li>\n<li>Als Spannsystem f\u00fcr Kurz-\/Low Load Lines<\/li>\n<li>Als Krankentrage-Verwaltungsger\u00e4t mit zwei oder mehr HaulerBinern, um die Ausrichtung der Krankentrage einfach zu \u00e4ndern oder anzupassen<\/li>\n<\/ul>\n<p><iframe loading=\"lazy\" title=\"ISC HaulerBiner compact rescue kit\" width=\"980\" height=\"551\" src=\"https:\/\/www.youtube.com\/embed\/tnRkSlMSF94?feature=oembed\" frameborder=\"0\" allow=\"accelerometer; autoplay; clipboard-write; encrypted-media; gyroscope; picture-in-picture\" allowfullscreen><\/iframe><\/p>\n<h2>Spezifikationen<\/h2>\n<p class=\"clsTechSpecs\"><strong>(WLL) Arbeitsbelastungsgrenze (kg): <\/strong>140<br \/>\n<strong>(WLL) Arbeitsbelastungsgrenze (lbs): <\/strong>308<br \/>\n<strong>(MBS) Mindestbruchkraft (kN): <\/strong>16<br \/>\n<strong>(MBS) Mindestbruchkraft (lbf): <\/strong>3596<br \/>\n<strong>Seriennummerierung: <\/strong>Serienm\u00e4\u00dfig<br \/>\n<strong>EZYiD: <\/strong>Erh\u00e4ltlich auf Anfrage<br \/>\n<strong>Tor\/Schloss-Typ: <\/strong>Supersafe<br \/>\n<strong>Zugelassene Normen:<\/strong> Entspricht EN 12278 und EN567<\/p>\n","protected":false},"excerpt":{"rendered":"<p>Das HaulerBiner Compact Rescue Kit ist ein leichtes, kompaktes und einfach zu verwendendes\/einzusetzendes Ger\u00e4t. Der HaulerBiner ist vollst\u00e4ndig f\u00fcr das Heben von Personen ausgelegt. Der HaulerBiner Rescue ist ein kompaktes Set, das am Gurt getragen und f\u00fcr die Pick-off-Rettung bei H\u00f6henarbeiten und Seilrettungen verwendet werden kann. Der HaulerBiner kann auch verwendet werden, um die Ausrichtung einer Krankentrage einfach anzupassen und kann zum Spannen auf Kurzstrecken verwendet werden.<\/p>\n","protected":false},"featured_media":4668,"template":"","meta":{"_coblocks_attr":"","_coblocks_dimensions":"","_coblocks_responsive_height":"","_coblocks_accordion_ie_support":"","wds_primary_product_brand":0,"wds_primary_product_cat":0},"product_brand":[171],"product_cat":[92],"product_tag":[903,539,427,436],"class_list":{"0":"post-6231","1":"product","2":"type-product","3":"status-publish","4":"has-post-thumbnail","6":"product_brand-isc","7":"product_cat-descent-rescue-devices","8":"product_tag-abseilgerate","9":"product_tag-abstieg-rettung","10":"product_tag-hochseilgarten","11":"product_tag-seilrutsche","13":"first","14":"instock","15":"taxable","16":"shipping-taxable","17":"purchasable","18":"product-type-variable"},"_links":{"self":[{"href":"https:\/\/thrillsyndicate.com\/de\/wp-json\/wp\/v2\/product\/6231","targetHints":{"allow":["GET"]}}],"collection":[{"href":"https:\/\/thrillsyndicate.com\/de\/wp-json\/wp\/v2\/product"}],"about":[{"href":"https:\/\/thrillsyndicate.com\/de\/wp-json\/wp\/v2\/types\/product"}],"wp:featuredmedia":[{"embeddable":true,"href":"https:\/\/thrillsyndicate.com\/de\/wp-json\/wp\/v2\/media\/4668"}],"wp:attachment":[{"href":"https:\/\/thrillsyndicate.com\/de\/wp-json\/wp\/v2\/media?parent=6231"}],"wp:term":[{"taxonomy":"product_brand","embeddable":true,"href":"https:\/\/thrillsyndicate.com\/de\/wp-json\/wp\/v2\/product_brand?post=6231"},{"taxonomy":"product_cat","embeddable":true,"href":"https:\/\/thrillsyndicate.com\/de\/wp-json\/wp\/v2\/product_cat?post=6231"},{"taxonomy":"product_tag","embeddable":true,"href":"https:\/\/thrillsyndicate.com\/de\/wp-json\/wp\/v2\/product_tag?post=6231"}],"curies":[{"name":"wp","href":"https:\/\/api.w.org\/{rel}","templated":true}]}}