{"id":6237,"date":"2022-04-16T12:55:23","date_gmt":"2022-04-16T10:55:23","guid":{"rendered":"https:\/\/thrillsyndicate.com\/shop\/isk-d5-arbeits-rettungs-abseilgeraet\/"},"modified":"2025-08-29T15:34:13","modified_gmt":"2025-08-29T13:34:13","slug":"isc-d5-work-rescue-descender","status":"publish","type":"product","link":"https:\/\/thrillsyndicate.com\/de\/product\/isc-d5-work-rescue-descender\/","title":{"rendered":"ISC D5 | Arbeits-\/Rettungsabseilger\u00e4t"},"content":{"rendered":"<p>Das D5 Abseilger\u00e4t verf\u00fcgt \u00fcber einen doppelten Sicherheitsverschluss, d.h. wenn es beladen ist, k\u00f6nnen die Seitenplatten aufgrund der Positionierung des Karabiners und des Sicherheitsverschlusses mit Druckknopf nicht aufgedreht werden.<\/p>\n<p>Das D5 l\u00e4sst sich leicht am Seil befestigen\/abnehmen, ohne sich vom Gurt des Bedieners zu l\u00f6sen, wodurch das Risiko eines versehentlichen Herunterfallens des Ger\u00e4ts eliminiert wird. Das Seil l\u00e4sst sich leicht durch das D5 zur\u00fcckf\u00fchren und kann daher f\u00fcr einen reibungslosen Aufstieg oder f\u00fcr den Notzug (bei Verwendung als Teil eines 2: 1-Z-Rigs) verwendet werden.<\/p>\n<p>Der D5 ist konform mit NFPA G und ANSI Z359.4 f\u00fcr die nordamerikanischen Feuerwehr-\/Rettungs- und Turmkletterer-M\u00e4rkte, die normalerweise 1\/2-Zoll-Seile verwenden.<\/p>\n<p>Das D5 hat eine Nennlast von 240 kg (529 lb), was es zu einem echten Work\/Rescue Abseilger\u00e4t macht. Es ist nicht notwendig, zus\u00e4tzliche Reibung einzubauen, um diese Belastungen zu erreichen, obwohl dies f\u00fcr ein noch h\u00f6heres Ma\u00df an Kontrolle bei Sicherungsanwendungen n\u00fctzlich sein kann. Das Mindestgewicht des Benutzers f\u00fcr diese Ger\u00e4te betr\u00e4gt 60 kg (132 lb).<\/p>\n<p><iframe loading=\"lazy\" title=\"ISC D5 Work Rescue Descender for 1\/2&quot; (12.7mm) rope\" width=\"980\" height=\"551\" src=\"https:\/\/www.youtube.com\/embed\/VNNjOsXn0ns?feature=oembed\" frameborder=\"0\" allow=\"accelerometer; autoplay; clipboard-write; encrypted-media; gyroscope; picture-in-picture\" allowfullscreen><\/iframe><\/p>\n<h2>Technische Information<\/h2>\n<p class=\"clsTechSpecs\"><strong>Kompatibel mit Seildurchmesser (mm)<\/strong> 12,7 (1\/2&#8243;)<br \/>\n<strong>Panikbremse:<\/strong> Ja<br \/>\n<strong>Personenzahl:<\/strong> 2<br \/>\n<strong>(WLL) Arbeitsbelastungsgrenze (kg):<\/strong> 240<br \/>\n<strong>(WLL) Arbeitsbelastungsgrenze (lbs):<\/strong> 529<br \/>\n<strong>ANSI-konforme Version:<\/strong> Als Standard<br \/>\n<strong>Seriennummerierung:<\/strong> Serienm\u00e4\u00dfig<br \/>\n<strong>EZYiD:<\/strong> Auf Anfrage erh\u00e4ltlich<br \/>\n<strong>Nockenmaterial:<\/strong> Edelstahl<br \/>\n<strong>Ausf\u00fchrung:<\/strong> Eloxiert<\/p>\n<h3>Anerkannte Normen<\/h3>\n<p>EN12841:2006\/C<br \/>\nErf\u00fcllt NFPA 1983 G<br \/>\nErf\u00fcllt ANSI Z359.4:2013<\/p>\n","protected":false},"excerpt":{"rendered":"<p>Der D5 ist ein Doppelstopper mit einer automatischen Verriegelungsfunktion (die aktiviert wird, sobald der Bediener den Griff losl\u00e4sst) und einer Panikbremse, die im normalen Gebrauch nicht \u00fcberm\u00e4\u00dfig empfindlich ist.<\/p>\n","protected":false},"featured_media":4599,"template":"","meta":{"_coblocks_attr":"","_coblocks_dimensions":"","_coblocks_responsive_height":"","_coblocks_accordion_ie_support":"","wds_primary_product_brand":0,"wds_primary_product_cat":0},"product_brand":[171],"product_cat":[92,840],"product_tag":[811,93,55],"class_list":{"0":"post-6237","1":"product","2":"type-product","3":"status-publish","4":"has-post-thumbnail","6":"product_brand-isc","7":"product_cat-descent-rescue-devices","8":"product_cat-descenders","9":"product_tag-descender","10":"product_tag-descent-rescue","11":"product_tag-ropes-course","13":"first","14":"instock","15":"taxable","16":"shipping-taxable","17":"purchasable","18":"product-type-simple"},"_links":{"self":[{"href":"https:\/\/thrillsyndicate.com\/de\/wp-json\/wp\/v2\/product\/6237","targetHints":{"allow":["GET"]}}],"collection":[{"href":"https:\/\/thrillsyndicate.com\/de\/wp-json\/wp\/v2\/product"}],"about":[{"href":"https:\/\/thrillsyndicate.com\/de\/wp-json\/wp\/v2\/types\/product"}],"wp:featuredmedia":[{"embeddable":true,"href":"https:\/\/thrillsyndicate.com\/de\/wp-json\/wp\/v2\/media\/4599"}],"wp:attachment":[{"href":"https:\/\/thrillsyndicate.com\/de\/wp-json\/wp\/v2\/media?parent=6237"}],"wp:term":[{"taxonomy":"product_brand","embeddable":true,"href":"https:\/\/thrillsyndicate.com\/de\/wp-json\/wp\/v2\/product_brand?post=6237"},{"taxonomy":"product_cat","embeddable":true,"href":"https:\/\/thrillsyndicate.com\/de\/wp-json\/wp\/v2\/product_cat?post=6237"},{"taxonomy":"product_tag","embeddable":true,"href":"https:\/\/thrillsyndicate.com\/de\/wp-json\/wp\/v2\/product_tag?post=6237"}],"curies":[{"name":"wp","href":"https:\/\/api.w.org\/{rel}","templated":true}]}}