{"id":6244,"date":"2022-04-19T09:55:50","date_gmt":"2022-04-19T07:55:50","guid":{"rendered":"https:\/\/thrillsyndicate.com\/shop\/edelrid-vertic-dreifachschloss-ganzkoerpergurt\/"},"modified":"2025-08-29T15:33:52","modified_gmt":"2025-08-29T13:33:52","slug":"edelrid-vertic-triple-lock-ganzkoerpergurt","status":"publish","type":"product","link":"https:\/\/thrillsyndicate.com\/de\/product\/edelrid-vertic-triple-lock-ganzkoerpergurt\/","title":{"rendered":"Edelrid Vertic Triple Lock II | Komplettgurt"},"content":{"rendered":"<p>Um maximalen Komfort in jeder Arbeitsposition zu gew\u00e4hrleisten, sind der halbstarre H\u00fcftgurt und die halbstarren Beinschlaufen extra weit geschnitten und mit atmungsaktivem 3D-Mesh gepolstert. Dieses Design gew\u00e4hrleistet maximale Unterst\u00fctzung und hervorragende Luftzirkulation. Der H\u00fcftgurt wird mit einem VCR-Verschluss an den vertikalen R\u00fcckengurten befestigt. Dies erm\u00f6glicht eine optimale Verteilung der Last zwischen dem H\u00fcftgurt und den Schultergurten, wenn schwere Ausr\u00fcstung getragen wird. Gleichzeitig erm\u00f6glicht der VCR-Verschluss eine schnelle L\u00e4ngenanpassung zwischen H\u00fcftgurt und Beinschlaufen.<\/p>\n<p>Inspiriert von unseren Klettergurten haben die Beinschlaufen ein dreidimensionales Design und elastische Eins\u00e4tze vorne und sorgen so f\u00fcr maximale Bewegungsfreiheit und einzigartigen H\u00e4ngekomfort. Die ergonomische Form der gepolsterten Schultergurte reduziert Druckstellen am Hals und im Nacken. Dank der selbstverriegelnden Triple Lock II-Schnallen am Brustgurt k\u00f6nnen Sie den VERTIC TRIPLE LOCK II schnell an- und ablegen, ohne ihn \u00fcber den Kopf zu ziehen.<\/p>\n<p>Eine Besonderheit ist die integrierte Bruststeigklemme nach EN 12841-B (150 kg). Im Gegensatz zu herk\u00f6mmlichen Seilzugangsgurten ist die Bruststeigklemme fest mit dem VERTIC TRIPLE LOCK II vern\u00e4ht. Dadurch wird verhindert, dass es sich um die eigene Achse dreht. Gleichzeitig sorgt das abnehmbare Chestfit-System (zwei elastische B\u00e4nder um die Brust) daf\u00fcr, dass die Bruststeigklemme unabh\u00e4ngig von der Belastung des Gurtsystems eng am K\u00f6rper bleibt. Diese Kombination ergibt eine beispiellose Effizienz beim Klettern am Seil.<\/p>\n<p>Auch in puncto Ausstattung l\u00e4sst der VERTIC TRIPLE LOCK II keine W\u00fcnsche offen. Es verf\u00fcgt \u00fcber zwei Auffang\u00f6sen nach EN 361 (sternal und dorsal) und eine ventrale \u00d6se nach EN 813 (maximales Benutzergewicht: 150 kg) sowie zwei seitliche Positionierungs\u00f6sen f\u00fcr Arbeits- und Ruheposition nach EN 358 . Dar\u00fcber hinaus ist der komplette Auffanggurt nach ANSI Z359.11 zertifiziert, was ihn zu einem der vielseitigsten Auffanggurte auf dem Markt macht.<\/p>\n<p><iframe loading=\"lazy\" title=\"Edelrid Vertic Triple Lock | Full Body Har\u00adnes\u00ads\" width=\"980\" height=\"551\" src=\"https:\/\/www.youtube.com\/embed\/TIgS-3zYWZA?feature=oembed\" frameborder=\"0\" allow=\"accelerometer; autoplay; clipboard-write; encrypted-media; gyroscope; picture-in-picture\" allowfullscreen><\/iframe><\/p>\n<h2>Spezifikationen<\/h2>\n<ul>\n<li>Die vertikalen R\u00fcckengurte verlaufen seitlich \u00fcber der H\u00fcfte. Dies gew\u00e4hrleistet maximale Bewegungsfreiheit der Oberschenkel und beim Beugen des Oberk\u00f6rpers.<\/li>\n<li>Der H\u00fcftgurt wird mit einem VCR-Verschluss an den vertikalen R\u00fcckengurten befestigt. Dadurch wird beim Tragen schwerer Ausr\u00fcstung die Last optimal auf die Schultergurte \u00fcbertragen.<\/li>\n<li>Beinschlaufenkonstruktion mit dreidimensionalem Design und elastischen Eins\u00e4tzen f\u00fcr maximale Bewegungsfreiheit und optimalen H\u00e4ngekomfort<\/li>\n<li>Abgedeckte Schnallen sch\u00fctzen das Gurtband an exponierten Stellen vor vorzeitigem Verschlei\u00df.<\/li>\n<li>Einfaches und schnelles Handling der Bandenden (auch mit Handschuhen) durch eine Stoppernaht vor dem Endanschlag<\/li>\n<li>Zwei Steigschutz\u00f6sen nach EN 361 (dorsale Fallschutz\u00f6se flexibel montiert, um ein H\u00e4ngenbleiben in Sch\u00e4chten oder engen Passagen zu verhindern)<\/li>\n<li>Vier starre Materialschlaufen f\u00fcr bis zu 12 Karabiner (Belastung: 25 kg)<\/li>\n<li>Zwei Materialgurte mit Klickschnallen auf der R\u00fcckseite des H\u00fcftgurts zum Anbringen weiterer Ausr\u00fcstung (z. B. Erste-Hilfe-Set)<\/li>\n<li>2 gro\u00dfe Aluminium-D-Ringe als seitliche \u00d6sen nach EN 358 bieten eine Arbeitsposition und eine Bereitschaftsposition zum Befestigen eines Verbindungsmittels<\/li>\n<li>Zentrale \u00d6se nach EN 813 zum Anbringen eines Abseilger\u00e4tes<\/li>\n<li>An jeder Beinschlaufe eine Befestigungsm\u00f6glichkeit f\u00fcr den SM-Clip<\/li>\n<li>2 zentrale Schlaufen zum Anbringen eines Arbeitsplatzpositionierungssitzes (Air Lounge)<\/li>\n<li>2 frei positionierbare Materialschlaufen zur Aufnahme eines Verbindungsmittels in Y-Form (Belastung: 0 kN)<\/li>\n<li>Das Gurtzeug l\u00e4sst sich leicht seitlich an- und ausziehen (mittels Triple-Lock-Schnalle); Sie m\u00fcssen es nicht \u00fcber den Kopf ziehen<\/li>\n<li>2 Schlaufen am Brustgurt zur Befestigung eines Funkger\u00e4tes oder zur Aufnahme eines Auffangger\u00e4tes<\/li>\n<li>ANSI-zertifiziert<\/li>\n<li>Integrierter RFID-Chip zur vereinfachten Betriebsdokumentation<\/li>\n<li>CHEST CRUISER integrierte Bruststeigklemme f\u00fcr maximale Effizienz beim Klettern am Seil<\/li>\n<li>2 elastische B\u00e4nder um die Brust f\u00fcr jederzeit perfekten Sitz (unabh\u00e4ngig von der Belastung des Gurtsystems)<\/li>\n<li>Zertifizierung : EN 361, EN 358, EN 813, ANSI \/ ASSE Z359.11-2014<\/li>\n<li>Absturzsicherungs\u00f6se vorne: Ja<\/li>\n<li>Fallschutz\u00f6se hinten: Ja<\/li>\n<li>Seitliche \u00d6sen: Ja<\/li>\n<li>R\u00fcckhalteschleife: Ja<\/li>\n<li>Verstellbare Beinschlaufen: Ja<\/li>\n<li>Bewegliche Schaumstoff-Taillenpolsterung: Ja<\/li>\n<\/ul>\n<h3>Gr\u00f6\u00dfentabelle<\/h3>\n<div class=\"ed-blog-content\">Sie sind sich Ihrer Gr\u00f6\u00dfe nicht sicher? Hier finden Sie die aktuelle Gr\u00f6\u00dfentabelle!<\/div>\n<div>\n<table class=\"uk-table ed-table-fixed ed-table-sticky uk-margin-remove-top\">\n<thead>\n<tr>\n<th>Gr\u00f6\u00dfe<\/th>\n<th>K\u00f6rpergr\u00f6\u00dfe<\/th>\n<th>H\u00fcftumfang<\/th>\n<th>Umfang der Oberschenkel<\/th>\n<\/tr>\n<\/thead>\n<tbody>\n<tr>\n<td>Gr\u00f6\u00dfe 0<\/td>\n<td>155 &#8211; 170 cm<\/td>\n<td>63 &#8211; 88 cm<\/td>\n<td>48 &#8211; 65 cm<\/td>\n<\/tr>\n<tr>\n<td>Gr\u00f6\u00dfe 1<\/td>\n<td>165 &#8211; 185 cm<\/td>\n<td>70 &#8211; 95 cm<\/td>\n<td>48 &#8211; 65 cm<\/td>\n<\/tr>\n<tr>\n<td>Gr\u00f6\u00dfe 2<\/td>\n<td>175 &#8211; 200 cm<\/td>\n<td>85 &#8211; 120 cm<\/td>\n<td>55 &#8211; 72 cm<\/td>\n<\/tr>\n<\/tbody>\n<\/table>\n<\/div>\n<div><\/div>\n<h3 class=\"western\">\ud83d\udc49 Sie suchen einen bestimmten Edelrid-Artikel, der nicht im Shop gelistet ist? Wir vertreiben das komplette Portfolio f\u00fcr Abenteuer, Sport und Sicherheit. Bitte <strong><a href=\"https:\/\/thrillsyndicate.com\/de\/kontakt\/\">senden Sie<\/a><\/strong> uns eine E-Mail oder sehen Sie sich die vollst\u00e4ndige <strong><a href=\"https:\/\/thrillsyndicate.com\/edelrid-safety-price-list-2025\/\">Sicherheitspreisliste hier<\/a><\/strong>. \ud83d\udc48<\/h3>\n","protected":false},"excerpt":{"rendered":"<p>Der VETRIC ist ein voll ausgestatteter Auffang-, Arbeitsplatzpositionierungs- und Sitzgurt mit einer Vielzahl innovativer und detaillierter L\u00f6sungen. F\u00fcr noch mehr Effizienz beim Aufstieg und Bewegen in Seilsystemen ist die Bruststeigklemme CHEST CRUISER fest im VERTIC TRIPLE LOCK eingen\u00e4ht.<\/p>\n","protected":false},"featured_media":4626,"template":"","meta":{"_coblocks_attr":"","_coblocks_dimensions":"","_coblocks_responsive_height":"","_coblocks_accordion_ie_support":"","wds_primary_product_brand":0,"wds_primary_product_cat":0},"product_brand":[62],"product_cat":[60,804,884],"product_tag":[93,800,63,55,64,67],"class_list":{"0":"post-6244","1":"product","2":"type-product","3":"status-publish","4":"has-post-thumbnail","6":"product_brand-edelrid","7":"product_cat-ropes-course-harnesses","8":"product_cat-work-safety-harnesses","9":"product_cat-professional-harnesses","10":"product_tag-descent-rescue","11":"product_tag-work-safety","12":"product_tag-harnesses","13":"product_tag-ropes-course","14":"product_tag-full-body-harness","15":"product_tag-ppe","17":"first","18":"instock","19":"taxable","20":"shipping-taxable","21":"purchasable","22":"product-type-variable","23":"has-default-attributes"},"_links":{"self":[{"href":"https:\/\/thrillsyndicate.com\/de\/wp-json\/wp\/v2\/product\/6244","targetHints":{"allow":["GET"]}}],"collection":[{"href":"https:\/\/thrillsyndicate.com\/de\/wp-json\/wp\/v2\/product"}],"about":[{"href":"https:\/\/thrillsyndicate.com\/de\/wp-json\/wp\/v2\/types\/product"}],"wp:featuredmedia":[{"embeddable":true,"href":"https:\/\/thrillsyndicate.com\/de\/wp-json\/wp\/v2\/media\/4626"}],"wp:attachment":[{"href":"https:\/\/thrillsyndicate.com\/de\/wp-json\/wp\/v2\/media?parent=6244"}],"wp:term":[{"taxonomy":"product_brand","embeddable":true,"href":"https:\/\/thrillsyndicate.com\/de\/wp-json\/wp\/v2\/product_brand?post=6244"},{"taxonomy":"product_cat","embeddable":true,"href":"https:\/\/thrillsyndicate.com\/de\/wp-json\/wp\/v2\/product_cat?post=6244"},{"taxonomy":"product_tag","embeddable":true,"href":"https:\/\/thrillsyndicate.com\/de\/wp-json\/wp\/v2\/product_tag?post=6244"}],"curies":[{"name":"wp","href":"https:\/\/api.w.org\/{rel}","templated":true}]}}