{"id":6269,"date":"2022-04-20T13:18:35","date_gmt":"2022-04-20T11:18:35","guid":{"rendered":"https:\/\/thrillsyndicate.com\/shop\/edelrid-vektor-x-ganzkoerpergurt\/"},"modified":"2025-08-26T08:55:55","modified_gmt":"2025-08-26T06:55:55","slug":"edelrid-vector-x-ganzkoerpergurte","status":"publish","type":"product","link":"https:\/\/thrillsyndicate.com\/de\/product\/edelrid-vector-x-ganzkoerpergurte\/","title":{"rendered":"Edelrid VEKTOR X | Komplettgurt"},"content":{"rendered":"<p>Der zweite neue Brustgurt im VECTOR-System ist der VECTOR CHEST X. Im Gegensatz zum VECTOR CHEST Y ist der Brustgurt bei diesem Modell nicht hinten am H\u00fcftgurt befestigt. Zudem besteht die Brust\u00f6se des VECTOR CHEST X nicht aus Metall, sondern aus flexiblem Indikatorband. Das Besondere: Die Gurte des Brustgurtes k\u00f6nnen bei Bewegung des Oberk\u00f6rpers frei durch die textile Auffang\u00f6se laufen.<\/p>\n<p><iframe loading=\"lazy\" title=\"EDELRID \u2013 VECTOR X and VECTOR Y\" width=\"980\" height=\"551\" src=\"https:\/\/www.youtube.com\/embed\/Uzdf15bI1eY?feature=oembed\" frameborder=\"0\" allow=\"accelerometer; autoplay; clipboard-write; encrypted-media; gyroscope; picture-in-picture\" allowfullscreen><\/iframe><\/p>\n<div class=\"uk-flex\">\n<div class=\"uk-flex-1 uk-text-bold\">\n<h2 class=\"h3\">VECTOR SYSTEM &#8211; noch mehr Flexibilit\u00e4t durch modularen Aufbau<\/h2>\n<\/div>\n<\/div>\n<div class=\"uk-grid uk-child-width-1-2@m\">\n<div class=\"ed-blog-content ed-text-columns-1\">\n<ol>\n<li>Innovative Bruststeigklemme mit Gewinde f\u00fcr mehr Effizienz<\/li>\n<li>Verstellbare Beinschlaufen k\u00f6nnen dank Double Lock-Schnallen vollst\u00e4ndig ge\u00f6ffnet werden<\/li>\n<li>FORAS Karabiner zur Verbindung von Brust- und H\u00fcftgurt<\/li>\n<li>Seitliche, vertikal ausgerichtete Textil\u00f6sen nach EN 358<\/li>\n<li>Zentrale \u00d6se nach EN 813 zum Anbringen eines Abseilger\u00e4tes<\/li>\n<li>Vier starre Materialschlaufen f\u00fcr bis zu 12 Karabiner pro Schlaufe (Belastung: 25 kg)<\/li>\n<li>Vier Zubeh\u00f6rschlaufen (Belastbarkeit: 50 kg)<\/li>\n<li>Zwei zentrale Schlaufen zum Anbringen eines Arbeitsplatzpositionierungssitzes (Air Lounge)<\/li>\n<li>Zwei Befestigungsm\u00f6glichkeiten f\u00fcr SM Clip Large Materialkarabiner (Festigkeit: 0 kN)<\/li>\n<li>R\u00fcckhalteschleife<\/li>\n<li>Spezieller Platz f\u00fcr die Installation eines Erste-Hilfe-Kits<\/li>\n<\/ol>\n<p><img loading=\"lazy\" decoding=\"async\" class=\"alignnone size-large wp-image-2081\" src=\"https:\/\/thrillsyndicate.com\/wp-content\/uploads\/2022\/04\/ED_bild-1_Vector-1024x360.jpg\" alt=\"VECTOR SYSTEM - noch mehr Flexibilit\u00e4t durch modularen Aufbau\" width=\"980\" height=\"345\" srcset=\"https:\/\/thrillsyndicate.com\/wp-content\/uploads\/2022\/04\/ED_bild-1_Vector-1024x360.jpg 1024w, https:\/\/thrillsyndicate.com\/wp-content\/uploads\/2022\/04\/ED_bild-1_Vector-458x161.jpg 458w, https:\/\/thrillsyndicate.com\/wp-content\/uploads\/2022\/04\/ED_bild-1_Vector-300x106.jpg 300w, https:\/\/thrillsyndicate.com\/wp-content\/uploads\/2022\/04\/ED_bild-1_Vector-768x270.jpg 768w, https:\/\/thrillsyndicate.com\/wp-content\/uploads\/2022\/04\/ED_bild-1_Vector-100x35.jpg 100w, https:\/\/thrillsyndicate.com\/wp-content\/uploads\/2022\/04\/ED_bild-1_Vector.jpg 1250w\" sizes=\"auto, (max-width: 980px) 100vw, 980px\" \/><\/p>\n<\/div>\n<\/div>\n<h2>Spezifikationen<\/h2>\n<ul>\n<li>Sternale Einbinde\u00f6se (VECTOR X: Textil, VECTOR Y: Metall)<\/li>\n<li>Enth\u00e4lt einen FORAS-Karabiner zur Verbindung von Brust- und H\u00fcftgurt<\/li>\n<li>Vier starre Materialschlaufen f\u00fcr bis zu 12 Karabiner (Belastung: 25 kg)<\/li>\n<li>3D-Vent-Technologie: unschlagbarer Halt und Komfort durch dreidimensionale Formgebung, mit umfassender Kraftverteilung und maximaler Atmungsaktivit\u00e4t<\/li>\n<li>Zentrale \u00d6se nach EN 813 zum Anbringen eines Abseilger\u00e4tes<\/li>\n<li>2 zentrale Schlaufen zum Anbringen eines Arbeitsplatzpositionierungssitzes (Air Lounge)<\/li>\n<li>VCR-Schlaufen an den Schultern, um das Backup-System zu organisieren<\/li>\n<li>Seitliche, vertikal ausgerichtete Textil\u00f6sen (\u00e4hnlich den klassischen Metall\u00f6sen)<\/li>\n<li>2 Befestigungsm\u00f6glichkeiten f\u00fcr SM Clip Large Materialkarabiner (Festigkeit: 0 kN)<\/li>\n<li>Integrierter RFID-Chip zur vereinfachten Betriebsdokumentation<\/li>\n<li>Zertifizierung : EN 361, EN 358, EN 813<\/li>\n<li>Absturzsicherungs\u00f6se vorne: Ja<\/li>\n<li>Seitliche \u00d6sen: Ja<\/li>\n<li>R\u00fcckhalteschleife: Ja<\/li>\n<li>Verstellbare Beinschlaufen: Ja<\/li>\n<li>Bewegliche Schaumstoff-Taillenpolsterung: Ja<\/li>\n<\/ul>\n<h3>Gr\u00f6\u00dfentabelle<\/h3>\n<div class=\"ed-blog-content\">Sie sind sich Ihrer Gr\u00f6\u00dfe nicht sicher? Hier finden Sie die aktuelle Gr\u00f6\u00dfentabelle!<\/div>\n<div class=\"uk-overflow-auto\">\n<table class=\"uk-table uk-margin-medium-top\">\n<thead>\n<tr>\n<th>Gr\u00f6\u00dfe<\/th>\n<th>K\u00f6rpergr\u00f6\u00dfe<\/th>\n<th>H\u00fcftumfang<\/th>\n<th>Beinschlaufen<\/th>\n<th>Gewicht<\/th>\n<\/tr>\n<\/thead>\n<tbody>\n<tr>\n<td>Gr\u00f6\u00dfe 1<\/td>\n<td>160 &#8211; 185 cm<\/td>\n<td>68 &#8211; 95 cm<\/td>\n<td>48 &#8211; 65 cm<\/td>\n<td>1.600 g<\/td>\n<\/tr>\n<tr>\n<td>Gr\u00f6\u00dfe 2<\/td>\n<td>185 &#8211; 200 cm<\/td>\n<td>82 &#8211; 120 cm<\/td>\n<td>55 &#8211; 72 cm<\/td>\n<td>1.750 g<\/td>\n<\/tr>\n<\/tbody>\n<\/table>\n<h3 class=\"western\">\ud83d\udc49 Sie suchen einen bestimmten Edelrid-Artikel, der nicht im Shop gelistet ist? Wir vertreiben das komplette Portfolio f\u00fcr Abenteuer, Sport und Sicherheit. Bitte <strong><a href=\"https:\/\/thrillsyndicate.com\/de\/kontakt\/\">senden Sie<\/a><\/strong> uns eine E-Mail oder sehen Sie sich die vollst\u00e4ndige <strong><a href=\"https:\/\/thrillsyndicate.com\/edelrid-safety-price-list-2025\/\">Sicherheitspreisliste hier<\/a><\/strong>. \ud83d\udc48<\/h3>\n<\/div>\n","protected":false},"excerpt":{"rendered":"<p>Leichter modularer Gurt f\u00fcr alle Arbeiten und Bewegungen am Seil oder in Seilsystemen. Besonders komfortabel dank 3D-Vent-Technologie. Die intelligent integrierte, aber abnehmbare Bruststeigklemme erm\u00f6glicht effizientes Klettern in Seilsystemen.<\/p>\n","protected":false},"featured_media":4674,"template":"","meta":{"_coblocks_attr":"","_coblocks_dimensions":"","_coblocks_responsive_height":"","_coblocks_accordion_ie_support":"","wds_primary_product_brand":0,"wds_primary_product_cat":0},"product_brand":[62],"product_cat":[60,804,884],"product_tag":[539,855,571,575,568],"class_list":{"0":"post-6269","1":"product","2":"type-product","3":"status-publish","4":"has-post-thumbnail","6":"product_brand-edelrid","7":"product_cat-ropes-course-harnesses","8":"product_cat-work-safety-harnesses","9":"product_cat-professional-harnesses","10":"product_tag-abstieg-rettung","11":"product_tag-arbeitssicherheit","12":"product_tag-gurte","13":"product_tag-komplettgurt","14":"product_tag-psa","16":"first","17":"instock","18":"taxable","19":"shipping-taxable","20":"purchasable","21":"product-type-variable","22":"has-default-attributes"},"_links":{"self":[{"href":"https:\/\/thrillsyndicate.com\/de\/wp-json\/wp\/v2\/product\/6269","targetHints":{"allow":["GET"]}}],"collection":[{"href":"https:\/\/thrillsyndicate.com\/de\/wp-json\/wp\/v2\/product"}],"about":[{"href":"https:\/\/thrillsyndicate.com\/de\/wp-json\/wp\/v2\/types\/product"}],"wp:featuredmedia":[{"embeddable":true,"href":"https:\/\/thrillsyndicate.com\/de\/wp-json\/wp\/v2\/media\/4674"}],"wp:attachment":[{"href":"https:\/\/thrillsyndicate.com\/de\/wp-json\/wp\/v2\/media?parent=6269"}],"wp:term":[{"taxonomy":"product_brand","embeddable":true,"href":"https:\/\/thrillsyndicate.com\/de\/wp-json\/wp\/v2\/product_brand?post=6269"},{"taxonomy":"product_cat","embeddable":true,"href":"https:\/\/thrillsyndicate.com\/de\/wp-json\/wp\/v2\/product_cat?post=6269"},{"taxonomy":"product_tag","embeddable":true,"href":"https:\/\/thrillsyndicate.com\/de\/wp-json\/wp\/v2\/product_tag?post=6269"}],"curies":[{"name":"wp","href":"https:\/\/api.w.org\/{rel}","templated":true}]}}