{"id":7070,"date":"2022-06-30T18:01:32","date_gmt":"2022-06-30T16:01:32","guid":{"rendered":"https:\/\/thrillsyndicate.com\/shop\/tweezle-o-fuer-lockd-clips\/"},"modified":"2025-08-26T08:52:55","modified_gmt":"2025-08-26T06:52:55","slug":"tweezle-o-fur-lockd-clips","status":"publish","type":"product","link":"https:\/\/thrillsyndicate.com\/de\/product\/tweezle-o-fur-lockd-clips\/","title":{"rendered":"Tweezle O f\u00fcr LockD Clips"},"content":{"rendered":"<p><span class=\"JsGRdQ\">Der Tweezle O hat die gleiche Sperrfunktion wie der Tweezle Key, ist aber ideal f\u00fcr die Integration von horizontalen und vertikalen Bewegungsabl\u00e4ufen auf Ihrem Parcours.<\/span><span class=\"JsGRdQ white-space-prewrap\"> <\/span><span class=\"JsGRdQ\">Die Tweezle O ist extrem leicht und einfach zu man\u00f6vrieren. Sie ist die perfekte L\u00f6sung f\u00fcr selbstaufrollende Rettungsleinen, Selbstsicherungen und rollende Elemente. Ankerpunkt O-Ring f\u00fcr die LockD Clips Fallschutzausr\u00fcstung und andere Klettersicherungssysteme.<\/span>  Erh\u00e4ltlich in Rot oder Gold. Wir verwenden verschiedene Farben, um Dinge wie &#8222;Das ist eine Seilbahn&#8220; zu kennzeichnen. Wenn Sie auf Ihrer Route horizontale und vertikale Bewegungsabl\u00e4ufe miteinander verbinden, bietet die Tweezle O die gleiche Verriegelungsfunktion wie der Tweezle Key.<br \/>\nDie Tweezle O ist das ideale Hilfsmittel f\u00fcr selbstaufrollende Rettungsleinen, automatische Sicherungen und rollende Elemente, da sie unglaublich leicht und man\u00f6vrierf\u00e4hig ist.  Um die Belastung der LockD Clips w\u00e4hrend eines Sturzes zu minimieren, kann eine Kurzschlussverbindung zwischen dem Ankerpunkt und der PSA des Benutzers verwendet werden.  <\/p>\n<h2>Spezifikationen<\/h2>\n<p><strong>Abmessungen<\/strong>: 9,5 cm x 5 cm x 3 cm  <strong>Gewicht:<\/strong> 115 g  <strong>St\u00e4rke:<\/strong> 36kN  <strong>Standard:<\/strong> UIAA 130:2021 PPE-R\/11.114  <strong>Hergestellt in:<\/strong> Deutschland https:\/\/www.youtube.com\/watch?v=_MC5FSHDRj0<\/p>\n","protected":false},"excerpt":{"rendered":"<p>Der Tweezle O ist ein Anker-O-Ring mit einem integrierten Erkennungszeichen zum Verschlie\u00dfen des Sicherungssystems LockD Clips. Er ist als sicherer Anschlagpunkt in absturzgef\u00e4hrdeten Situationen in Seilg\u00e4rten und anderen Kletteranlagen gedacht, z. B. bei selbstaufrollenden Rettungsleinen, rollenden Elementen, Tarzan-Schaukeln usw.<\/p>\n","protected":false},"featured_media":7061,"template":"","meta":{"_coblocks_attr":"","_coblocks_dimensions":"","_coblocks_responsive_height":"","_coblocks_accordion_ie_support":"","wds_primary_product_brand":0,"wds_primary_product_cat":0},"product_brand":[97],"product_cat":[51],"product_tag":[427,532],"class_list":{"0":"post-7070","1":"product","2":"type-product","3":"status-publish","4":"has-post-thumbnail","6":"product_brand-lockd-clips-continuous-self-belay-system","7":"product_cat-lockd-belay-system","8":"product_tag-hochseilgarten","9":"product_tag-kontinuierliche-sicherung","11":"first","12":"instock","13":"taxable","14":"shipping-taxable","15":"purchasable","16":"product-type-variable"},"_links":{"self":[{"href":"https:\/\/thrillsyndicate.com\/de\/wp-json\/wp\/v2\/product\/7070","targetHints":{"allow":["GET"]}}],"collection":[{"href":"https:\/\/thrillsyndicate.com\/de\/wp-json\/wp\/v2\/product"}],"about":[{"href":"https:\/\/thrillsyndicate.com\/de\/wp-json\/wp\/v2\/types\/product"}],"wp:featuredmedia":[{"embeddable":true,"href":"https:\/\/thrillsyndicate.com\/de\/wp-json\/wp\/v2\/media\/7061"}],"wp:attachment":[{"href":"https:\/\/thrillsyndicate.com\/de\/wp-json\/wp\/v2\/media?parent=7070"}],"wp:term":[{"taxonomy":"product_brand","embeddable":true,"href":"https:\/\/thrillsyndicate.com\/de\/wp-json\/wp\/v2\/product_brand?post=7070"},{"taxonomy":"product_cat","embeddable":true,"href":"https:\/\/thrillsyndicate.com\/de\/wp-json\/wp\/v2\/product_cat?post=7070"},{"taxonomy":"product_tag","embeddable":true,"href":"https:\/\/thrillsyndicate.com\/de\/wp-json\/wp\/v2\/product_tag?post=7070"}],"curies":[{"name":"wp","href":"https:\/\/api.w.org\/{rel}","templated":true}]}}