{"id":7365,"date":"2022-07-25T15:08:49","date_gmt":"2022-07-25T13:08:49","guid":{"rendered":"https:\/\/thrillsyndicate.com\/shop\/edelrid-drehmomentschluessel-4-20-nm\/"},"modified":"2025-08-26T08:48:51","modified_gmt":"2025-08-26T06:48:51","slug":"edelrid-torque-wrench-4-20-nm","status":"publish","type":"product","link":"https:\/\/thrillsyndicate.com\/de\/product\/edelrid-torque-wrench-4-20-nm\/","title":{"rendered":"Edelrid Drehmomentschl\u00fcssel 4 &#8211; 20 Nm"},"content":{"rendered":"<p>Ein Drehmomentschl\u00fcssel ist ein Werkzeug, mit dem ein bestimmtes Drehmoment auf ein Befestigungselement wie eine Mutter, Schraube oder einen Bolzen ausge\u00fcbt werden kann. Er hat normalerweise die Form eines Steckschl\u00fcssels mit speziellen inneren Mechanismen.<\/p>\n<p>Ein Drehmomentschl\u00fcssel wird verwendet, wenn der Anzug von Schrauben und Bolzen entscheidend ist. Er erm\u00f6glicht es dem Bediener, das auf das Verbindungselement ausge\u00fcbte Drehmoment einzustellen, damit es an die Spezifikationen f\u00fcr eine bestimmte Anwendung angepasst werden kann. So k\u00f6nnen alle Teile richtig gespannt und belastet werden. Ein Drehmomentschl\u00fcssel ist ein Werkzeug, mit dem man Schrauben und Muttern mit einem bestimmten Drehmoment anziehen kann. Mit diesem Instrument k\u00f6nnen Verbindungselemente mit der richtigen Spannung angezogen werden, um Sch\u00e4den durch zu starkes Anziehen oder das L\u00f6sen von Verbindungen durch zu geringes Anziehen zu vermeiden. Das bedeutet, dass die Anwendung des richtigen Drehmoments wichtig f\u00fcr die Sicherheit, die Montage und die Leistung der Ausr\u00fcstung ist.<\/p>\n<p>Das Drehmoment ist das Ma\u00df daf\u00fcr, wie stark eine Kraft auf ein Objekt einwirkt, damit es sich dreht, wobei der Drehpunkt die Achse ist, um die sich das Objekt dreht. Das Drehmoment wird entweder in lb-ft (pound-foot), lb-in (pound inch) oder N-m (newton meter) gemessen. Geeignet f\u00fcr die exakte Einstellung des Drehmoments aller unserer Produkte<a href=\"https:\/\/thrillsyndicate.com\/de\/shop\/edelrid-smart-belay-x\/\">(SMART BELAY<\/a>, <a href=\"https:\/\/thrillsyndicate.com\/de\/shop\/edelrid-cupid-swivel-connector\/\">CUPID SWIVEL<\/a>, <a href=\"https:\/\/thrillsyndicate.com\/de\/shop\/edelrid-cupid-connector-ring\/\">CUPID<\/a>) und f\u00fcr andere Feineinstellungen.<\/p>\n<h2>Spezifikationen<\/h2>\n<ul>\n<li>Gewicht: 400 g<\/li>\n<li>L\u00e4nge: 22 cm<\/li>\n<li>Bereich: 4 &#8211; 20 Nm<\/li>\n<li>Farbe(n): Splitter<\/li>\n<\/ul>\n<h3 class=\"western\">\ud83d\udc49 Sie suchen einen bestimmten Edelrid-Artikel, der nicht im Shop gelistet ist? Wir vertreiben das komplette Portfolio f\u00fcr Abenteuer, Sport und Sicherheit. Bitte <strong><a href=\"https:\/\/thrillsyndicate.com\/de\/kontakt\/\">senden Sie<\/a><\/strong> uns eine E-Mail oder sehen Sie sich die vollst\u00e4ndige <strong><a href=\"https:\/\/thrillsyndicate.com\/edelrid-safety-price-list-2025\/\">Sicherheitspreisliste hier<\/a><\/strong>. \ud83d\udc48<\/h3>\n","protected":false},"excerpt":{"rendered":"<p>Geeignet f\u00fcr die Feineinstellung und das pr\u00e4zise Einstellen des Drehmoments aller unserer Produkte (Conecto, ConectoSwivel, Core Screw D-Kit).<\/p>\n","protected":false},"featured_media":7354,"template":"","meta":{"_coblocks_attr":"","_coblocks_dimensions":"","_coblocks_responsive_height":"","_coblocks_accordion_ie_support":"","wds_primary_product_brand":0,"wds_primary_product_cat":0},"product_brand":[62],"product_cat":[4,65],"product_tag":[7,67,176],"class_list":{"0":"post-7365","1":"product","2":"type-product","3":"status-publish","4":"has-post-thumbnail","6":"product_brand-edelrid","7":"product_cat-edelrid-smart-belay","8":"product_cat-connecting","9":"product_tag-edelrid-smart-belay","10":"product_tag-ppe","11":"product_tag-connecting","13":"first","14":"instock","15":"taxable","16":"shipping-taxable","17":"purchasable","18":"product-type-simple"},"_links":{"self":[{"href":"https:\/\/thrillsyndicate.com\/de\/wp-json\/wp\/v2\/product\/7365","targetHints":{"allow":["GET"]}}],"collection":[{"href":"https:\/\/thrillsyndicate.com\/de\/wp-json\/wp\/v2\/product"}],"about":[{"href":"https:\/\/thrillsyndicate.com\/de\/wp-json\/wp\/v2\/types\/product"}],"wp:featuredmedia":[{"embeddable":true,"href":"https:\/\/thrillsyndicate.com\/de\/wp-json\/wp\/v2\/media\/7354"}],"wp:attachment":[{"href":"https:\/\/thrillsyndicate.com\/de\/wp-json\/wp\/v2\/media?parent=7365"}],"wp:term":[{"taxonomy":"product_brand","embeddable":true,"href":"https:\/\/thrillsyndicate.com\/de\/wp-json\/wp\/v2\/product_brand?post=7365"},{"taxonomy":"product_cat","embeddable":true,"href":"https:\/\/thrillsyndicate.com\/de\/wp-json\/wp\/v2\/product_cat?post=7365"},{"taxonomy":"product_tag","embeddable":true,"href":"https:\/\/thrillsyndicate.com\/de\/wp-json\/wp\/v2\/product_tag?post=7365"}],"curies":[{"name":"wp","href":"https:\/\/api.w.org\/{rel}","templated":true}]}}