{"id":7733,"date":"2022-08-23T14:00:20","date_gmt":"2022-08-23T12:00:20","guid":{"rendered":"https:\/\/thrillsyndicate.com\/shop\/trublue-dual-connection\/"},"modified":"2025-11-03T13:44:27","modified_gmt":"2025-11-03T12:44:27","slug":"trublue-dual-connection","status":"publish","type":"product","link":"https:\/\/thrillsyndicate.com\/de\/product\/trublue-dual-connection\/","title":{"rendered":"TRU-LOCK Sicherheitskit f\u00fcr TRUBLUE Dual Connection"},"content":{"rendered":"<p>F\u00fcr jeden kommerziellen Kletterbetrieb ist die Sicherheit der Benutzer von gr\u00f6\u00dfter Bedeutung. Das TRU-LOCK Security Kit ist die vom Hersteller zugelassene Hardware zur Einrichtung einer <a href=\"https:\/\/thrillsyndicate.com\/de\/tru-lock-auto-belay-carabiner-with-dual-connection-option\/\">TRUBLUE Dual Connection<\/a> an Ihrer Selbstsicherung. Dieses <b>Sicherungssystem f\u00fcr die Selbstsicherung<\/b> l\u00e4sst sich nahtlos in den TRU-LOCK Karabiner integrieren und bietet eine einfache, redundante Verbindung, die das Risiko eines unsachgem\u00e4\u00dfen Einh\u00e4ngens des Kletterers drastisch reduziert. Es ist der professionelle Standard f\u00fcr Betriebe, die das h\u00f6chste Niveau an <b>kommerzieller Klettersicherheitsausr\u00fcstung<\/b> verlangen.   <\/p>\n<h2>TRU-LOCK Security Kit Spezifikationen<\/h2>\n<ul>\n<li><b>Das Kit enth\u00e4lt:<\/b> Edelrid HMS Magnum Triple (III) Locking Karabiner<\/li>\n<li><b>Der Bausatz enth\u00e4lt:<\/b> Schnellziehleine mit Schlaufe in individueller L\u00e4nge<\/li>\n<li><b>Das Kit enth\u00e4lt:<\/b> Anti-Twist-Komponente f\u00fcr die richtige Ausrichtung des Karabiners<\/li>\n<li><b>Kompatibilit\u00e4t:<\/b> Ausschlie\u00dflich f\u00fcr den TRU-LOCK Karabiner zur Selbstsicherung entwickelt<\/li>\n<li><b>Verbindung:<\/b> Bietet eine vollwertige <b>sekund\u00e4re Verbindung f\u00fcr die Selbstsicherung<\/b><\/li>\n<li><b>Anwendung:<\/b> Selbstsicherung f\u00fcr Freizeit- und Wettkampfkletterer<\/li>\n<\/ul>\n<h2>Minimieren Sie das Risiko mit einer redundanten Verbindung<\/h2>\n<p>Der Hauptvorteil des <b>TRU-LOCK Sicherheitskits<\/b> ist die Verringerung von Benutzerfehlern. In einem gesch\u00e4ftigen kommerziellen Umfeld k\u00f6nnen Kletterer Fehler machen. Dieses Kit bietet eine einfache, sichtbare und voll belastbare <g id=\"gid_1\">redundante Verbindung zum Klettergurt<\/g>. Mit zwei verschiedenen Befestigungspunkten &#8211; dem prim\u00e4ren TRU-LOCK Karabiner und dieser <g id=\"gid_2\">sekund\u00e4ren Selbstsicherung &#8211;<\/g>schaffen <g id=\"gid_2\">Sie<\/g>eine robuste Sicherung. Dieses <b>System zur Selbstsicherung<\/b> stellt sicher, dass selbst dann, wenn ein Benutzer den prim\u00e4ren Karabiner nicht korrekt einh\u00e4ngt, bereits eine vollwertige Sicherung vorhanden ist, die den Kletterer und Ihren Betrieb sch\u00fctzt.    <\/p>\n<h2>Integrierte Hardware f\u00fcr einfachen Betrieb<\/h2>\n<p>Bei diesem Kit handelt es sich nicht um eine zuf\u00e4llige Zusammenstellung von Teilen, sondern um eine speziell angefertigte L\u00f6sung. Die Hardware, einschlie\u00dflich des Edelrid HMS Magnum Karabiners und des Custom Quickdraw, ist so konzipiert, dass sie sich perfekt in den integrierten Befestigungspunkt des TRU-LOCK Karabiners einhakt. So entsteht eine saubere, unauff\u00e4llige <g id=\"gid_0\">TRUBLUE Dual Connection<\/g>, die den Hauptverschluss nicht beeintr\u00e4chtigt. Der Vorteil ist eine einfache, optimierte Bedienung f\u00fcr Ihr Personal und eine intuitive, nicht verwirrende Erfahrung f\u00fcr Ihre Kletterer.   <\/p>\n<h2>H\u00e4ufig gestellte Fragen<\/h2>\n<p><b>Was ist das TRU-LOCK Security Kit?<\/b> Das TRU-LOCK Security Kit ist das offizielle Hardware-Paket, das f\u00fcr die <b>TRUBLUE Dual Connection<\/b> verwendet wird. Es bietet einen vollwertigen zweiten Anschlagpunkt f\u00fcr eine TRUBLUE Selbstsicherung, die mit einem TRU-LOCK Karabiner ausgestattet ist. <\/p>\n<p><b>Ist dieses Kit f\u00fcr meine TRUBLUE Selbstsicherung erforderlich?<\/b>  Dies ist eine optionale Erweiterung. Sie wurde f\u00fcr Betreiber entwickelt, die ein <b>System zur Selbstsicherung<\/b> hinzuf\u00fcgen m\u00f6chten, um das Risiko einer unsachgem\u00e4\u00dfen Anbringung durch den Benutzer zu minimieren, was ideal f\u00fcr stark frequentierte Einrichtungen oder Wettbewerbe ist. <\/p>\n<p><b>Beinhaltet dieses Set den TRU-LOCK Karabiner selbst?<\/b>  Nein. Dieses Kit enth\u00e4lt das Zubeh\u00f6r f\u00fcr die <b>sekund\u00e4re Selbstsicherung<\/b> (Edelrid-Karabiner, Quickdraw, Anti-Twist), das <i>an<\/i> Ihrem vorhandenen TRU-LOCK-Karabiner befestigt wird. <\/p>\n<p><b>Wie benutzt der Kletterer die TRUBLUE Dual Connection?<\/b>  Der Kletterer kann sowohl den prim\u00e4ren TRU-LOCK-Karabiner als auch den sekund\u00e4ren Karabiner aus diesem Set an einem einzigen bewerteten Anschlagpunkt an seinem Gurt befestigen. Sie k\u00f6nnen aber auch an zwei separaten Anschlagpunkten befestigt werden, je nach den betrieblichen Abl\u00e4ufen. <\/p>\n<p><b>Warum dieses Kit anstelle von anderen redundanten Systemen verwenden?<\/b> Dieses <b>TRU-LOCK Sicherheits-Kit<\/b> ist die vom Hersteller zugelassene L\u00f6sung. Es ist so konzipiert, dass es sich perfekt in den eingebauten sekund\u00e4ren Verbindungspunkt des TRU-LOCK Karabiners einf\u00fcgt und so volle St\u00e4rke und korrekte Ausrichtung gew\u00e4hrleistet. <\/p>\n","protected":false},"excerpt":{"rendered":"<p>Erweitern Sie Ihr TRUBLUE System zur Selbstsicherung mit dem offiziellen TRU-LOCK Security Kit. Dieses Hardware-Paket bietet die komplette <b>TRUBLUE Dual Connection<\/b> und schafft einen vollwertigen zweiten Befestigungspunkt, um Benutzerfehler zu minimieren und die Sicherheit des Kletterers zu maximieren. <\/p>\n","protected":false},"featured_media":20935,"template":"","meta":{"_coblocks_attr":"","_coblocks_dimensions":"","_coblocks_responsive_height":"","_coblocks_accordion_ie_support":"","wds_primary_product_brand":0,"wds_primary_product_cat":0},"product_brand":[70],"product_cat":[33],"product_tag":[24],"class_list":{"0":"post-7733","1":"product","2":"type-product","3":"status-publish","4":"has-post-thumbnail","6":"product_brand-thrill-syndicate","7":"product_cat-trublue-accessories","8":"product_tag-trublue","10":"first","11":"instock","12":"taxable","13":"shipping-taxable","14":"purchasable","15":"product-type-simple"},"_links":{"self":[{"href":"https:\/\/thrillsyndicate.com\/de\/wp-json\/wp\/v2\/product\/7733","targetHints":{"allow":["GET"]}}],"collection":[{"href":"https:\/\/thrillsyndicate.com\/de\/wp-json\/wp\/v2\/product"}],"about":[{"href":"https:\/\/thrillsyndicate.com\/de\/wp-json\/wp\/v2\/types\/product"}],"wp:featuredmedia":[{"embeddable":true,"href":"https:\/\/thrillsyndicate.com\/de\/wp-json\/wp\/v2\/media\/20935"}],"wp:attachment":[{"href":"https:\/\/thrillsyndicate.com\/de\/wp-json\/wp\/v2\/media?parent=7733"}],"wp:term":[{"taxonomy":"product_brand","embeddable":true,"href":"https:\/\/thrillsyndicate.com\/de\/wp-json\/wp\/v2\/product_brand?post=7733"},{"taxonomy":"product_cat","embeddable":true,"href":"https:\/\/thrillsyndicate.com\/de\/wp-json\/wp\/v2\/product_cat?post=7733"},{"taxonomy":"product_tag","embeddable":true,"href":"https:\/\/thrillsyndicate.com\/de\/wp-json\/wp\/v2\/product_tag?post=7733"}],"curies":[{"name":"wp","href":"https:\/\/api.w.org\/{rel}","templated":true}]}}