{"id":8309,"date":"2022-12-01T14:04:59","date_gmt":"2022-12-01T13:04:59","guid":{"rendered":"https:\/\/thrillsyndicate.com\/shop\/edelrid-kaa-rescue-haul-system\/"},"modified":"2025-08-26T08:47:11","modified_gmt":"2025-08-26T06:47:11","slug":"edelrid-kaa-rescue-haul-system","status":"publish","type":"product","link":"https:\/\/thrillsyndicate.com\/de\/product\/edelrid-kaa-rescue-haul-system\/","title":{"rendered":"Edelrid KAA Rescue Haul System"},"content":{"rendered":"<p>Das KAA ist ein vorgefertigtes Flaschenzug-System zum Abspannen von Systemen oder zum Anheben von Personen bei der Rettung. Da der KAA nach EN 354 zertifiziert ist, kann er au\u00dferdem zur Arbeitsplatzstabilisierung, als R\u00fcckhaltesystem (offen\/geschlossen) und zum kontrollierten Absenken verwendet werden. <\/p>\n<p>Die Konstruktion mit Riemen macht es zum kompaktesten und leichtesten System auf dem Markt. Je nach Positionierung bietet er ein Hubverh\u00e4ltnis von 4:1 oder 5:1 mit einem Wirkungsgrad von 91 %. Die KAA ist kompakt verpackt, aber sofort einsatzbereit, so dass keine wertvolle Zeit verloren geht, wenn sie gebraucht wird. An jedem Ende befindet sich ein Drehgelenk, um ein Verdrehen des Systems zu verhindern. Der Handhebel an der Zugschnur erleichtert das Ziehen und kann auch als Absenkhebel verwendet werden. Die KAA ist in drei L\u00e4ngen erh\u00e4ltlich: 0,8, 1,5 und 4 m.<\/p>\n<h2>Merkmale<\/h2>\n<ul>\n<li>Vorgefertigtes Flaschenzug-System, das zur Stabilisierung des Arbeitsplatzes, zum Spannen und als R\u00fcckhaltesystem verwendet wird.<\/li>\n<li>Die 4-m-Version ist ideal f\u00fcr das Man\u00f6vrieren von Tragen bei Rettungseins\u00e4tzen<\/li>\n<li>Sehr kompakt und leicht durch ein gurtbasiertes Design<\/li>\n<li>Erleichtert das kontrollierte Absenken<\/li>\n<li>Hubverh\u00e4ltnis 4:1 oder 5:1<\/li>\n<li>Wirkungsgrad: 91%<\/li>\n<li>Integrierter RFID-Chip<\/li>\n<\/ul>\n<h2>Spezifikationen<\/h2>\n<ul>\n<li>Mindestbruchfestigkeit: 22 kN<\/li>\n<li>Zertifizierung: EN 354<\/li>\n<li>Schwenk: Ja<\/li>\n<li>Gewicht: 891 Gramm<\/li>\n<\/ul>\n<p><iframe loading=\"lazy\" title=\"EDELRID \u2013 KAA prefabricated haul system\" width=\"980\" height=\"551\" src=\"https:\/\/www.youtube.com\/embed\/sRX4nje4T0A?feature=oembed\" frameborder=\"0\" allow=\"accelerometer; autoplay; clipboard-write; encrypted-media; gyroscope; picture-in-picture\" allowfullscreen><\/iframe><\/p>\n<h3 class=\"western\">\ud83d\udc49 Sie suchen einen bestimmten Edelrid-Artikel, der nicht im Shop gelistet ist? Wir vertreiben das komplette Portfolio f\u00fcr Abenteuer, Sport und Sicherheit. Bitte <strong><a href=\"https:\/\/thrillsyndicate.com\/de\/kontakt\/\">senden Sie<\/a><\/strong> uns eine E-Mail oder sehen Sie sich die vollst\u00e4ndige <strong><a href=\"https:\/\/thrillsyndicate.com\/edelrid-safety-price-list-2025\/\">Sicherheitspreisliste hier<\/a><\/strong>. \ud83d\udc48<\/h3>\n","protected":false},"excerpt":{"rendered":"<p>Das Edelrid KAA ist ein vorgefertigtes, gurtbasiertes Flaschenzug-System, das bereits als 4:1 mechanisches Vorteilssystem f\u00fcr das Spannen, Heben, Senken und Retten eingerichtet ist. Die Gurtkonstruktion macht das KAA zum kompaktesten und leichtesten System auf dem Markt und es ist fertig verpackt und sofort einsatzbereit. <\/p>\n","protected":false},"featured_media":8273,"template":"","meta":{"_coblocks_attr":"","_coblocks_dimensions":"","_coblocks_responsive_height":"","_coblocks_accordion_ie_support":"","wds_primary_product_brand":0,"wds_primary_product_cat":0},"product_brand":[62],"product_cat":[92,846],"product_tag":[539,548,906],"class_list":{"0":"post-8309","1":"product","2":"type-product","3":"status-publish","4":"has-post-thumbnail","6":"product_brand-edelrid","7":"product_cat-descent-rescue-devices","8":"product_cat-lanyards","9":"product_tag-abstieg-rettung","10":"product_tag-verbinden","11":"product_tag-verstellbare-lanyards","13":"first","14":"instock","15":"taxable","16":"shipping-taxable","17":"purchasable","18":"product-type-variable","19":"has-default-attributes"},"_links":{"self":[{"href":"https:\/\/thrillsyndicate.com\/de\/wp-json\/wp\/v2\/product\/8309","targetHints":{"allow":["GET"]}}],"collection":[{"href":"https:\/\/thrillsyndicate.com\/de\/wp-json\/wp\/v2\/product"}],"about":[{"href":"https:\/\/thrillsyndicate.com\/de\/wp-json\/wp\/v2\/types\/product"}],"wp:featuredmedia":[{"embeddable":true,"href":"https:\/\/thrillsyndicate.com\/de\/wp-json\/wp\/v2\/media\/8273"}],"wp:attachment":[{"href":"https:\/\/thrillsyndicate.com\/de\/wp-json\/wp\/v2\/media?parent=8309"}],"wp:term":[{"taxonomy":"product_brand","embeddable":true,"href":"https:\/\/thrillsyndicate.com\/de\/wp-json\/wp\/v2\/product_brand?post=8309"},{"taxonomy":"product_cat","embeddable":true,"href":"https:\/\/thrillsyndicate.com\/de\/wp-json\/wp\/v2\/product_cat?post=8309"},{"taxonomy":"product_tag","embeddable":true,"href":"https:\/\/thrillsyndicate.com\/de\/wp-json\/wp\/v2\/product_tag?post=8309"}],"curies":[{"name":"wp","href":"https:\/\/api.w.org\/{rel}","templated":true}]}}