{"id":8321,"date":"2022-11-30T13:30:44","date_gmt":"2022-11-30T12:30:44","guid":{"rendered":"https:\/\/thrillsyndicate.com\/shop\/edelrid-defuser-shock-absorber\/"},"modified":"2025-08-26T08:45:44","modified_gmt":"2025-08-26T06:45:44","slug":"edelrid-defuser-shock-absorber","status":"publish","type":"product","link":"https:\/\/thrillsyndicate.com\/de\/product\/edelrid-defuser-shock-absorber\/","title":{"rendered":"Edelrid DEFUSER Bandfalld\u00e4mpfer"},"content":{"rendered":"<p>Mit der DEFUSER Serie bietet EDELRID nicht nur einen, sondern gleich drei Bandfalld\u00e4mpfer f\u00fcr den Anschluss der FUSE. Dabei handelt es sich um kompakte Ger\u00e4te f\u00fcr Benutzerlasten von bis zu 140 kg (RESCUE-Version bis zu 220 kg), die die Aufprallkraft bei einem Sturz deutlich reduzieren. Die DEFUSER Serie reduziert im Sturzfall den auftretenden Fangsto\u00df und darf nur in Verbindung mit dem FUSE verwendet werden.<\/p>\n<h2><span class=\"highlight selected appended\">DEFUSER<\/span> L<\/h2>\n<p><span dir=\"ltr\" role=\"presentation\">Langer und sehr schmaler Sto\u00dfd\u00e4mpfer f\u00fcr Benutzerlasten von <\/span><span dir=\"ltr\" role=\"presentation\">bis zu 140 kg, der die Aufprallkraft reduziert, die durch <\/span> <span dir=\"ltr\" role=\"presentation\">einen Sturz. Das l\u00e4ngliche Design erm\u00f6glicht zum Beispiel eine gr\u00f6\u00dfere <\/span><span dir=\"ltr\" role=\"presentation\">Abstand zum Sicherungsseil beim Seilzugang und <\/span><span dir=\"ltr\" role=\"presentation\">daher ein \u00fcbersichtlicherer Arbeitsbereich. Darf nur in Kombination mit dem gef\u00fchrten Auffangger\u00e4t <a href=\"https:\/\/thrillsyndicate.com\/de\/shop\/edelrid-fuse-fall-arrester\/\">FUSE<\/a> verwendet werden.<\/span><\/p>\n<ul>\n<li>MBS: <span dir=\"ltr\" role=\"presentation\">15 kN<\/span><\/li>\n<li>Gewicht: 76 Gramm<\/li>\n<li>Gr\u00f6\u00dfe: 30cm<\/li>\n<li>Farbe: 017 Night<\/li>\n<li>Zertifizierungen: (in Kombination mit FUSE): EN 353-2, EN 12841-A, ANSI Z359.15<\/li>\n<\/ul>\n<h2>DEFUSER RESCUE<\/h2>\n<p><span dir=\"ltr\" role=\"presentation\">Kompakter Sto\u00dfd\u00e4mpfer mit einer besonders hohen maxi<\/span><span dir=\"ltr\" role=\"presentation\">mum Benutzerlast von bis zu 220 kg. Verringert deutlich die <\/span><span dir=\"ltr\" role=\"presentation\">Aufprallkraft, die bei einem Sturz entsteht. Die hohe Tragf\u00e4higkeit <\/span><span dir=\"ltr\" role=\"presentation\">erm\u00f6glicht es den Nutzern, mit schwerem Ger\u00e4t zu arbeiten und bietet eine <\/span><span dir=\"ltr\" role=\"presentation\">eine h\u00f6here Reserve im Falle einer Rettungssituation, so dass<\/span><span dir=\"ltr\" role=\"presentation\">das Gewicht der Person zu tragen, die gerettet werden muss. <\/span> <span dir=\"ltr\" role=\"presentation\">Unterst\u00fctzung in ihrem eigenen System. Darf nur in Kombination mit dem gef\u00fchrten Auffangger\u00e4t <a href=\"https:\/\/thrillsyndicate.com\/de\/shop\/edelrid-fuse-fall-arrester\/\">FUSE<\/a> verwendet werden.<\/span><\/p>\n<ul>\n<li>MBS: <span dir=\"ltr\" role=\"presentation\">15 kN<\/span><\/li>\n<li>Gewicht: 133 Gramm<\/li>\n<li>Gr\u00f6\u00dfe: 21cm<\/li>\n<li>Farbe: <span dir=\"ltr\" role=\"presentation\">921 Nacht-Schnee<\/span><\/li>\n<li>Zertifizierungen: (in Kombination mit FUSE): EN 353-2, EN 12841-A, ANSI Z359.15<\/li>\n<\/ul>\n<h3 class=\"western\">\ud83d\udc49 Sie suchen einen bestimmten Edelrid-Artikel, der nicht im Shop gelistet ist? Wir vertreiben das komplette Portfolio f\u00fcr Abenteuer, Sport und Sicherheit. Bitte <strong><a href=\"https:\/\/thrillsyndicate.com\/de\/kontakt\/\">senden Sie<\/a><\/strong> uns eine E-Mail oder sehen Sie sich die vollst\u00e4ndige <strong><a href=\"https:\/\/thrillsyndicate.com\/edelrid-safety-price-list-2025\/\">Sicherheitspreisliste hier<\/a><\/strong>. \ud83d\udc48<\/h3>\n","protected":false},"excerpt":{"rendered":"<p>Alle DEFUSER Falld\u00e4mpfer sind kompakt und eignen sich f\u00fcr Benutzerlasten bis zu 140 kg (RESCUE bis zu 220 kg). Die DEFUSER-Serie reduziert die Aufprallkraft bei einem Sturz und funktioniert nur in Kombination mit der FUSE.<\/p>\n","protected":false},"featured_media":8257,"template":"","meta":{"_coblocks_attr":"","_coblocks_dimensions":"","_coblocks_responsive_height":"","_coblocks_accordion_ie_support":"","wds_primary_product_brand":0,"wds_primary_product_cat":0},"product_brand":[62],"product_cat":[842],"product_tag":[805,67,176],"class_list":{"0":"post-8321","1":"product","2":"type-product","3":"status-publish","4":"has-post-thumbnail","6":"product_brand-edelrid","7":"product_cat-fall-arresters","8":"product_tag-energy-absorbers","9":"product_tag-ppe","10":"product_tag-connecting","12":"first","13":"instock","14":"taxable","15":"shipping-taxable","16":"purchasable","17":"product-type-variable","18":"has-default-attributes"},"_links":{"self":[{"href":"https:\/\/thrillsyndicate.com\/de\/wp-json\/wp\/v2\/product\/8321","targetHints":{"allow":["GET"]}}],"collection":[{"href":"https:\/\/thrillsyndicate.com\/de\/wp-json\/wp\/v2\/product"}],"about":[{"href":"https:\/\/thrillsyndicate.com\/de\/wp-json\/wp\/v2\/types\/product"}],"wp:featuredmedia":[{"embeddable":true,"href":"https:\/\/thrillsyndicate.com\/de\/wp-json\/wp\/v2\/media\/8257"}],"wp:attachment":[{"href":"https:\/\/thrillsyndicate.com\/de\/wp-json\/wp\/v2\/media?parent=8321"}],"wp:term":[{"taxonomy":"product_brand","embeddable":true,"href":"https:\/\/thrillsyndicate.com\/de\/wp-json\/wp\/v2\/product_brand?post=8321"},{"taxonomy":"product_cat","embeddable":true,"href":"https:\/\/thrillsyndicate.com\/de\/wp-json\/wp\/v2\/product_cat?post=8321"},{"taxonomy":"product_tag","embeddable":true,"href":"https:\/\/thrillsyndicate.com\/de\/wp-json\/wp\/v2\/product_tag?post=8321"}],"curies":[{"name":"wp","href":"https:\/\/api.w.org\/{rel}","templated":true}]}}