{"id":8330,"date":"2022-11-30T10:07:40","date_gmt":"2022-11-30T09:07:40","guid":{"rendered":"https:\/\/thrillsyndicate.com\/shop\/edelrid-fuse-fall-arrester\/"},"modified":"2025-08-26T08:47:05","modified_gmt":"2025-08-26T06:47:05","slug":"edelrid-fuse-fall-arrester","status":"publish","type":"product","link":"https:\/\/thrillsyndicate.com\/de\/product\/edelrid-fuse-fall-arrester\/","title":{"rendered":"Edelrid FUSE Absturzsicherung"},"content":{"rendered":"<p><span dir=\"ltr\" role=\"presentation\">Die FUSE setzt neue Standards f\u00fcr die gef\u00fchrte Auffangtechnik<\/span><span dir=\"ltr\" role=\"presentation\">ers. Ob aufsteigend oder absteigend, die integrierte <\/span><span dir=\"ltr\" role=\"presentation\">Zentrifugalbremse erm\u00f6glicht es dem Ger\u00e4t, sich <\/span><span dir=\"ltr\" role=\"presentation\">das Sicherungsseil mit unvergleichlicher Leichtigkeit ab dem ersten <\/span><span dir=\"ltr\" role=\"presentation\">Meter. <\/span> <\/p>\n<p><span dir=\"ltr\" role=\"presentation\">Dar\u00fcber hinaus kann das Ger\u00e4t als Einzelger\u00e4t alle <\/span><span dir=\"ltr\" role=\"presentation\">alle relevanten europ\u00e4ischen und internationalen Normen<\/span><span dir=\"ltr\" role=\"presentation\">Normen f\u00fcr gro\u00dfe Durchmesserbereiche und h\u00f6chste Benutzer <\/span><span dir=\"ltr\" role=\"presentation\">Lasten <\/span><span dir=\"ltr\" role=\"presentation\">gekoppelt <\/span><span dir=\"ltr\" role=\"presentation\">mit <\/span><span dir=\"ltr\" role=\"presentation\">seine <\/span><span dir=\"ltr\" role=\"presentation\">beeindruckenden <\/span><span dir=\"ltr\" role=\"presentation\">kompakten <\/span><span dir=\"ltr\" role=\"presentation\">Design <\/span> <span dir=\"ltr\" role=\"presentation\">macht es zum vielseitigsten Ger\u00e4t in seiner Klasse. Die Struk<\/span><span dir=\"ltr\" role=\"presentation\">die bauliche Trennung von Ausl\u00f6ser und Blockiermechanismus <\/span><span dir=\"ltr\" role=\"presentation\">zusammen mit dem Fehlen gezackter Backen macht das Ger\u00e4t nicht nur <\/span><span dir=\"ltr\" role=\"presentation\">das Ger\u00e4t nicht nur manipulationssicher und seilschonend, sondern auch<\/span><span dir=\"ltr\" role=\"presentation\">Au\u00dferdem l\u00e4sst es sich nach einem Sturz leicht aus dem Seil l\u00f6sen.<\/span><\/p>\n<p><span dir=\"ltr\" role=\"presentation\">Die <\/span><span dir=\"ltr\" role=\"presentation\">obligatorische <\/span><span dir=\"ltr\" role=\"presentation\">Kombination <\/span><span dir=\"ltr\" role=\"presentation\">mit <\/span><span dir=\"ltr\" role=\"presentation\">einer <\/span><span dir=\"ltr\" role=\"presentation\">geeigneten <\/span><span dir=\"ltr\" role=\"presentation\"><a href=\"https:\/\/thrillsyndicate.com\/de\/shop\/edelrid-defuser-shock-absorber\/\">DEFUSER-Sto\u00dfd\u00e4mpfer<\/a> (S, L oder RESCUE) macht es<\/span><span dir=\"ltr\" role=\"presentation\">ein komplettes System zu w\u00e4hlen, das ideal f\u00fcr den <\/span><span dir=\"ltr\" role=\"presentation\">L\u00e4ngen und Leistungsparametern das f\u00fcr den Einsatz<\/span><span dir=\"ltr\" role=\"presentation\">Leistungsparameter.<\/span><\/p>\n<h2>Merkmale<\/h2>\n<div class=\"page\" role=\"region\" data-page-number=\"58\" aria-label=\"Page 58\" data-loaded=\"true\">\n<ul>\n<li class=\"textLayer\"><span dir=\"ltr\" role=\"presentation\">Extrem seilschonend dank der nicht gezahnten Bremsbacken <\/span><\/li>\n<li class=\"textLayer\"><span dir=\"ltr\" role=\"presentation\">Kantengepr\u00fcft nach RFU 11.075 und daher zugelassen f\u00fcr <\/span><span dir=\"ltr\" role=\"presentation\">horizontale Anwendungen<\/span><\/li>\n<li class=\"textLayer\"><span dir=\"ltr\" role=\"presentation\">Vier Normen werden alle von einem Ger\u00e4t erf\u00fcllt (EN 353-2, EN 12841-A, <\/span><span dir=\"ltr\" role=\"presentation\">RfU 11.075 und ANSI Z359.15)<\/span><\/li>\n<li class=\"textLayer\"><span dir=\"ltr\" role=\"presentation\">Integrierter RFID-Chip f\u00fcr eine einfachere Nutzungsdokumentation<\/span><\/li>\n<li class=\"textLayer\"><span dir=\"ltr\" role=\"presentation\">Integrierte Nockenverriegelungsfunktion f\u00fcr die Arbeitsplatzpositionierung oder <\/span><span dir=\"ltr\" role=\"presentation\">Sicherung des Seils bei starkem Wind<\/span><\/li>\n<li class=\"textLayer\"><span dir=\"ltr\" role=\"presentation\">Unvergleichlich gute Gleitbewegung auf und ab dem Seil vom <\/span><span dir=\"ltr\" role=\"presentation\">dem ersten Meter<\/span><\/li>\n<li class=\"textLayer\"><span dir=\"ltr\" role=\"presentation\">Kann an jeder Stelle des Seils einfach angeklippt\/abgekoppelt werden <\/span><span dir=\"ltr\" role=\"presentation\">ohne dass das Ger\u00e4t vom Gurt abgenommen werden muss<\/span><\/li>\n<\/ul>\n<h2>Spezifikationen<\/h2>\n<ul>\n<li>Gewicht: 420 Gramm<\/li>\n<li>Zugelassener Seildurchmesser: 10 &#8211; 12 mm<\/li>\n<li>Farbe: 017 Night<\/li>\n<li>Zertifizierungen: EN 353-2, EN 12841-A, RfU 11.075, ANSI Z359.15<\/li>\n<\/ul>\n<p><iframe loading=\"lazy\" title=\"FUSE Guided-Type Fall Arrester | EDELRID\" width=\"980\" height=\"551\" src=\"https:\/\/www.youtube.com\/embed\/lq8upetNLwk?feature=oembed\" frameborder=\"0\" allow=\"accelerometer; autoplay; clipboard-write; encrypted-media; gyroscope; picture-in-picture; web-share\" referrerpolicy=\"strict-origin-when-cross-origin\" allowfullscreen><\/iframe><\/p>\n<h3 class=\"western\">\ud83d\udc49 Sie suchen einen bestimmten Edelrid-Artikel, der nicht im Shop gelistet ist? Wir vertreiben das komplette Portfolio f\u00fcr Abenteuer, Sport und Sicherheit. Bitte <strong><a href=\"https:\/\/thrillsyndicate.com\/de\/kontakt\/\">senden Sie<\/a><\/strong> uns eine E-Mail oder sehen Sie sich die vollst\u00e4ndige <strong><a href=\"https:\/\/thrillsyndicate.com\/edelrid-safety-price-list-2025\/\">Sicherheitspreisliste hier<\/a><\/strong>. \ud83d\udc48<\/h3>\n<\/div>\n","protected":false},"excerpt":{"rendered":"<p>F\u00fcr gef\u00fchrte Auffangger\u00e4te legt die FUSE<strong>(kommt im April 2023<\/strong>) neue Kriterien fest. Die eingebaute Fliehkraftbremse erm\u00f6glicht, dass das Ger\u00e4t ab dem ersten Meter in einer unnachahmlichen Leichtigkeit im Aufstieg wie beim Abseilen am Sicherungsseil mitl\u00e4uft.<\/p>\n","protected":false},"featured_media":8230,"template":"","meta":{"_coblocks_attr":"","_coblocks_dimensions":"","_coblocks_responsive_height":"","_coblocks_accordion_ie_support":"","wds_primary_product_brand":0,"wds_primary_product_cat":0},"product_brand":[62],"product_cat":[92,842],"product_tag":[93,808,55],"class_list":{"0":"post-8330","1":"product","2":"type-product","3":"status-publish","4":"has-post-thumbnail","6":"product_brand-edelrid","7":"product_cat-descent-rescue-devices","8":"product_cat-fall-arresters","9":"product_tag-descent-rescue","10":"product_tag-fall-arrester","11":"product_tag-ropes-course","13":"first","14":"instock","15":"taxable","16":"shipping-taxable","17":"purchasable","18":"product-type-simple"},"_links":{"self":[{"href":"https:\/\/thrillsyndicate.com\/de\/wp-json\/wp\/v2\/product\/8330","targetHints":{"allow":["GET"]}}],"collection":[{"href":"https:\/\/thrillsyndicate.com\/de\/wp-json\/wp\/v2\/product"}],"about":[{"href":"https:\/\/thrillsyndicate.com\/de\/wp-json\/wp\/v2\/types\/product"}],"wp:featuredmedia":[{"embeddable":true,"href":"https:\/\/thrillsyndicate.com\/de\/wp-json\/wp\/v2\/media\/8230"}],"wp:attachment":[{"href":"https:\/\/thrillsyndicate.com\/de\/wp-json\/wp\/v2\/media?parent=8330"}],"wp:term":[{"taxonomy":"product_brand","embeddable":true,"href":"https:\/\/thrillsyndicate.com\/de\/wp-json\/wp\/v2\/product_brand?post=8330"},{"taxonomy":"product_cat","embeddable":true,"href":"https:\/\/thrillsyndicate.com\/de\/wp-json\/wp\/v2\/product_cat?post=8330"},{"taxonomy":"product_tag","embeddable":true,"href":"https:\/\/thrillsyndicate.com\/de\/wp-json\/wp\/v2\/product_tag?post=8330"}],"curies":[{"name":"wp","href":"https:\/\/api.w.org\/{rel}","templated":true}]}}