{"id":8333,"date":"2022-11-30T08:58:51","date_gmt":"2022-11-30T07:58:51","guid":{"rendered":"https:\/\/thrillsyndicate.com\/shop\/edelrid-megawatt-descender\/"},"modified":"2025-08-26T08:48:58","modified_gmt":"2025-08-26T06:48:58","slug":"edelrid-megawatt-descender","status":"publish","type":"product","link":"https:\/\/thrillsyndicate.com\/de\/product\/edelrid-megawatt-descender\/","title":{"rendered":"Edelrid MEGAWATT Abseilger\u00e4t"},"content":{"rendered":"<p><span class=\"\" dir=\"ltr\" role=\"presentation\">Das MEGAWATT ist ein vielseitiges Abseilger\u00e4t f\u00fcr industrielle <\/span><span dir=\"ltr\" role=\"presentation\">Kletter- und Rettungseinsatz. Seine spezielle Hebelgeometrie erm\u00f6glicht eine <\/span><span dir=\"ltr\" role=\"presentation\">ein gro\u00dfes \u00dcbersetzungsverh\u00e4ltnis und einen extrem gro\u00dfen Arbeitsbereich.<\/span><\/p>\n<p><span dir=\"ltr\" role=\"presentation\">Gleichzeitig reduziert die Anti-Panik-Funktion das Risiko einer <\/span><span dir=\"ltr\" role=\"presentation\">Unfall, wenn du die Kontrolle verlierst. Sie eignet sich f\u00fcr linke und <\/span><span dir=\"ltr\" role=\"presentation\">Rechtsh\u00e4nder (unabh\u00e4ngig von aktiver oder passiver Bedienung)<\/span><span dir=\"ltr\" role=\"presentation\">Betrieb) und erm\u00f6glicht eine optimale Handhabung auch in <\/span><span class=\"\" dir=\"ltr\" role=\"presentation\">Das macht das MEGAWATT zum vielseitigsten Abseilger\u00e4t auf dem <\/span><span dir=\"ltr\" role=\"presentation\">vielseitigste Abseilger\u00e4t auf dem Markt mit maximaler <\/span><span dir=\"ltr\" role=\"presentation\">Kompaktheit und minimiertem Gewicht.<\/span><\/p>\n<h2>Merkmale<\/h2>\n<ul>\n<li><span dir=\"ltr\" role=\"presentation\">Integrierter RFID-Chip zur vereinfachten Betriebsdokumentation<\/span><\/li>\n<li><span dir=\"ltr\" role=\"presentation\">Ergonomisch geformter Zwei-Komponenten-Hebel zur pr\u00e4zisen Steuerung der <\/span><span dir=\"ltr\" role=\"presentation\">der Abseilgeschwindigkeit (geeignet f\u00fcr Rechts- und Linksh\u00e4nder)<\/span><\/li>\n<li><span dir=\"ltr\" role=\"presentation\">Das kompakte Design und der kurze Absenkhebel erleichtern die Handhabung und <\/span><span dir=\"ltr\" role=\"presentation\">reduzieren das Risiko des Einklemmens<\/span><\/li>\n<li><span dir=\"ltr\" role=\"presentation\">Anti-Panik-Funktion f\u00fcr zus\u00e4tzliche Sicherheit beim Absenken (Ger\u00e4t <\/span><span dir=\"ltr\" role=\"presentation\">sperrt automatisch, wenn der Hebel zu weit nach vorne gedr\u00fcckt wird)<\/span><\/li>\n<li><span dir=\"ltr\" role=\"presentation\">Die Autolock-Funktion erm\u00f6glicht die Positionierung bei Arbeiten in der H\u00f6he <\/span><span dir=\"ltr\" role=\"presentation\">ohne die Notwendigkeit, den Hebel zu verriegeln oder das Ger\u00e4t abzubinden<\/span><\/li>\n<li><span dir=\"ltr\" role=\"presentation\">Stahleinlagen an den abriebgef\u00e4hrdeten Stellen erh\u00f6hen die Lebensdauer <\/span><\/li>\n<li><span dir=\"ltr\" role=\"presentation\">Verriegelungsschraube f\u00fcr semi-permanenten Einbau in Rettungssysteme<\/span><\/li>\n<li><span dir=\"ltr\" role=\"presentation\">Der \u00d6ffnungsmechanismus mit Sicherheitsverschluss erm\u00f6glicht das Einlegen des Seils <\/span><span dir=\"ltr\" role=\"presentation\">ohne das Ger\u00e4t aus dem Gurt aush\u00e4ngen zu m\u00fcssen<\/span><\/li>\n<li><span dir=\"ltr\" role=\"presentation\">Das gro\u00dfe Karabinerloch erm\u00f6glicht eine Drehung des Karabiners um 360\u00b0 im <\/span><span dir=\"ltr\" role=\"presentation\">dem Ger\u00e4t<\/span><\/li>\n<li><span dir=\"ltr\" role=\"presentation\">Abseilen von schweren Lasten bis zu 200 kg m\u00f6glich<\/span><\/li>\n<li><span dir=\"ltr\" role=\"presentation\">Geeignet f\u00fcr Seildurchmesser von 8,9 bis 11,8 mm<\/span><\/li>\n<\/ul>\n<h2>Spezifikationen<\/h2>\n<ul>\n<li>Farbe: <span dir=\"ltr\" role=\"presentation\">017 night<\/span><\/li>\n<li>Gewicht: 495 Gramm<\/li>\n<li>max. Abstiegslast: 200 kg<\/li>\n<li>Seildurchmesser: 8,9 &#8211; 11,8mm<\/li>\n<li>Zertifizierungen: <span dir=\"ltr\" role=\"presentation\">EN 12841-C, EN 341-2A, <\/span><span dir=\"ltr\" role=\"presentation\">EN 15151-1\/8, <\/span><span dir=\"ltr\" role=\"presentation\">ANSI\/ASSE Z359.4<\/span><\/li>\n<\/ul>\n<p><iframe loading=\"lazy\" title=\"Edelrid MEGAWATT Application Positioning\" width=\"980\" height=\"551\" src=\"https:\/\/www.youtube.com\/embed\/6QYndfz4TP8?feature=oembed\" frameborder=\"0\" allow=\"accelerometer; autoplay; clipboard-write; encrypted-media; gyroscope; picture-in-picture; web-share\" referrerpolicy=\"strict-origin-when-cross-origin\" allowfullscreen><\/iframe><\/p>\n<h3 class=\"western\">\ud83d\udc49 Sie suchen einen bestimmten Edelrid-Artikel, der nicht im Shop gelistet ist? Wir vertreiben das komplette Portfolio f\u00fcr Abenteuer, Sport und Sicherheit. Bitte <strong><a href=\"https:\/\/thrillsyndicate.com\/de\/kontakt\/\">senden Sie<\/a><\/strong> uns eine E-Mail oder sehen Sie sich die vollst\u00e4ndige <strong><a href=\"https:\/\/thrillsyndicate.com\/edelrid-safety-price-list-2025\/\">Sicherheitspreisliste hier<\/a><\/strong>. \ud83d\udc48<\/h3>\n","protected":false},"excerpt":{"rendered":"<p>Es ist f\u00fcr Links- und Rechtsh\u00e4nder*innen gleicherma\u00dfen geeignet (unabh\u00e4ngig von einer aktiven oder passiven Bedienung) und erm\u00f6glicht ein optimales Handling auch in schwer zug\u00e4nglichen Arbeitspositionen. Dies macht das MEGAWATT zum vielseitigsten Abseilger\u00e4t am Markt und das bei maximaler Kompaktheit und minimalem Gewicht.<\/p>\n","protected":false},"featured_media":8180,"template":"","meta":{"_coblocks_attr":"","_coblocks_dimensions":"","_coblocks_responsive_height":"","_coblocks_accordion_ie_support":"","wds_primary_product_brand":0,"wds_primary_product_cat":0},"product_brand":[62],"product_cat":[92,840],"product_tag":[811,93,55],"class_list":{"0":"post-8333","1":"product","2":"type-product","3":"status-publish","4":"has-post-thumbnail","6":"product_brand-edelrid","7":"product_cat-descent-rescue-devices","8":"product_cat-descenders","9":"product_tag-descender","10":"product_tag-descent-rescue","11":"product_tag-ropes-course","13":"first","14":"instock","15":"taxable","16":"shipping-taxable","17":"purchasable","18":"product-type-simple"},"_links":{"self":[{"href":"https:\/\/thrillsyndicate.com\/de\/wp-json\/wp\/v2\/product\/8333","targetHints":{"allow":["GET"]}}],"collection":[{"href":"https:\/\/thrillsyndicate.com\/de\/wp-json\/wp\/v2\/product"}],"about":[{"href":"https:\/\/thrillsyndicate.com\/de\/wp-json\/wp\/v2\/types\/product"}],"wp:featuredmedia":[{"embeddable":true,"href":"https:\/\/thrillsyndicate.com\/de\/wp-json\/wp\/v2\/media\/8180"}],"wp:attachment":[{"href":"https:\/\/thrillsyndicate.com\/de\/wp-json\/wp\/v2\/media?parent=8333"}],"wp:term":[{"taxonomy":"product_brand","embeddable":true,"href":"https:\/\/thrillsyndicate.com\/de\/wp-json\/wp\/v2\/product_brand?post=8333"},{"taxonomy":"product_cat","embeddable":true,"href":"https:\/\/thrillsyndicate.com\/de\/wp-json\/wp\/v2\/product_cat?post=8333"},{"taxonomy":"product_tag","embeddable":true,"href":"https:\/\/thrillsyndicate.com\/de\/wp-json\/wp\/v2\/product_tag?post=8333"}],"curies":[{"name":"wp","href":"https:\/\/api.w.org\/{rel}","templated":true}]}}