{"id":8341,"date":"2022-11-30T09:07:10","date_gmt":"2022-11-30T08:07:10","guid":{"rendered":"https:\/\/thrillsyndicate.com\/shop\/edelrid-cupid-connector-ring\/"},"modified":"2025-08-26T08:47:06","modified_gmt":"2025-08-26T06:47:06","slug":"edelrid-cupid-connector-ring","status":"publish","type":"product","link":"https:\/\/thrillsyndicate.com\/de\/product\/edelrid-cupid-connector-ring\/","title":{"rendered":"Edelrid CUPID Verbindungsring"},"content":{"rendered":"<p data-sourcepos=\"17:1-17:532\">F\u00fcr professionelle Kletterer, Takler und alle, die eine zuverl\u00e4ssige L\u00f6sung zum Herstellen dauerhafter Verbindungen ben\u00f6tigen, ist der Edelrid CUPID Verbindungsring die perfekte Wahl. Dieser innovative Aluminiumring verf\u00fcgt \u00fcber einen benutzerfreundlichen, schraubbaren \u00d6ffnungsmechanismus, der ein einfaches Anbringen und L\u00f6sen von Seilen, Schlingen und anderen lasttragenden Ger\u00e4ten erm\u00f6glicht. Der CUPID verf\u00fcgt \u00fcber eine au\u00dfergew\u00f6hnliche Festigkeit (20 kN auf der Haupt- und Nebenachse) und bleibt auch bei Verlust der Schraube sicher, so dass zuverl\u00e4ssige Verbindungen in kritischen Situationen gew\u00e4hrleistet sind.  <\/p>\n<h2 data-sourcepos=\"19:1-19:75\">M\u00fchelose Verbindungen, au\u00dfergew\u00f6hnliche St\u00e4rke:<\/h2>\n<ul data-sourcepos=\"21:1-24:0\">\n<li data-sourcepos=\"21:1-21:183\"><strong>Einfacher schraubbarer Mechanismus:<\/strong> Der benutzerfreundliche, schraubbare \u00d6ffnungsmechanismus erm\u00f6glicht ein schnelles und einfaches Anbringen und Abnehmen von Seilen, Schlingen und Metallteilen.<\/li>\n<li data-sourcepos=\"22:1-22:189\"><strong>Dauerhafte Verbindungen in jede Richtung:<\/strong> Die CUPID erm\u00f6glicht sichere Verbindungen von tragenden Ausr\u00fcstungselementen in jeder Richtung und maximiert so die Vielseitigkeit bei komplexen Rigging-Aufgaben.<\/li>\n<li data-sourcepos=\"23:1-24:0\"><strong>Au\u00dfergew\u00f6hnliche St\u00e4rke und Zuverl\u00e4ssigkeit:<\/strong> Trotz seines einfachen Designs verf\u00fcgt der CUPID \u00fcber eine Bruchfestigkeit von 20 kN sowohl auf der Haupt- als auch auf der Nebenachse, was eine zuverl\u00e4ssige Leistung unter Last gew\u00e4hrleistet.<\/li>\n<\/ul>\n<h2 data-sourcepos=\"25:1-25:69\">Entwickelt f\u00fcr effizientes Rigging:<\/h2>\n<ul data-sourcepos=\"27:1-30:0\">\n<li data-sourcepos=\"27:1-27:120\"><strong>Leichte Aluminiumkonstruktion:<\/strong> Minimiert das Gewicht und erleichtert den Transport und die Handhabung bei l\u00e4ngeren Eins\u00e4tzen.<\/li>\n<li data-sourcepos=\"28:1-28:103\"><strong>Gro\u00dfe \u00d6ffnungsweite (12 mm):<\/strong> Erm\u00f6glicht den einfachen Anschluss von Seilen, Schlingen und verschiedenen Ausr\u00fcstungen.<\/li>\n<li data-sourcepos=\"29:1-30:0\"><strong>Langlebiges Design mit einer Schraube:<\/strong> Bietet einen sicheren Verriegelungsmechanismus mit minimalen Teilen f\u00fcr einfache Wartung.<\/li>\n<\/ul>\n<h2 data-sourcepos=\"31:1-31:92\">Edelrid CUPID Verbindungsring &#8211; Technische Details:<\/h2>\n<ul data-sourcepos=\"33:1-42:24\">\n<li data-sourcepos=\"33:1-33:14\">Gewicht: 65 g<\/li>\n<li data-sourcepos=\"34:1-34:21\">Material: Aluminium<\/li>\n<li data-sourcepos=\"35:1-35:26\">\u00d6ffnungsmechanismus: Schraube<\/li>\n<li data-sourcepos=\"36:1-36:22\">\u00d6ffnungsweite: 12 mm<\/li>\n<li data-sourcepos=\"37:1-37:24\">Innendurchmesser: 44 mm<\/li>\n<li data-sourcepos=\"38:1-38:14\">Breite: 70 mm<\/li>\n<li data-sourcepos=\"39:1-39:15\">L\u00e4nge: 70 mm<\/li>\n<li data-sourcepos=\"40:1-40:25\">Fmax. Hauptachse: 20 kN<\/li>\n<li data-sourcepos=\"41:1-41:25\">Fmax. Nebenachse: 20 kN<\/li>\n<li data-sourcepos=\"42:1-42:24\">Zertifizierung: EN 362<\/li>\n<\/ul>\n<h3 class=\"western\">\ud83d\udc49 Sie suchen einen bestimmten Edelrid-Artikel, der nicht im Shop gelistet ist? Wir vertreiben das komplette Portfolio f\u00fcr Abenteuer, Sport und Sicherheit. Bitte <strong><a href=\"https:\/\/thrillsyndicate.com\/de\/kontakt\/\">senden Sie<\/a><\/strong> uns eine E-Mail oder sehen Sie sich die vollst\u00e4ndige <strong><a href=\"https:\/\/thrillsyndicate.com\/edelrid-safety-price-list-2025\/\">Sicherheitspreisliste hier<\/a><\/strong>. \ud83d\udc48<\/h3>\n<p>&nbsp;<\/p>\n","protected":false},"excerpt":{"rendered":"<p>Der Edelrid CUPID Verbindungsring ist ein <strong>vielseitiger und benutzerfreundlicher<\/strong> Aluminiumring mit einem schraubenbet\u00e4tigten \u00d6ffnungsmechanismus. Dieser Verbinder erm\u00f6glicht die <strong>dauerhafte Verbindung<\/strong> von tragenden Ausr\u00fcstungselementen in jeder Richtung und ist damit ideal f\u00fcr Takelage, die Erstellung von Ankersystemen und verschiedene Anwendungen, die sichere und zuverl\u00e4ssige Verbindungen erfordern. <\/p>\n","protected":false},"featured_media":8155,"template":"","meta":{"_coblocks_attr":"","_coblocks_dimensions":"","_coblocks_responsive_height":"","_coblocks_accordion_ie_support":"","wds_primary_product_brand":0,"wds_primary_product_cat":0},"product_brand":[62],"product_cat":[4,51,65],"product_tag":[424,532,425,548],"class_list":{"0":"post-8341","1":"product","2":"type-product","3":"status-publish","4":"has-post-thumbnail","6":"product_brand-edelrid","7":"product_cat-edelrid-smart-belay","8":"product_cat-lockd-belay-system","9":"product_cat-connecting","10":"product_tag-edelrid-smart-belay-de","11":"product_tag-kontinuierliche-sicherung","12":"product_tag-sicherungssysteme","13":"product_tag-verbinden","15":"first","16":"instock","17":"taxable","18":"shipping-taxable","19":"purchasable","20":"product-type-variable","21":"has-default-attributes"},"_links":{"self":[{"href":"https:\/\/thrillsyndicate.com\/de\/wp-json\/wp\/v2\/product\/8341","targetHints":{"allow":["GET"]}}],"collection":[{"href":"https:\/\/thrillsyndicate.com\/de\/wp-json\/wp\/v2\/product"}],"about":[{"href":"https:\/\/thrillsyndicate.com\/de\/wp-json\/wp\/v2\/types\/product"}],"wp:featuredmedia":[{"embeddable":true,"href":"https:\/\/thrillsyndicate.com\/de\/wp-json\/wp\/v2\/media\/8155"}],"wp:attachment":[{"href":"https:\/\/thrillsyndicate.com\/de\/wp-json\/wp\/v2\/media?parent=8341"}],"wp:term":[{"taxonomy":"product_brand","embeddable":true,"href":"https:\/\/thrillsyndicate.com\/de\/wp-json\/wp\/v2\/product_brand?post=8341"},{"taxonomy":"product_cat","embeddable":true,"href":"https:\/\/thrillsyndicate.com\/de\/wp-json\/wp\/v2\/product_cat?post=8341"},{"taxonomy":"product_tag","embeddable":true,"href":"https:\/\/thrillsyndicate.com\/de\/wp-json\/wp\/v2\/product_tag?post=8341"}],"curies":[{"name":"wp","href":"https:\/\/api.w.org\/{rel}","templated":true}]}}