{"id":9063,"date":"2023-03-02T15:20:58","date_gmt":"2023-03-02T14:20:58","guid":{"rendered":"https:\/\/thrillsyndicate.com\/shop\/edelrid-shockstop-pro-140\/"},"modified":"2025-08-26T08:43:41","modified_gmt":"2025-08-26T06:43:41","slug":"edelrid-shockstop-pro-140","status":"publish","type":"product","link":"https:\/\/thrillsyndicate.com\/de\/product\/edelrid-shockstop-pro-140\/","title":{"rendered":"Edelrid Shockstop Pro 140"},"content":{"rendered":"<p>Der Edelrid Shockstop Pro 140 ist die perfekte Wahl f\u00fcr professionelle Kletterer, die das Beste an Sicherheit und Haltbarkeit verlangen. Mit seinem innovativen Design und den hochwertigen Materialien bietet dieses Verbindungsst\u00fcck eine hervorragende Sto\u00dfd\u00e4mpfung und Schutz vor Aufprallkr\u00e4ften und ist damit die ultimative Wahl f\u00fcr Kletterer, die auch in den anspruchsvollsten Umgebungen sicher und gesch\u00fctzt sein wollen.<\/p>\n<ul>\n<li>Der Edelrid Shockstop Pro 140 Connector wurde entwickelt, um eine sichere Verbindung zwischen dem Seil und dem Anschlagpunkt herzustellen.<\/li>\n<li>Dank der Sto\u00dfd\u00e4mpfungstechnologie minimiert dieser Verbinder die Aufprallkraft im Falle eines Sturzes und verringert so das Verletzungsrisiko f\u00fcr den Nutzer.<\/li>\n<li>Der Shockstop Pro 140 Connector besteht aus hochfesten Materialien, die sowohl langlebig als auch leicht sind, und eignet sich daher ideal f\u00fcr den Einsatz in verschiedenen professionellen Bereichen.<\/li>\n<\/ul>\n<h2>Spezifikationen<\/h2>\n<ul>\n<li>Verl\u00e4ngerung des Sto\u00dfd\u00e4mpfers: 160 cm<\/li>\n<li>Hohe maximale Tragf\u00e4higkeit: 140 kg<\/li>\n<li>Zertifiziert nach den strengen Anforderungen von EN 355 und ANSI Z359.13 12 Fu\u00df<\/li>\n<li>Zugelassen f\u00fcr 60 &#8211; 140 kg<\/li>\n<li>Mindestbruchkraft: 15 kN<\/li>\n<li>\n<div class=\"ed-article-weight ed-color-grey-6\">Gewicht: <span class=\"ed-article-weight\" data-product-weight=\"\">133<\/span> g<\/div>\n<\/li>\n<\/ul>\n<h3 class=\"western\">\ud83d\udc49 Sie suchen einen bestimmten Edelrid-Artikel, der nicht im Shop gelistet ist? Wir vertreiben das komplette Portfolio f\u00fcr Abenteuer, Sport und Sicherheit. Bitte <strong><a href=\"https:\/\/thrillsyndicate.com\/de\/kontakt\/\">senden Sie<\/a><\/strong> uns eine E-Mail oder sehen Sie sich die vollst\u00e4ndige <strong><a href=\"https:\/\/thrillsyndicate.com\/edelrid-safety-price-list-2025\/\">Sicherheitspreisliste hier<\/a><\/strong>. \ud83d\udc48<\/h3>\n","protected":false},"excerpt":{"rendered":"<p>Kompakter Falld\u00e4mpfer zur Verwendung in Auffangsystemen, die Teil der pers\u00f6nlichen Absturzsicherungsausr\u00fcstung sind. Dieser Verbinder ist unglaublich vielseitig, was ihn zu einem unverzichtbaren Werkzeug f\u00fcr eine Reihe von Anwendungen macht, vom Bau bis zum Klettern.<\/p>\n","protected":false},"featured_media":9034,"template":"","meta":{"_coblocks_attr":"","_coblocks_dimensions":"","_coblocks_responsive_height":"","_coblocks_accordion_ie_support":"","wds_primary_product_brand":0,"wds_primary_product_cat":0},"product_brand":[62],"product_cat":[842],"product_tag":[805,67,176],"class_list":{"0":"post-9063","1":"product","2":"type-product","3":"status-publish","4":"has-post-thumbnail","6":"product_brand-edelrid","7":"product_cat-fall-arresters","8":"product_tag-energy-absorbers","9":"product_tag-ppe","10":"product_tag-connecting","12":"first","13":"instock","14":"taxable","15":"shipping-taxable","16":"purchasable","17":"product-type-simple"},"_links":{"self":[{"href":"https:\/\/thrillsyndicate.com\/de\/wp-json\/wp\/v2\/product\/9063","targetHints":{"allow":["GET"]}}],"collection":[{"href":"https:\/\/thrillsyndicate.com\/de\/wp-json\/wp\/v2\/product"}],"about":[{"href":"https:\/\/thrillsyndicate.com\/de\/wp-json\/wp\/v2\/types\/product"}],"wp:featuredmedia":[{"embeddable":true,"href":"https:\/\/thrillsyndicate.com\/de\/wp-json\/wp\/v2\/media\/9034"}],"wp:attachment":[{"href":"https:\/\/thrillsyndicate.com\/de\/wp-json\/wp\/v2\/media?parent=9063"}],"wp:term":[{"taxonomy":"product_brand","embeddable":true,"href":"https:\/\/thrillsyndicate.com\/de\/wp-json\/wp\/v2\/product_brand?post=9063"},{"taxonomy":"product_cat","embeddable":true,"href":"https:\/\/thrillsyndicate.com\/de\/wp-json\/wp\/v2\/product_cat?post=9063"},{"taxonomy":"product_tag","embeddable":true,"href":"https:\/\/thrillsyndicate.com\/de\/wp-json\/wp\/v2\/product_tag?post=9063"}],"curies":[{"name":"wp","href":"https:\/\/api.w.org\/{rel}","templated":true}]}}