{"id":9066,"date":"2023-02-24T18:35:51","date_gmt":"2023-02-24T17:35:51","guid":{"rendered":"https:\/\/thrillsyndicate.com\/shop\/bushnell-velocity-speed-gun\/"},"modified":"2025-08-26T08:45:51","modified_gmt":"2025-08-26T06:45:51","slug":"bushnell-velocity-speed-gun","status":"publish","type":"product","link":"https:\/\/thrillsyndicate.com\/de\/product\/bushnell-velocity-speed-gun\/","title":{"rendered":"Bushnell Velocity Speed Gun"},"content":{"rendered":"<p>Der Bushnell Velocity Speed Gun ist ideal f\u00fcr die t\u00e4gliche \u00dcberpr\u00fcfung der Seilbahngeschwindigkeit sowie f\u00fcr das Testen und \u00dcberpr\u00fcfen neuer Anlagen. Die Speed Gun ist bis auf +\/- 2 km\/h genau und rechnet zwischen mph und kph um, sodass du die Ergebnisse ganz einfach mit unseren Zipline-Bremskarten vergleichen kannst. Mit der Reichweite kann der Bediener sicher neben den sich n\u00e4hernden Testgewichten oder Fahrern stehen.<\/p>\n<p>Der Bushnell Velocity Geschwindigkeitsmesser nutzt digitale Technologie, um die Geschwindigkeit mit einer Genauigkeit von bis zu +\/- 2 km\/h zu messen. Es ist ein einfach zu bedienendes Gewehr, mit dem du nur zielen und schie\u00dfen musst, f\u00fcr alle Arten von Sportlern. Die Bushnell Geschwindigkeitsmesspistole misst die Geschwindigkeit eines Baseballs mit 16-177 km\/h in einer Entfernung von 27 m vom Ball (sie kann auch zur Messung der Geschwindigkeit eines Schie\u00dfstandes verwendet werden) und die Geschwindigkeit eines Autos bei Rennen mit einer Geschwindigkeit von 16-322 km\/h in einer Entfernung von 457 m.<\/p>\n<p>Bei der <a href=\"https:\/\/thrillsyndicate.com\/de\/zip-line-installation-geben-sie-die-beste-fahrt\/\">Installation und Pr\u00fcfung von Seilbahnen<\/a> kommt es zwangsl\u00e4ufig zu Abweichungen zwischen den tats\u00e4chlichen Ankunftsgeschwindigkeiten und den durch die Modellierung berechneten Ankunftsgeschwindigkeiten. Dieser Unterschied kann auf Reibung, Windgeschwindigkeit und -richtung, Kabeltemperatur und Kabelspannung zur\u00fcckgef\u00fchrt werden. Durch die Messung der tats\u00e4chlichen Geschwindigkeit verschiedener Fahrergewichte ist es m\u00f6glich, die Gr\u00f6\u00dfe des Landebereichs zu kontrollieren und sicherzustellen, dass der <a href=\"https:\/\/thrillsyndicate.com\/de\/kategorie\/zipline-sicherheitslosungen\/\">zipSTOP<\/a> innerhalb der empfohlenen Parameter verwendet wird. Die tats\u00e4chlichen Ankunftsgeschwindigkeiten und die durch die Modellierung vorhergesagten Ankunftsgeschwindigkeiten werden w\u00e4hrend der Installation und Pr\u00fcfung der Seilbahn unweigerlich variieren. Reibung, Windrichtung und -geschwindigkeit, Kabeltemperatur und Kabeldehnung sind m\u00f6gliche Ursachen f\u00fcr diese Schwankungen. Es ist in der Lage, die Gr\u00f6\u00dfe des Landebereichs zu regulieren und sicherzustellen, dass der zipSTOP innerhalb der empfohlenen Grenzen verwendet wird, indem es die tats\u00e4chliche Geschwindigkeit f\u00fcr verschiedene Fahrergewichte misst.<\/p>\n<h2>Merkmale<\/h2>\n<ul>\n<li>Einfach zu bedienen: Zielen und schie\u00dfen<\/li>\n<li>Pistolengriff mit integriertem Automatisierungssystem<\/li>\n<li>Gro\u00dfer und klarer LCD-Bildschirm<\/li>\n<li>Zeigt die h\u00f6chste Geschwindigkeit an, wenn der Abzug losgelassen wird<\/li>\n<li>Gr\u00f6\u00dfe: 109 x 213 x 152 mm<\/li>\n<li>Geschwindigkeitsbereich: 10-177 km\/h<\/li>\n<li>Genauigkeit von +\/- 2 km\/h<\/li>\n<li>Gewicht: 539 gr<\/li>\n<li>Funktioniert mit zwei C-Alkalibatterien<\/li>\n<li>Automatisches Abschaltsystem, damit die Batterien nicht leer werden.<\/li>\n<\/ul>\n","protected":false},"excerpt":{"rendered":"<p>Der Bushnell Velocity Speed Gun eignet sich perfekt f\u00fcr den ersten Test und die \u00dcberpr\u00fcfung der Installation sowie f\u00fcr die t\u00e4gliche Geschwindigkeitspr\u00fcfung auf deinen Leinen. Der Bushnell Velocity Geschwindigkeitsmesser nutzt digitale Technologie, um die Geschwindigkeit mit einer Genauigkeit von bis zu +\/- 2 km\/h zu messen. Es ist ein einfach zu bedienendes Gewehr, mit dem du nur zielen und schie\u00dfen musst, f\u00fcr alle Arten von Sportlern. Die Bushnell Geschwindigkeitsmesspistole misst die Geschwindigkeit eines Baseballs mit 16-177 km\/h in einer Entfernung von 27 m vom Ball (sie kann auch zur Messung der Geschwindigkeit eines Schie\u00dfstandes verwendet werden) und die Geschwindigkeit eines Autos bei Rennen mit einer Geschwindigkeit von 16-322 km\/h in einer Entfernung von 457 m.<\/p>\n","protected":false},"featured_media":8783,"template":"","meta":{"_coblocks_attr":"","_coblocks_dimensions":"","_coblocks_responsive_height":"","_coblocks_accordion_ie_support":"","wds_primary_product_brand":0,"wds_primary_product_cat":0},"product_brand":[70],"product_cat":[39],"product_tag":[436,684,435],"class_list":{"0":"post-9066","1":"product","2":"type-product","3":"status-publish","4":"has-post-thumbnail","6":"product_brand-thrill-syndicate","7":"product_cat-zipstop-accessories","8":"product_tag-seilrutsche","9":"product_tag-zipline-trolley-de-2","10":"product_tag-zipline-bremse","12":"first","13":"instock","14":"taxable","15":"shipping-taxable","16":"purchasable","17":"product-type-simple"},"_links":{"self":[{"href":"https:\/\/thrillsyndicate.com\/de\/wp-json\/wp\/v2\/product\/9066","targetHints":{"allow":["GET"]}}],"collection":[{"href":"https:\/\/thrillsyndicate.com\/de\/wp-json\/wp\/v2\/product"}],"about":[{"href":"https:\/\/thrillsyndicate.com\/de\/wp-json\/wp\/v2\/types\/product"}],"wp:featuredmedia":[{"embeddable":true,"href":"https:\/\/thrillsyndicate.com\/de\/wp-json\/wp\/v2\/media\/8783"}],"wp:attachment":[{"href":"https:\/\/thrillsyndicate.com\/de\/wp-json\/wp\/v2\/media?parent=9066"}],"wp:term":[{"taxonomy":"product_brand","embeddable":true,"href":"https:\/\/thrillsyndicate.com\/de\/wp-json\/wp\/v2\/product_brand?post=9066"},{"taxonomy":"product_cat","embeddable":true,"href":"https:\/\/thrillsyndicate.com\/de\/wp-json\/wp\/v2\/product_cat?post=9066"},{"taxonomy":"product_tag","embeddable":true,"href":"https:\/\/thrillsyndicate.com\/de\/wp-json\/wp\/v2\/product_tag?post=9066"}],"curies":[{"name":"wp","href":"https:\/\/api.w.org\/{rel}","templated":true}]}}