{"id":9623,"date":"2023-04-17T11:12:42","date_gmt":"2023-04-17T09:12:42","guid":{"rendered":"https:\/\/thrillsyndicate.com\/?post_type=product&#038;p=9623"},"modified":"2025-11-03T14:01:59","modified_gmt":"2025-11-03T13:01:59","slug":"belay-gate-xl-rectangle-minimize-risks-errors","status":"publish","type":"product","link":"https:\/\/thrillsyndicate.com\/de\/product\/belay-gate-xl-rectangle-minimize-risks-errors\/","title":{"rendered":"Belay Gate XL Rectangle | Risiken und Fehler minimieren"},"content":{"rendered":"<div class=\"hrt-product-description\">\n<p>Dieses au\u00dfergew\u00f6hnliche Sicherungsger\u00e4t eignet sich perfekt f\u00fcr Kletteranlagen jeder Gr\u00f6\u00dfe und sorgt daf\u00fcr, dass sowohl Anf\u00e4nger als auch erfahrene Kletterer ein nahtloses, sicheres Erlebnis genie\u00dfen k\u00f6nnen. Lass uns einen Blick auf die herausragenden Vorteile des Belay Gate XL Rectangle werfen.<\/p>\n<p>Die Sicherheit ist das Herzst\u00fcck des TRUBLUE Belay Gate XL Rectangle. Sein innovatives Design verhindert unbefugtes oder versehentliches Trennen und sorgt daf\u00fcr, dass der Kletterer jederzeit sicher mit seinem Selbstsicherung verbunden bleibt. So kannst du dich darauf konzentrieren, mit Zuversicht neue H\u00f6hen zu erklimmen. Effizienz und Benutzerfreundlichkeit sind die Hauptmerkmale des Belay Gate XL Rectangle. Sein einfaches, aber effektives Design vereinfacht das Verbinden und Trennen der Kletterer von ihren Selbstsicherung. Sowohl die Mitarbeiter als auch die Kletterer werden die zeitsparenden Vorteile zu sch\u00e4tzen wissen, die zu einem angenehmeren und stressfreieren Erlebnis f\u00fchren.<\/p>\n<p>Das Belay Gate XL Rectangle ist eine robuste Konstruktion, die den Anforderungen eines Kletterparks standh\u00e4lt. Dieses strapazierf\u00e4hige Sicherungsgitter aus hochwertigen Materialien ist f\u00fcr den Dauereinsatz konzipiert und garantiert eine langlebige und zuverl\u00e4ssige L\u00f6sung f\u00fcr deine Kletterhalle.<\/p>\n<p>Das TRUBLUE Belay Gate XL Rectangle ist ein unverzichtbares Sicherheitsmerkmal f\u00fcr Kletteranlagen, das die Sicherheit erh\u00f6ht und den Sicherungsprozess vereinfacht. Seine robuste Konstruktion und die Kompatibilit\u00e4t mit verschiedenen Selbstsicherung machen ihn zu einer unschlagbaren Wahl f\u00fcr Fitnessstudios und Kletterbegeisterte gleicherma\u00dfen. Verpasse nicht die Gelegenheit, dein Klettererlebnis zu verbessern &#8211; mach das TRUBLUE Belay Gate XL Rectangle noch heute zu einem Teil deiner Anlage!<\/p>\n<\/div>\n<h4>SPEZIFIKATIONEN<\/h4>\n<div class=\"hrt-specs\">\n<ul>\n<li>Strapazierf\u00e4hige Nylonkonstruktion<\/li>\n<li>Premium-Halbhartschaumkern<\/li>\n<li>121 cm breit x 130 cm hoch (47,6 Zoll breit x 51 Zoll hoch)<\/li>\n<li>Schriftliche und grafische Sicherheitsanweisungen<\/li>\n<li>Zwei einsteckbare Kohlefaserst\u00e4be verhindern das Durchh\u00e4ngen<\/li>\n<li>Universell verstellbare untere Gurtb\u00e4nder<\/li>\n<li>Hergestellt in den USA<\/li>\n<\/ul>\n<\/div>\n","protected":false},"excerpt":{"rendered":"<p>Wir pr\u00e4sentieren das TRUBLUE Belay Gate XL Rectangle: die ultimative Erg\u00e4nzung f\u00fcr deine Kletterhalle, die f\u00fcr mehr Sicherheit und Effizienz sorgt.<\/p>\n","protected":false},"featured_media":9644,"template":"","meta":{"_coblocks_attr":"","_coblocks_dimensions":"","_coblocks_responsive_height":"","_coblocks_accordion_ie_support":"","wds_primary_product_brand":0,"wds_primary_product_cat":0},"product_brand":[72],"product_cat":[33],"product_tag":[24],"class_list":{"0":"post-9623","1":"product","2":"type-product","3":"status-publish","4":"has-post-thumbnail","6":"product_brand-head-rush-technologies","7":"product_cat-trublue-accessories","8":"product_tag-trublue","10":"first","11":"instock","12":"taxable","13":"shipping-taxable","14":"purchasable","15":"product-type-simple"},"_links":{"self":[{"href":"https:\/\/thrillsyndicate.com\/de\/wp-json\/wp\/v2\/product\/9623","targetHints":{"allow":["GET"]}}],"collection":[{"href":"https:\/\/thrillsyndicate.com\/de\/wp-json\/wp\/v2\/product"}],"about":[{"href":"https:\/\/thrillsyndicate.com\/de\/wp-json\/wp\/v2\/types\/product"}],"wp:featuredmedia":[{"embeddable":true,"href":"https:\/\/thrillsyndicate.com\/de\/wp-json\/wp\/v2\/media\/9644"}],"wp:attachment":[{"href":"https:\/\/thrillsyndicate.com\/de\/wp-json\/wp\/v2\/media?parent=9623"}],"wp:term":[{"taxonomy":"product_brand","embeddable":true,"href":"https:\/\/thrillsyndicate.com\/de\/wp-json\/wp\/v2\/product_brand?post=9623"},{"taxonomy":"product_cat","embeddable":true,"href":"https:\/\/thrillsyndicate.com\/de\/wp-json\/wp\/v2\/product_cat?post=9623"},{"taxonomy":"product_tag","embeddable":true,"href":"https:\/\/thrillsyndicate.com\/de\/wp-json\/wp\/v2\/product_tag?post=9623"}],"curies":[{"name":"wp","href":"https:\/\/api.w.org\/{rel}","templated":true}]}}