{"id":4821,"date":"2022-01-27T15:40:35","date_gmt":"2022-01-27T14:40:35","guid":{"rendered":"https:\/\/thrillsyndicate.com\/soluciones-profesionales-de-seguridad-y-aseguramiento\/"},"modified":"2022-08-20T17:09:48","modified_gmt":"2022-08-20T15:09:48","slug":"home","status":"publish","type":"page","link":"https:\/\/thrillsyndicate.com\/es\/","title":{"rendered":"Equipo profesional de aventura"},"content":{"rendered":"\n<h2 class=\"wp-block-heading\">Entrega mundial de soluciones est\u00e1ndar de la industria para la industria de la aventura y el ocio. <\/h2>\n\n<p>Compra las mejores marcas de aventuras como Saferoller, Edelrid, Headrush, Speedrunner y LockD. Fuente Edelrid Smart Belay, dispositivos de ca\u00edda libre QuickFlight, sistemas de frenado de tirolina ZipSTOP, Saferoller, aseguramiento continuo Speedrunner y equipo de seguridad para tirolinas y recorridos de cuerdas. <\/p>\n\n<p>Thrill Syndicate es su fuente de tecnolog\u00eda avanzada para instalar equipos de aventura innovadores para las industrias de actividades al aire libre, entretenimiento y recreaci\u00f3n.<\/p>\n\n<div class=\"wp-block-cover alignwide is-light has-parallax is-style-default\" style=\"background-image:url(https:\/\/thrillsyndicate.com\/wp-content\/uploads\/2022\/03\/crop-0-0-2560-1277-0-Flightline-banner-fp-scaled.jpg);min-height:500px;aspect-ratio:unset;\"><span aria-hidden=\"true\" class=\"wp-block-cover__background has-background-dim-0 has-background-dim\"><\/span><div class=\"wp-block-cover__inner-container is-layout-flow wp-block-cover-is-layout-flow\">\n<h2 class=\"has-text-align-center has-secondary-color has-text-color wp-block-heading\">Seguridad profesional <\/h2>\n\n\n\n<p class=\"has-text-align-center\">Thrill Syndicate dise\u00f1a y distribuye soluciones de Epic Adventure en todo el mundo. Ofrecemos productos y servicios de seguridad y emoci\u00f3n de \u00faltima generaci\u00f3n a operadores profesionales de todo el mundo.<\/p>\n\n\n\n<p class=\"has-text-align-center\">Ya sea que est\u00e9n usando nuestros Auto Belays para un nuevo y emocionante elemento de escalada, nuestros frenos magn\u00e9ticos de tirolesa para crear la tirolesa m\u00e1s larga del mundo o uno de nuestra familia de productos Jump para brindar una emocionante experiencia de ca\u00edda libre a sus clientes, Thrill Syndicate realmente pone el poder de la imaginaci\u00f3n a trabajar.<\/p>\n\n\n\n<div class=\"wp-block-buttons is-horizontal is-content-justification-left is-layout-flex wp-container-core-buttons-is-layout-20be11b6 wp-block-buttons-is-layout-flex\">\n<div class=\"wp-block-button has-custom-width wp-block-button__width-100 is-style-fill\"><a class=\"wp-block-button__link\" href=\"https:\/\/thrillsyndicate.com\/es\/shop-es\/\" style=\"border-radius:5px\">Compra ahora<\/a><\/div>\n<\/div>\n<\/div><\/div>\n\n<hr class=\"wp-block-separator has-css-opacity is-style-default\"\/>\n\n<p><\/p>\n","protected":false},"excerpt":{"rendered":"<p>Entrega mundial de soluciones est\u00e1ndar de la industria para la industria de la aventura y el ocio. Compra las mejores marcas de aventuras como Saferoller, Edelrid, Headrush, Speedrunner y LockD. Fuente Edelrid Smart Belay, dispositivos de ca\u00edda libre QuickFlight, sistemas de frenado de tirolina ZipSTOP, Saferoller, aseguramiento continuo Speedrunner y equipo de seguridad para tirolinas [&hellip;]<\/p>\n","protected":false},"author":64,"featured_media":0,"parent":0,"menu_order":0,"comment_status":"closed","ping_status":"closed","template":"template-homepage.php","meta":{"_coblocks_attr":"","_coblocks_dimensions":"","_coblocks_responsive_height":"","_coblocks_accordion_ie_support":"","footnotes":""},"class_list":["post-4821","page","type-page","status-publish","hentry"],"_links":{"self":[{"href":"https:\/\/thrillsyndicate.com\/es\/wp-json\/wp\/v2\/pages\/4821","targetHints":{"allow":["GET"]}}],"collection":[{"href":"https:\/\/thrillsyndicate.com\/es\/wp-json\/wp\/v2\/pages"}],"about":[{"href":"https:\/\/thrillsyndicate.com\/es\/wp-json\/wp\/v2\/types\/page"}],"author":[{"embeddable":true,"href":"https:\/\/thrillsyndicate.com\/es\/wp-json\/wp\/v2\/users\/64"}],"replies":[{"embeddable":true,"href":"https:\/\/thrillsyndicate.com\/es\/wp-json\/wp\/v2\/comments?post=4821"}],"version-history":[{"count":0,"href":"https:\/\/thrillsyndicate.com\/es\/wp-json\/wp\/v2\/pages\/4821\/revisions"}],"wp:attachment":[{"href":"https:\/\/thrillsyndicate.com\/es\/wp-json\/wp\/v2\/media?parent=4821"}],"curies":[{"name":"wp","href":"https:\/\/api.w.org\/{rel}","templated":true}]}}