{"id":4823,"date":"2022-02-20T17:23:04","date_gmt":"2022-02-20T16:23:04","guid":{"rendered":"https:\/\/thrillsyndicate.com\/solicitar-presupuesto\/"},"modified":"2024-12-27T13:50:30","modified_gmt":"2024-12-27T12:50:30","slug":"solicitud-presupuesto","status":"publish","type":"page","link":"https:\/\/thrillsyndicate.com\/es\/solicitud-presupuesto\/","title":{"rendered":"Solicitar presupuesto"},"content":{"rendered":"&#13;\n<p>Por favor, aseg\u00farese de ingresar el <strong>datos de contacto incluidos C\u00f3digo postal<\/strong> correctamente. Responderemos lo antes posible con un <strong>cotizaci\u00f3n final incl. transporte<\/strong>.<\/p>&#13;\n\n<div class=\"woocommerce ywraq-wrapper ywraq-empty\">\n\t\t\t<div id=\"yith-ywraq-message\"><div class=\"ywraq-question-message\">\n\t<\/div>\n<\/div>\n\t\t\n\t\t\t\t<div class=\"ywraq-form-table-wrapper vertical\">\n\t\t\t<div class=\"ywraq-before-form\">\n\t<p class=\"ywraq_list_empty_message\">Tu lista est\u00e1 vac\u00eda, a\u00f1ade productos a la lista para enviar una solicitud<p><p class=\"return-to-shop\"><a class=\"button wc-backward\" href=\"https:\/\/thrillsyndicate.com\/es\/tienda\/\">Volver a la tienda<\/a><\/p><\/div>\n\t\t\t\t\t<\/div>\n\t<\/div>\n\n&#13;\n<ul class=\"wp-block-list\">&#13;\n<li>Requerimos un <strong>valor m\u00ednimo de pedido de 500,00 \u20ac<\/strong> para pedidos inferiores a 1.000,00 \u20ac puede aplicarse una tasa de tramitaci\u00f3n. <\/li>&#13;\n<li><strong>Realizamos env\u00edos a todo el mundo<\/strong>: los gastos de transporte se calculan en funci\u00f3n del volumen del pedido, el peso y la direcci\u00f3n de entrega.<\/li>&#13;\n<li>IVA\/Aranceles:\n\n<ul>&#13;\n<li>Para los <strong>clientes de la UE con un n\u00famero de IVA v\u00e1lido<\/strong> (fuera de Holanda), entregamos nuestros productos con un 0% de IVA (opci\u00f3n de inversi\u00f3n del sujeto pasivo del IVA).<\/li>&#13;\n<li>Para los <strong>clientes de fuera de la UE, entregamos las mercanc\u00edas DAP<\/strong> &#8211; Entregado en el lugar, excl. IVA y Aranceles.<\/li>&#13;\n<li>Todos nuestros precios <strong>no incluyen IVA, aranceles ni gastos de transporte<\/strong>.<\/li>&#13;\n<\/ul><\/li>&#13;\n<li>S\u00f3lo aceptamos prepago por transferencia bancaria. Las instrucciones para la transferencia estar\u00e1n disponibles al finalizar tu pedido. Ofrecemos otras opciones de pago (PayPal, Stipe, Wise), pero puede aplicarse un porcentaje de recargo debido a los costes del proveedor de pago.  <\/li>&#13;\n<\/ul>&#13;\n","protected":false},"excerpt":{"rendered":"<p>&#13; Por favor, aseg\u00farese de ingresar el datos de contacto incluidos C\u00f3digo postal correctamente. Responderemos lo antes posible con un cotizaci\u00f3n final incl. transporte. &#13; &#13; &#13; Requerimos un valor m\u00ednimo de pedido de 500,00 \u20ac para pedidos inferiores a 1.000,00 \u20ac puede aplicarse una tasa de tramitaci\u00f3n. &#13; Realizamos env\u00edos a todo el mundo: [&hellip;]<\/p>\n","protected":false},"author":64,"featured_media":0,"parent":0,"menu_order":0,"comment_status":"closed","ping_status":"closed","template":"","meta":{"_coblocks_attr":"","_coblocks_dimensions":"","_coblocks_responsive_height":"","_coblocks_accordion_ie_support":"","footnotes":""},"class_list":["post-4823","page","type-page","status-publish","hentry"],"_links":{"self":[{"href":"https:\/\/thrillsyndicate.com\/es\/wp-json\/wp\/v2\/pages\/4823","targetHints":{"allow":["GET"]}}],"collection":[{"href":"https:\/\/thrillsyndicate.com\/es\/wp-json\/wp\/v2\/pages"}],"about":[{"href":"https:\/\/thrillsyndicate.com\/es\/wp-json\/wp\/v2\/types\/page"}],"author":[{"embeddable":true,"href":"https:\/\/thrillsyndicate.com\/es\/wp-json\/wp\/v2\/users\/64"}],"replies":[{"embeddable":true,"href":"https:\/\/thrillsyndicate.com\/es\/wp-json\/wp\/v2\/comments?post=4823"}],"version-history":[{"count":0,"href":"https:\/\/thrillsyndicate.com\/es\/wp-json\/wp\/v2\/pages\/4823\/revisions"}],"wp:attachment":[{"href":"https:\/\/thrillsyndicate.com\/es\/wp-json\/wp\/v2\/media?parent=4823"}],"curies":[{"name":"wp","href":"https:\/\/api.w.org\/{rel}","templated":true}]}}