{"id":4852,"date":"2022-03-25T08:54:01","date_gmt":"2022-03-25T07:54:01","guid":{"rendered":"https:\/\/thrillsyndicate.com\/servicios\/"},"modified":"2025-06-08T08:24:36","modified_gmt":"2025-06-08T06:24:36","slug":"servicios","status":"publish","type":"page","link":"https:\/\/thrillsyndicate.com\/es\/servicios\/","title":{"rendered":"Servicios"},"content":{"rendered":"\n<p>Thrill Syndicate dise\u00f1a y distribuye soluciones de Epic Adventure en todo el mundo. Ofrecemos productos y servicios de seguridad y emoci\u00f3n de \u00faltima generaci\u00f3n a operadores profesionales de todo el mundo.<\/p>\n\n<p>Thrill Syndicate realmente pone a trabajar el poder de la imaginaci\u00f3n, ya sea que est\u00e9n usando nuestros Auto Belays para un nuevo y emocionante elemento de escalada, nuestros frenos magn\u00e9ticos de tirolesa para crear la tirolesa m\u00e1s larga del mundo, o uno de nuestra familia de productos Jump para darle a su clientes una emocionante experiencia de ca\u00edda libre.<\/p>\n<div class=\"wp-block-image\">\n<figure class=\"alignleft size-full\"><img loading=\"lazy\" decoding=\"async\" width=\"1200\" height=\"629\" src=\"https:\/\/thrillsyndicate.com\/wp-content\/uploads\/2022\/03\/ropes-course-girl-smart-belay3-wide.jpg\" alt=\"\" class=\"wp-image-1398\" srcset=\"https:\/\/thrillsyndicate.com\/wp-content\/uploads\/2022\/03\/ropes-course-girl-smart-belay3-wide.jpg 1200w, https:\/\/thrillsyndicate.com\/wp-content\/uploads\/2022\/03\/ropes-course-girl-smart-belay3-wide-458x240.jpg 458w, https:\/\/thrillsyndicate.com\/wp-content\/uploads\/2022\/03\/ropes-course-girl-smart-belay3-wide-300x157.jpg 300w, https:\/\/thrillsyndicate.com\/wp-content\/uploads\/2022\/03\/ropes-course-girl-smart-belay3-wide-1024x537.jpg 1024w, https:\/\/thrillsyndicate.com\/wp-content\/uploads\/2022\/03\/ropes-course-girl-smart-belay3-wide-768x403.jpg 768w, https:\/\/thrillsyndicate.com\/wp-content\/uploads\/2022\/03\/ropes-course-girl-smart-belay3-wide-100x52.jpg 100w\" sizes=\"auto, (max-width: 1200px) 100vw, 1200px\" \/><\/figure>\n<\/div>\n<h2 class=\"wp-block-heading\" id=\"h-knowledge-know-how-experience\">Conocimiento. Saber como. Experiencia.<\/h2>\n\n<p>Las expectativas de los clientes aumentan constantemente cuando se trata de actividades de aventura al aire libre. Los clientes de hoy en d\u00eda buscan algo m\u00e1s que entretenimiento al aire libre; quieren una experiencia. Lo sabemos porque hemos estado en la industria durante mucho tiempo. Brindar una experiencia a sus clientes requiere una comprensi\u00f3n detallada de la industria y qu\u00e9 es exactamente lo que quieren sus clientes. Y es aqu\u00ed donde podemos ayudarlo de varias maneras.<\/p>\n\n<p>Ofrecemos una amplia cartera de soluciones llave en mano adaptadas a tus ideas y especificaciones, basadas en nuestra experiencia de m\u00e1s de una d\u00e9cada como dise\u00f1adores y fabricantes de parques de aventura, cursos de cuerdas altas y parques infantiles naturales, as\u00ed como en un profundo conocimiento del mercado mundial. Podemos ayudar a los clientes en todos los asuntos t\u00e9cnicos y otros relacionados con la construcci\u00f3n, as\u00ed como en las mejores estrategias locales y regionales de marketing y relaciones p\u00fablicas en esta \u00e1rea.<\/p>\n\n<p>Tambi\u00e9n colaboramos con una amplia gama de expertos en los campos de la construcci\u00f3n e ingenier\u00eda, paisajismo, cuidado de \u00e1rboles, salud y seguridad, y pruebas y certificaci\u00f3n, lo que nos permite ofrecer un producto &#8220;llave en mano&#8221; completamente operativo que no solo es innovador sino tambi\u00e9n se adapta perfectamente a todos sus requisitos y deseos. Adem\u00e1s, todos nuestros productos se adhieren a las Normas Europeas de Normas de Calidad m\u00e1s recientes.<\/p>\n\n<h2 class=\"wp-block-heading\">Compromiso con lo que dise\u00f1amos e ingeniamos<\/h2>\n\n<p>La mayor\u00eda de los parques de aventuras que Thrill Syndicate <a href=\"https:\/\/thrillsyndicate.com\/es\/servicios\/diseno-ingenieria\/\">dise\u00f1a e ingenia<\/a> son campos recreativos de alto volumen. En estos dise\u00f1os, la log\u00edstica es clave para la rentabilidad del parque. Un parque y una log\u00edstica mal dise\u00f1ados agotar\u00e1n los presupuestos financieros con respecto a los costos (personal\/operativos) y conducir\u00e1n a la incapacidad de alcanzar las metas y objetivos comerciales. <\/p>\n\n<p>En nuestro proceso de dise\u00f1o, entregamos modelos de rendimiento y capacidad para el dise\u00f1o que entregamos y nos comprometemos con estos.<\/p>\n<div class=\"wp-block-image\">\n<figure class=\"alignleft size-full\"><img loading=\"lazy\" decoding=\"async\" width=\"1200\" height=\"628\" src=\"https:\/\/thrillsyndicate.com\/wp-content\/uploads\/2022\/03\/ropes-course-forest-kid10-wide.jpg\" alt=\"\" class=\"wp-image-1378\" srcset=\"https:\/\/thrillsyndicate.com\/wp-content\/uploads\/2022\/03\/ropes-course-forest-kid10-wide.jpg 1200w, https:\/\/thrillsyndicate.com\/wp-content\/uploads\/2022\/03\/ropes-course-forest-kid10-wide-458x240.jpg 458w, https:\/\/thrillsyndicate.com\/wp-content\/uploads\/2022\/03\/ropes-course-forest-kid10-wide-300x157.jpg 300w, https:\/\/thrillsyndicate.com\/wp-content\/uploads\/2022\/03\/ropes-course-forest-kid10-wide-1024x536.jpg 1024w, https:\/\/thrillsyndicate.com\/wp-content\/uploads\/2022\/03\/ropes-course-forest-kid10-wide-768x402.jpg 768w, https:\/\/thrillsyndicate.com\/wp-content\/uploads\/2022\/03\/ropes-course-forest-kid10-wide-100x52.jpg 100w\" sizes=\"auto, (max-width: 1200px) 100vw, 1200px\" \/><\/figure>\n<\/div>\n<h2 class=\"wp-block-heading\">Oferta de Servicios<\/h2>\n\n<p>La mayor\u00eda de los parques de aventuras dise\u00f1ados por Thrill Syndicate son cursos recreativos de alto volumen. En estos planes, la log\u00edstica es un factor importante en la rentabilidad del parque. Un parque y una log\u00edstica mal dise\u00f1ados pueden agotar los presupuestos financieros en t\u00e9rminos de gastos (de personal\/operativos), impidiendo que la empresa alcance sus metas y objetivos.<\/p>\n\n<p>Producimos modelos de rendimiento y capacidad para los dise\u00f1os que entregamos y nos comprometemos con ellos como parte de nuestro proceso de dise\u00f1o.<\/p>\n\n<ul class=\"wp-block-list\"><li>Desarrollo de temas y conceptos.<\/li><li>Dise\u00f1o conceptual<\/li><li>Dise\u00f1o creativo<\/li><li>Innovaci\u00f3n y Reestructuraci\u00f3n Empresarial<\/li><li>Desarrollo de planes de negocios<\/li><li>Estrategias de marketing, relaciones p\u00fablicas y ventas<\/li><li>Gesti\u00f3n de proyectos y programas<\/li><li>RRHH y Reclutamiento<\/li><li>Seguridad Operacional y Gesti\u00f3n de Riesgos<\/li><li>Inspecciones y Mantenimiento<\/li><\/ul>\n\n<p><\/p>\n","protected":false},"excerpt":{"rendered":"<p>Thrill Syndicate dise\u00f1a y distribuye soluciones de Epic Adventure en todo el mundo. Ofrecemos productos y servicios de seguridad y emoci\u00f3n de \u00faltima generaci\u00f3n a operadores profesionales de todo el mundo. Thrill Syndicate realmente pone a trabajar el poder de la imaginaci\u00f3n, ya sea que est\u00e9n usando nuestros Auto Belays para un nuevo y emocionante [&hellip;]<\/p>\n","protected":false},"author":64,"featured_media":0,"parent":0,"menu_order":0,"comment_status":"closed","ping_status":"closed","template":"","meta":{"_coblocks_attr":"","_coblocks_dimensions":"","_coblocks_responsive_height":"","_coblocks_accordion_ie_support":"","footnotes":""},"class_list":["post-4852","page","type-page","status-publish","hentry"],"_links":{"self":[{"href":"https:\/\/thrillsyndicate.com\/es\/wp-json\/wp\/v2\/pages\/4852","targetHints":{"allow":["GET"]}}],"collection":[{"href":"https:\/\/thrillsyndicate.com\/es\/wp-json\/wp\/v2\/pages"}],"about":[{"href":"https:\/\/thrillsyndicate.com\/es\/wp-json\/wp\/v2\/types\/page"}],"author":[{"embeddable":true,"href":"https:\/\/thrillsyndicate.com\/es\/wp-json\/wp\/v2\/users\/64"}],"replies":[{"embeddable":true,"href":"https:\/\/thrillsyndicate.com\/es\/wp-json\/wp\/v2\/comments?post=4852"}],"version-history":[{"count":0,"href":"https:\/\/thrillsyndicate.com\/es\/wp-json\/wp\/v2\/pages\/4852\/revisions"}],"wp:attachment":[{"href":"https:\/\/thrillsyndicate.com\/es\/wp-json\/wp\/v2\/media?parent=4852"}],"curies":[{"name":"wp","href":"https:\/\/api.w.org\/{rel}","templated":true}]}}