{"id":4868,"date":"2022-03-25T08:59:29","date_gmt":"2022-03-25T07:59:29","guid":{"rendered":"https:\/\/thrillsyndicate.com\/servicios\/formacion-y-educacion\/"},"modified":"2025-06-08T08:26:17","modified_gmt":"2025-06-08T06:26:17","slug":"formacion-educacion","status":"publish","type":"page","link":"https:\/\/thrillsyndicate.com\/es\/servicios\/formacion-educacion\/","title":{"rendered":"Formaci\u00f3n y Educaci\u00f3n"},"content":{"rendered":"\n<h2 class=\"wp-block-heading\" id=\"h-we-ve-got-the-know-how-to-run-your-climbing-park-safely\">\u00a1Tenemos los conocimientos para administrar su parque de escalada de manera segura!<\/h2>\n\n<p>La seguridad operativa de una tirolina o de un Circuito de cuerdas altas, como la de cualquier otra actividad fuera del suelo, depende no s\u00f3lo de la calidad del equipo, sino tambi\u00e9n de que todos los empleados en contacto directo con los visitantes tengan la formaci\u00f3n t\u00e9cnica adecuada y conocimientos sobre c\u00f3mo intervenir en una situaci\u00f3n cr\u00edtica. Nuestra educaci\u00f3n y capacitaci\u00f3n brindan esta experiencia a su personal.<\/p>\n\n<div class=\"wp-block-image\"><figure class=\"alignleft size-full\"><img loading=\"lazy\" decoding=\"async\" width=\"1200\" height=\"629\" src=\"https:\/\/thrillsyndicate.com\/wp-content\/uploads\/2022\/03\/instruction-training-wide-1.jpg\" alt=\"\" class=\"wp-image-1564\" srcset=\"https:\/\/thrillsyndicate.com\/wp-content\/uploads\/2022\/03\/instruction-training-wide-1.jpg 1200w, https:\/\/thrillsyndicate.com\/wp-content\/uploads\/2022\/03\/instruction-training-wide-1-458x240.jpg 458w, https:\/\/thrillsyndicate.com\/wp-content\/uploads\/2022\/03\/instruction-training-wide-1-300x157.jpg 300w, https:\/\/thrillsyndicate.com\/wp-content\/uploads\/2022\/03\/instruction-training-wide-1-1024x537.jpg 1024w, https:\/\/thrillsyndicate.com\/wp-content\/uploads\/2022\/03\/instruction-training-wide-1-768x403.jpg 768w, https:\/\/thrillsyndicate.com\/wp-content\/uploads\/2022\/03\/instruction-training-wide-1-100x52.jpg 100w\" sizes=\"auto, (max-width: 1200px) 100vw, 1200px\" \/><\/figure><\/div>\n\n<h2 class=\"wp-block-heading\" id=\"h-the-change-will-be-noticed-by-your-customers\">Tus clientes notar\u00e1n el cambio.<\/h2>\n\n<p>Durante la operaci\u00f3n de un parque de escalada, su equipo enfrenta una variedad de obst\u00e1culos en t\u00e9rminos de instruir y supervisar a un gran n\u00famero de invitados. Los instructores de escalada, por ejemplo, deben mantener una actitud tranquila y confiada para asegurar a sus alumnos que todo est\u00e1 seguro y bajo control. Y, si surge un escenario en el que el visitante necesita la asistencia del instructor del curso, el instructor debe actuar con rapidez y competencia para ayudar al visitante.<\/p>\n\n<p>Cualquier actividad de escalada, tanto si se realiza haciendo monta\u00f1ismo, en una instalaci\u00f3n recreativa cubierta, en un parque de escalada o mientras se completa un curso de cuerdas altas, tiene alg\u00fan peligro. Sin embargo, la capacitaci\u00f3n efectiva del personal, as\u00ed como el desarrollo frecuente del personal y los cursos de actualizaci\u00f3n, reducir\u00e1n al m\u00ednimo cualquiera de estos peligros.<\/p>\n\n<p>Si quieres m\u00e1s informaci\u00f3n sobre la formaci\u00f3n en parques de aventura y Circuito de Cuerdas, <a href=\"https:\/\/thrillsyndicate.com\/es\/contacto\/\">ponte en contacto con<\/a> nosotros.<\/p>\n\n<div class=\"wp-block-image\"><figure class=\"alignleft size-full\"><img loading=\"lazy\" decoding=\"async\" width=\"1200\" height=\"629\" src=\"https:\/\/thrillsyndicate.com\/wp-content\/uploads\/2022\/03\/training-ropes-course-2-wide.jpg\" alt=\"\" class=\"wp-image-1479\" srcset=\"https:\/\/thrillsyndicate.com\/wp-content\/uploads\/2022\/03\/training-ropes-course-2-wide.jpg 1200w, https:\/\/thrillsyndicate.com\/wp-content\/uploads\/2022\/03\/training-ropes-course-2-wide-458x240.jpg 458w, https:\/\/thrillsyndicate.com\/wp-content\/uploads\/2022\/03\/training-ropes-course-2-wide-300x157.jpg 300w, https:\/\/thrillsyndicate.com\/wp-content\/uploads\/2022\/03\/training-ropes-course-2-wide-1024x537.jpg 1024w, https:\/\/thrillsyndicate.com\/wp-content\/uploads\/2022\/03\/training-ropes-course-2-wide-768x403.jpg 768w, https:\/\/thrillsyndicate.com\/wp-content\/uploads\/2022\/03\/training-ropes-course-2-wide-100x52.jpg 100w\" sizes=\"auto, (max-width: 1200px) 100vw, 1200px\" \/><\/figure><\/div>\n\n<h2 class=\"wp-block-heading\" id=\"h-qualification-levels\">Niveles de cualificaci\u00f3n<\/h2>\n\n<p>El plan de estudios de formaci\u00f3n y educaci\u00f3n de Thrill Syndicate se divide en niveles, cada uno de los cuales exige una determinada cantidad de experiencia pr\u00e1ctica adem\u00e1s de los conocimientos te\u00f3ricos necesarios.<\/p>\n\n<ul class=\"wp-block-list\"><li>Gerente de seguridad<\/li><li>Instructor de Parque de Aventura<\/li><li>Instructor de Curso Tradicional de Cuerdas Altas<\/li><li>Curso de Socorrista Gen\u00e9rico<\/li><li>Facilitador del Curso de Cuerdas Tradicionales<\/li><li>Instructor espec\u00edfico del sitio<\/li><li>Rescatador de sitio espec\u00edfico<\/li><li>Inspector Cursos de Cuerdas<\/li><li>Gerente de Mantenimiento<\/li><\/ul>\n\n<p><\/p>\n","protected":false},"excerpt":{"rendered":"<p>\u00a1Tenemos los conocimientos para administrar su parque de escalada de manera segura! La seguridad operativa de una tirolina o de un Circuito de cuerdas altas, como la de cualquier otra actividad fuera del suelo, depende no s\u00f3lo de la calidad del equipo, sino tambi\u00e9n de que todos los empleados en contacto directo con los visitantes [&hellip;]<\/p>\n","protected":false},"author":64,"featured_media":0,"parent":4852,"menu_order":0,"comment_status":"closed","ping_status":"closed","template":"","meta":{"_coblocks_attr":"","_coblocks_dimensions":"","_coblocks_responsive_height":"","_coblocks_accordion_ie_support":"","footnotes":""},"class_list":["post-4868","page","type-page","status-publish","hentry"],"_links":{"self":[{"href":"https:\/\/thrillsyndicate.com\/es\/wp-json\/wp\/v2\/pages\/4868","targetHints":{"allow":["GET"]}}],"collection":[{"href":"https:\/\/thrillsyndicate.com\/es\/wp-json\/wp\/v2\/pages"}],"about":[{"href":"https:\/\/thrillsyndicate.com\/es\/wp-json\/wp\/v2\/types\/page"}],"author":[{"embeddable":true,"href":"https:\/\/thrillsyndicate.com\/es\/wp-json\/wp\/v2\/users\/64"}],"replies":[{"embeddable":true,"href":"https:\/\/thrillsyndicate.com\/es\/wp-json\/wp\/v2\/comments?post=4868"}],"version-history":[{"count":0,"href":"https:\/\/thrillsyndicate.com\/es\/wp-json\/wp\/v2\/pages\/4868\/revisions"}],"up":[{"embeddable":true,"href":"https:\/\/thrillsyndicate.com\/es\/wp-json\/wp\/v2\/pages\/4852"}],"wp:attachment":[{"href":"https:\/\/thrillsyndicate.com\/es\/wp-json\/wp\/v2\/media?parent=4868"}],"curies":[{"name":"wp","href":"https:\/\/api.w.org\/{rel}","templated":true}]}}