{"id":4869,"date":"2022-03-25T09:02:03","date_gmt":"2022-03-25T08:02:03","guid":{"rendered":"https:\/\/thrillsyndicate.com\/servicios\/gestion-del-ciclo-de-vida\/"},"modified":"2025-06-08T08:26:21","modified_gmt":"2025-06-08T06:26:21","slug":"gestion-del-ciclo-de-vida","status":"publish","type":"page","link":"https:\/\/thrillsyndicate.com\/es\/servicios\/gestion-del-ciclo-de-vida\/","title":{"rendered":"Gesti\u00f3n del ciclo de vida"},"content":{"rendered":"\n<h2 class=\"wp-block-heading\" id=\"h-make-ensuring-the-safety-of-your-customers-a-top-priority\">\u00a1Haga que garantizar la seguridad de sus clientes sea una prioridad!<\/h2>\n\n<p>Tanto si se trata de la sustituci\u00f3n de un elemento completo como de una peque\u00f1a parte de tu recorrido, el mantenimiento rutinario es un componente importante de la propiedad y el funcionamiento de un Circuito de Cuerdas. Thrill Syndicate ofrece un paquete integral de inspecci\u00f3n y mantenimiento que no solo asegura que su parque de escalada, cursos de actividades de cuerdas altas y parques infantiles forestales cumplan con todos los est\u00e1ndares de seguridad necesarios, sino tambi\u00e9n que el desgaste y la fatiga mec\u00e1nica, que es inevitablemente causado por continuo operaci\u00f3n, ser\u00e1 detectado y el equipo afectado ser\u00e1 reemplazado.<\/p>\n\n<p>Debido al fuerte atractivo p\u00fablico de nuestros parques de escalada y cursos de actividades, as\u00ed como al gran n\u00famero de visitantes resultante, se requiere un plan de inspecci\u00f3n y mantenimiento bien estructurado. Nuestros planes incluyen la creaci\u00f3n de un manual de usuario integral que incluye la frecuencia de inspecci\u00f3n recomendada por Thrill Syndicate y sus proveedores, as\u00ed como las instrucciones de mantenimiento necesarias para todos nuestros cursos de actividad.<\/p>\n<div class=\"wp-block-image\">\n<figure class=\"alignleft size-full\"><img loading=\"lazy\" decoding=\"async\" width=\"1200\" height=\"628\" src=\"https:\/\/thrillsyndicate.com\/wp-content\/uploads\/2022\/03\/inspection-maintenance3-wide.jpg\" alt=\"\" class=\"wp-image-1566\" srcset=\"https:\/\/thrillsyndicate.com\/wp-content\/uploads\/2022\/03\/inspection-maintenance3-wide.jpg 1200w, https:\/\/thrillsyndicate.com\/wp-content\/uploads\/2022\/03\/inspection-maintenance3-wide-458x240.jpg 458w, https:\/\/thrillsyndicate.com\/wp-content\/uploads\/2022\/03\/inspection-maintenance3-wide-300x157.jpg 300w, https:\/\/thrillsyndicate.com\/wp-content\/uploads\/2022\/03\/inspection-maintenance3-wide-1024x536.jpg 1024w, https:\/\/thrillsyndicate.com\/wp-content\/uploads\/2022\/03\/inspection-maintenance3-wide-768x402.jpg 768w, https:\/\/thrillsyndicate.com\/wp-content\/uploads\/2022\/03\/inspection-maintenance3-wide-100x52.jpg 100w\" sizes=\"auto, (max-width: 1200px) 100vw, 1200px\" \/><\/figure>\n<\/div>\n<h2 class=\"wp-block-heading\" id=\"h-regular-site-inspections\">Inspecciones regulares del sitio<\/h2>\n\n<p>Las inspecciones de tipo C (EN ISO\/IEC 17020) tambi\u00e9n est\u00e1n incluidas en nuestra oferta de servicios de mantenimiento de forma quincenal y anual. Estos controles los lleva a cabo personal certificado de Thrill Syndicate que est\u00e1 completamente calificado para hacerlo.<\/p>\n\n<p>Se requieren inspecciones visuales de forma regular, as\u00ed como inspecciones operativas y peri\u00f3dicas continuas. Ofrecemos un servicio de inspecci\u00f3n imparcial de curso de cuerdas forestales y parques de aventura, y nos enorgullecemos de nuestra amplia experiencia y conocimientos del sector. Contamos con el personal experimentado y agradable para guiarte a lo largo del proceso, tanto si se trata de una inspecci\u00f3n anual de un campo existente como de guiarte en la primera inspecci\u00f3n de un Circuito de Cuerdas reci\u00e9n construido.<\/p>\n\n<p>Los siguientes elementos est\u00e1n incluidos en el ciclo de inspecci\u00f3n principal anual:<\/p>\n\n<ol class=\"wp-block-list\" type=\"1\"><li>Inspecci\u00f3n completa de todo el dise\u00f1o del curso.<\/li><li>Probar la integridad estructural y la resistencia del material de la construcci\u00f3n.<\/li><li>Todo el trabajo de mantenimiento importante necesario<\/li><li>Auditor\u00eda del personal, procedimientos operativos y revisi\u00f3n de bit\u00e1coras<\/li><li>Un inspector del Sindicato de la Emoci\u00f3n acompa\u00f1ado por un miembro de un organismo independiente de pruebas y certificaci\u00f3n acreditado (por ejemplo, T\u00dcV, ERCA u otro)<\/li><li>Cuidar el papeleo involucrado en estos procesos.<\/li><li>Discusi\u00f3n de posibles mejoras de los procedimientos operativos (si corresponde)<\/li><\/ol>\n<div class=\"wp-block-image\">\n<figure class=\"aligncenter size-full\"><img loading=\"lazy\" decoding=\"async\" width=\"1600\" height=\"600\" src=\"https:\/\/thrillsyndicate.com\/wp-content\/uploads\/2022\/03\/High-Ropes-Course-Inspection.jpg\" alt=\"Inspecci&#xF3;n y mantenimiento del campo de cuerdas\" class=\"wp-image-1265\" srcset=\"https:\/\/thrillsyndicate.com\/wp-content\/uploads\/2022\/03\/High-Ropes-Course-Inspection.jpg 1600w, https:\/\/thrillsyndicate.com\/wp-content\/uploads\/2022\/03\/High-Ropes-Course-Inspection-458x172.jpg 458w, https:\/\/thrillsyndicate.com\/wp-content\/uploads\/2022\/03\/High-Ropes-Course-Inspection-300x113.jpg 300w, https:\/\/thrillsyndicate.com\/wp-content\/uploads\/2022\/03\/High-Ropes-Course-Inspection-1024x384.jpg 1024w, https:\/\/thrillsyndicate.com\/wp-content\/uploads\/2022\/03\/High-Ropes-Course-Inspection-768x288.jpg 768w, https:\/\/thrillsyndicate.com\/wp-content\/uploads\/2022\/03\/High-Ropes-Course-Inspection-1536x576.jpg 1536w, https:\/\/thrillsyndicate.com\/wp-content\/uploads\/2022\/03\/High-Ropes-Course-Inspection-100x38.jpg 100w\" sizes=\"auto, (max-width: 1600px) 100vw, 1600px\" \/><figcaption>Una vez que se completa la construcci\u00f3n, le proporcionamos un programa recomendado de futuras inspecciones y mantenimiento para cumplir con la seguridad, integridad y confiabilidad de sus instalaciones.<\/figcaption><\/figure>\n<\/div>\n<h2 class=\"wp-block-heading\" id=\"h-ppe-inspections\">Inspecciones de EPP<\/h2>\n\n<p>El PPE (Equipo de Protecci\u00f3n Personal) es una parte esencial de nuestra industria, por lo que debe asegurarse de que su equipo sea seguro para todos sus clientes y usuarios.<\/p>\n\n<p>De acuerdo con los requisitos de EN 15567 y las normas europeas de EPI, una persona competente debe comprobar anualmente todo el equipo utilizado en su curso.<\/p>\n<div class=\"wp-block-image\">\n<figure class=\"aligncenter size-full\"><img loading=\"lazy\" decoding=\"async\" width=\"1600\" height=\"600\" src=\"https:\/\/thrillsyndicate.com\/wp-content\/uploads\/2022\/03\/ppe-inspection.jpg\" alt=\"Inspecciones de EPP\" class=\"wp-image-1264\" srcset=\"https:\/\/thrillsyndicate.com\/wp-content\/uploads\/2022\/03\/ppe-inspection.jpg 1600w, https:\/\/thrillsyndicate.com\/wp-content\/uploads\/2022\/03\/ppe-inspection-458x172.jpg 458w, https:\/\/thrillsyndicate.com\/wp-content\/uploads\/2022\/03\/ppe-inspection-300x113.jpg 300w, https:\/\/thrillsyndicate.com\/wp-content\/uploads\/2022\/03\/ppe-inspection-1024x384.jpg 1024w, https:\/\/thrillsyndicate.com\/wp-content\/uploads\/2022\/03\/ppe-inspection-768x288.jpg 768w, https:\/\/thrillsyndicate.com\/wp-content\/uploads\/2022\/03\/ppe-inspection-1536x576.jpg 1536w, https:\/\/thrillsyndicate.com\/wp-content\/uploads\/2022\/03\/ppe-inspection-100x38.jpg 100w\" sizes=\"auto, (max-width: 1600px) 100vw, 1600px\" \/><figcaption>Inspecci\u00f3n de EPI para la industria de los Circuito de Cuerdas y parques de aventura<\/figcaption><\/figure>\n<\/div>\n<h2 class=\"wp-block-heading\" id=\"h-maintenance\">Mantenimiento<\/h2>\n\n<p>La inspecci\u00f3n y el mantenimiento est\u00e1n \u00edntimamente relacionados. Adem\u00e1s, esta es la soluci\u00f3n m\u00e1s rentable para garantizar la seguridad continua de los usuarios de su parque de escalada. M\u00e1s fallas menores, como el reemplazo de biners, abrazaderas, uniones y conectores, as\u00ed como l\u00edneas y cuerdas, se abordan durante las inspecciones bimensuales. Durante las inspecciones anuales, se realiza un mantenimiento m\u00e1s extenso en plataformas, postes y otras partes estructurales.<\/p>\n\n<p>Nuestro equipo de profesionales calificados de inspecci\u00f3n y mantenimiento viaja por todo el mundo y brinda evaluaciones detalladas sobre el estado de su equipo en comparaci\u00f3n con las normas de seguridad vigentes.<\/p>\n","protected":false},"excerpt":{"rendered":"<p>\u00a1Haga que garantizar la seguridad de sus clientes sea una prioridad! Tanto si se trata de la sustituci\u00f3n de un elemento completo como de una peque\u00f1a parte de tu recorrido, el mantenimiento rutinario es un componente importante de la propiedad y el funcionamiento de un Circuito de Cuerdas. Thrill Syndicate ofrece un paquete integral de [&hellip;]<\/p>\n","protected":false},"author":64,"featured_media":0,"parent":4852,"menu_order":0,"comment_status":"closed","ping_status":"closed","template":"","meta":{"_coblocks_attr":"","_coblocks_dimensions":"","_coblocks_responsive_height":"","_coblocks_accordion_ie_support":"","footnotes":""},"class_list":["post-4869","page","type-page","status-publish","hentry"],"_links":{"self":[{"href":"https:\/\/thrillsyndicate.com\/es\/wp-json\/wp\/v2\/pages\/4869","targetHints":{"allow":["GET"]}}],"collection":[{"href":"https:\/\/thrillsyndicate.com\/es\/wp-json\/wp\/v2\/pages"}],"about":[{"href":"https:\/\/thrillsyndicate.com\/es\/wp-json\/wp\/v2\/types\/page"}],"author":[{"embeddable":true,"href":"https:\/\/thrillsyndicate.com\/es\/wp-json\/wp\/v2\/users\/64"}],"replies":[{"embeddable":true,"href":"https:\/\/thrillsyndicate.com\/es\/wp-json\/wp\/v2\/comments?post=4869"}],"version-history":[{"count":0,"href":"https:\/\/thrillsyndicate.com\/es\/wp-json\/wp\/v2\/pages\/4869\/revisions"}],"up":[{"embeddable":true,"href":"https:\/\/thrillsyndicate.com\/es\/wp-json\/wp\/v2\/pages\/4852"}],"wp:attachment":[{"href":"https:\/\/thrillsyndicate.com\/es\/wp-json\/wp\/v2\/media?parent=4869"}],"curies":[{"name":"wp","href":"https:\/\/api.w.org\/{rel}","templated":true}]}}