{"id":4903,"date":"2022-03-25T08:54:54","date_gmt":"2022-03-25T07:54:54","guid":{"rendered":"https:\/\/thrillsyndicate.com\/servicios\/consultoria-de-ocio\/"},"modified":"2025-06-08T08:26:11","modified_gmt":"2025-06-08T06:26:11","slug":"consultoria-de-ocio","status":"publish","type":"page","link":"https:\/\/thrillsyndicate.com\/es\/servicios\/consultoria-de-ocio\/","title":{"rendered":"Consultor\u00eda de Ocio"},"content":{"rendered":"\n<p>Thrill Syndicate brinda servicios de consultor\u00eda expertos de vanguardia para la administraci\u00f3n y operaciones de parques de aventuras. Ofrecemos nuestros servicios a empresas de ocio y hosteler\u00eda nuevas y existentes.<\/p>\n\n<h2 class=\"wp-block-heading\">Consultor\u00eda avanzada de ocio y recreaci\u00f3n al aire libre<\/h2>\n\n<p>Los mercados de hoy son bastante vol\u00e1tiles. El comportamiento del consumidor siempre est\u00e1 cambiando, con expectativas de los clientes y niveles de satisfacci\u00f3n que aumentan d\u00eda a d\u00eda. Las empresas est\u00e1n en una posici\u00f3n en la que deben dise\u00f1ar productos que no solo tengan una buena relaci\u00f3n calidad-precio, sino que tambi\u00e9n brinden a los clientes una experiencia memorable.<\/p>\n\n<p>Simult\u00e1neamente, para maximizar el potencial de ganancias, la reducci\u00f3n de costos y la gesti\u00f3n de riesgos son m\u00e1s cruciales que nunca en cualquier estrategia corporativa. En esta situaci\u00f3n, muchas empresas optan por concentrarse en su negocio principal mientras subcontratan los aspectos menos importantes de sus operaciones.<\/p>\n\n<p>Thrill Syndicate brinda servicios de consultor\u00eda expertos de vanguardia para la administraci\u00f3n y operaciones de parques de aventuras. Ofrecemos nuestros servicios a empresas de ocio y hosteler\u00eda nuevas y existentes.<\/p>\n\n<div class=\"wp-block-image\"><figure class=\"aligncenter size-full\"><img loading=\"lazy\" decoding=\"async\" width=\"1200\" height=\"628\" src=\"https:\/\/thrillsyndicate.com\/wp-content\/uploads\/2022\/03\/tower-ultimate-adventure-wide.jpg\" alt=\"La torre de aventuras definitiva\" class=\"wp-image-1116\" srcset=\"https:\/\/thrillsyndicate.com\/wp-content\/uploads\/2022\/03\/tower-ultimate-adventure-wide.jpg 1200w, https:\/\/thrillsyndicate.com\/wp-content\/uploads\/2022\/03\/tower-ultimate-adventure-wide-458x240.jpg 458w, https:\/\/thrillsyndicate.com\/wp-content\/uploads\/2022\/03\/tower-ultimate-adventure-wide-300x157.jpg 300w, https:\/\/thrillsyndicate.com\/wp-content\/uploads\/2022\/03\/tower-ultimate-adventure-wide-1024x536.jpg 1024w, https:\/\/thrillsyndicate.com\/wp-content\/uploads\/2022\/03\/tower-ultimate-adventure-wide-768x402.jpg 768w, https:\/\/thrillsyndicate.com\/wp-content\/uploads\/2022\/03\/tower-ultimate-adventure-wide-100x52.jpg 100w\" sizes=\"auto, (max-width: 1200px) 100vw, 1200px\" \/><\/figure><\/div>\n\n<h2 class=\"wp-block-heading\" id=\"h-consultancy-that-delivers\">Consultor\u00eda que entrega<\/h2>\n\n<p>Thrill Syndicate tiene una larga historia de dise\u00f1os inventivos e imaginativos, y siempre se mantiene al tanto de las \u00faltimas tendencias y avances en la industria del ocio y la recreaci\u00f3n. Como resultado, podemos proporcionar una amplia gama de servicios de consultor\u00eda a las empresas, que incluyen:<\/p>\n\n<ul class=\"wp-block-list\"><li>Estrategias de Innovaci\u00f3n y Reestructuraci\u00f3n<\/li><li>Desarrollo de conceptos<\/li><li>Marketing, RRPP y Ventas<\/li><li>Desarrollo del plan de negocios<\/li><li>Gesti\u00f3n de proyectos y programas<\/li><li>Seguridad Operacional y Gesti\u00f3n de Riesgos<\/li><\/ul>\n","protected":false},"excerpt":{"rendered":"<p>Thrill Syndicate brinda servicios de consultor\u00eda expertos de vanguardia para la administraci\u00f3n y operaciones de parques de aventuras. Ofrecemos nuestros servicios a empresas de ocio y hosteler\u00eda nuevas y existentes. Consultor\u00eda avanzada de ocio y recreaci\u00f3n al aire libre Los mercados de hoy son bastante vol\u00e1tiles. El comportamiento del consumidor siempre est\u00e1 cambiando, con expectativas [&hellip;]<\/p>\n","protected":false},"author":64,"featured_media":0,"parent":4852,"menu_order":0,"comment_status":"closed","ping_status":"closed","template":"","meta":{"_coblocks_attr":"","_coblocks_dimensions":"","_coblocks_responsive_height":"","_coblocks_accordion_ie_support":"","footnotes":""},"class_list":["post-4903","page","type-page","status-publish","hentry"],"_links":{"self":[{"href":"https:\/\/thrillsyndicate.com\/es\/wp-json\/wp\/v2\/pages\/4903","targetHints":{"allow":["GET"]}}],"collection":[{"href":"https:\/\/thrillsyndicate.com\/es\/wp-json\/wp\/v2\/pages"}],"about":[{"href":"https:\/\/thrillsyndicate.com\/es\/wp-json\/wp\/v2\/types\/page"}],"author":[{"embeddable":true,"href":"https:\/\/thrillsyndicate.com\/es\/wp-json\/wp\/v2\/users\/64"}],"replies":[{"embeddable":true,"href":"https:\/\/thrillsyndicate.com\/es\/wp-json\/wp\/v2\/comments?post=4903"}],"version-history":[{"count":0,"href":"https:\/\/thrillsyndicate.com\/es\/wp-json\/wp\/v2\/pages\/4903\/revisions"}],"up":[{"embeddable":true,"href":"https:\/\/thrillsyndicate.com\/es\/wp-json\/wp\/v2\/pages\/4852"}],"wp:attachment":[{"href":"https:\/\/thrillsyndicate.com\/es\/wp-json\/wp\/v2\/media?parent=4903"}],"curies":[{"name":"wp","href":"https:\/\/api.w.org\/{rel}","templated":true}]}}