{"id":4914,"date":"2022-03-25T08:58:41","date_gmt":"2022-03-25T07:58:41","guid":{"rendered":"https:\/\/thrillsyndicate.com\/servicios\/ingenieria-de-diseno\/"},"modified":"2025-06-24T13:24:50","modified_gmt":"2025-06-24T11:24:50","slug":"diseno-ingenieria","status":"publish","type":"page","link":"https:\/\/thrillsyndicate.com\/es\/servicios\/diseno-ingenieria\/","title":{"rendered":"Ingenier\u00eda de dise\u00f1o"},"content":{"rendered":"&#13;\n<p >La mayor\u00eda de los parques creados por Thrill Syndicate son actividades de ocio de gran volumen. En estos planes, la log\u00edstica juega un factor importante en la rentabilidad del parque. Un parque y una log\u00edstica mal dise\u00f1ados agotar\u00e1n los presupuestos financieros en t\u00e9rminos de gastos (de personal), as\u00ed como la incapacidad de cumplir con las metas y objetivos corporativos. <\/p>&#13;\n&#13;\n<p >Producimos modelos de rendimiento y capacidad para los dise\u00f1os que entregamos y nos comprometemos con ellos como parte de nuestro proceso de dise\u00f1o.<\/p>&#13;\n&#13;\n<p >Nuestro departamento de ingenier\u00eda de Zipline and Ropes Course, como l\u00edder mundial en el negocio de la aventura, se ha mostrado una y otra vez con una calidad, confiabilidad y valor inigualables. Porque la experiencia cuenta, damos las soluciones de ingenier\u00eda m\u00e1s generales. Entendemos que cada aplicaci\u00f3n de Adventure es \u00fanica y que los problemas de ingenier\u00eda var\u00edan mucho.<\/p>&#13;\n&#13;\n<p >Las tirolinas y los parques de aventuras brindan una experiencia fascinante y un desaf\u00edo emocionante. Nunca comprometemos ni tomamos atajos cuando se trata de la seguridad de sus visitantes: cumplimos estrictamente con los requisitos de construcci\u00f3n y seguridad establecidos por los legisladores europeos, los reguladores de la industria nacional y los grupos comerciales.<\/p>&#13;\n&#13;\n<h2 class=\"wp-block-heading\" >Esto incluye:<\/h2>&#13;\n&#13;\n<ul class=\"wp-block-list\">&#13;\n<li >El dise\u00f1o, la ingenier\u00eda, la construcci\u00f3n y la instalaci\u00f3n cumplen con las normas de la UE NEN EN 15567-01, NEN EN 12572 y NEN EN 12572;<\/li>&#13;\n<li >Cumplimos totalmente con las directrices de las normas NEN EN, European Ropes Course Association (ERCA) e International Adventure Park Association (IAPA);<\/li>&#13;\n<li >Cumplimiento total de todas las normas de construcci\u00f3n emitidas por las autoridades regionales o comunales;<\/li>&#13;\n<li >Documentaci\u00f3n t\u00e9cnica completa, incluidos manuales de usuario, salud y seguridad y pautas operativas, as\u00ed como evaluaciones de riesgos espec\u00edficas del curso;<\/li>&#13;\n<li >Brindamos capacitaci\u00f3n y educaci\u00f3n para su personal administrativo y operativo (de acuerdo con los est\u00e1ndares EN 15567-02 y ERCA);<\/li>&#13;\n<li >Pruebas de aceptaci\u00f3n del sitio por parte de un organismo de Prueba y Certificaci\u00f3n independiente acreditado antes de la apertura;<\/li>&#13;\n<li >Inspecci\u00f3n y mantenimiento anual, soporte en sitio y fuera y cursos de actualizaci\u00f3n para el personal operativo.<\/li>&#13;\n<\/ul>&#13;\n&#13;\n<div class=\"wp-block-image is-style-default\">&#13;\n<figure class=\"alignleft size-full\"><img loading=\"lazy\" decoding=\"async\" width=\"1200\" height=\"629\" class=\"wp-image-1556\" src=\"https:\/\/thrillsyndicate.com\/wp-content\/uploads\/2022\/03\/design2-wide.jpg\" alt=\"\" srcset=\"https:\/\/thrillsyndicate.com\/wp-content\/uploads\/2022\/03\/design2-wide.jpg 1200w, https:\/\/thrillsyndicate.com\/wp-content\/uploads\/2022\/03\/design2-wide-458x240.jpg 458w, https:\/\/thrillsyndicate.com\/wp-content\/uploads\/2022\/03\/design2-wide-300x157.jpg 300w, https:\/\/thrillsyndicate.com\/wp-content\/uploads\/2022\/03\/design2-wide-1024x537.jpg 1024w, https:\/\/thrillsyndicate.com\/wp-content\/uploads\/2022\/03\/design2-wide-768x403.jpg 768w, https:\/\/thrillsyndicate.com\/wp-content\/uploads\/2022\/03\/design2-wide-100x52.jpg 100w\" sizes=\"auto, (max-width: 1200px) 100vw, 1200px\" \/><\/figure>&#13;\n<\/div>&#13;\n&#13;\n<h2 class=\"wp-block-heading\" id=\"h-designing-and-engineering-of-an-adventure-park-stages\" >Dise\u00f1o e ingenier\u00eda de etapas de un parque de aventuras:<\/h2>&#13;\n&#13;\n<ol class=\"wp-block-list\" type=\"1\">&#13;\n<li >Visitar y evaluar el lugar propuesto;<\/li>&#13;\n<li >Discusi\u00f3n en profundidad sobre la forma de operaci\u00f3n propuesta, p\u00fablico objetivo y tama\u00f1o del parque;<\/li>&#13;\n<li >Dise\u00f1o t\u00e9cnico y modelado 3D del parque por nuestros expertos;<\/li>&#13;\n<li >Proporcionar un libro de construcci\u00f3n \/ dossier t\u00e9cnico que comprenda los dise\u00f1os finales, incluidos los c\u00e1lculos de resistencia y una cotizaci\u00f3n neta;<\/li>&#13;\n<li >Evaluaci\u00f3n de los planes de constricci\u00f3n y toda la documentaci\u00f3n t\u00e9cnica por parte de un organismo de Prueba y Certificaci\u00f3n independiente acreditado (T\u00dcV o equivalente);<\/li>&#13;\n<li >Construcci\u00f3n de la estructura en el sitio;<\/li>&#13;\n<li >Capacitaci\u00f3n de su personal operativo de acuerdo con la regulaci\u00f3n\/legislaci\u00f3n y el modelo comercial subyacente;<\/li>&#13;\n<li >Prueba de aceptaci\u00f3n del sitio y certificaci\u00f3n por parte de un organismo T &amp; C independiente acreditado (T\u00dcV o equivalente) antes de la primera operaci\u00f3n;<\/li>&#13;\n<li >Terminaci\u00f3n del proyecto y transferencia de la propiedad del parque al cliente;<\/li>&#13;\n<li >Apertura del parque al p\u00fablico y puesta en marcha de los servicios de postventa en el recinto.<\/li>&#13;\n<\/ol>&#13;\n&#13;\n<div class=\"wp-block-image\">&#13;\n<figure class=\"alignleft size-full\"><img loading=\"lazy\" decoding=\"async\" width=\"1200\" height=\"628\" class=\"wp-image-1557\" src=\"https:\/\/thrillsyndicate.com\/wp-content\/uploads\/2022\/03\/design3-wide.jpg\" alt=\"\" srcset=\"https:\/\/thrillsyndicate.com\/wp-content\/uploads\/2022\/03\/design3-wide.jpg 1200w, https:\/\/thrillsyndicate.com\/wp-content\/uploads\/2022\/03\/design3-wide-458x240.jpg 458w, https:\/\/thrillsyndicate.com\/wp-content\/uploads\/2022\/03\/design3-wide-300x157.jpg 300w, https:\/\/thrillsyndicate.com\/wp-content\/uploads\/2022\/03\/design3-wide-1024x536.jpg 1024w, https:\/\/thrillsyndicate.com\/wp-content\/uploads\/2022\/03\/design3-wide-768x402.jpg 768w, https:\/\/thrillsyndicate.com\/wp-content\/uploads\/2022\/03\/design3-wide-100x52.jpg 100w\" sizes=\"auto, (max-width: 1200px) 100vw, 1200px\" \/><\/figure>&#13;\n<\/div>&#13;\n&#13;\n<h3 class=\"wp-block-heading\" >Los factores generales que afectar\u00e1n el pron\u00f3stico del presupuesto\/costos del proyecto incluyen:<\/h3>&#13;\n&#13;\n<ol class=\"wp-block-list\" type=\"1\">&#13;\n<li >Reglamentos\/legislaci\u00f3n de construcci\u00f3n espec\u00edficos del pa\u00eds;<\/li>&#13;\n<li >Accesibilidad del sitio de construcci\u00f3n;<\/li>&#13;\n<li >Tama\u00f1o del parque de escalada;<\/li>&#13;\n<li >Qui\u00e9n suministra el material de construcci\u00f3n (local vs. internacional);<\/li>&#13;\n<li >Tipo y calidad del material de construcci\u00f3n utilizado;<\/li>&#13;\n<li >El sistema de seguridad de escalada elegido y el equipo de escalada;<\/li>&#13;\n<li >Los niveles de dificultad del curso requeridos;<\/li>&#13;\n<li >Obtenci\u00f3n de los permisos de construcci\u00f3n y operaci\u00f3n requeridos;<\/li>&#13;\n<li >Etc&#8230; <\/li>&#13;\n<\/ol>&#13;\n\r\n<figure class=\"wp-block-embed is-type-video is-provider-youtube wp-block-embed-youtube wp-embed-aspect-16-9 wp-has-aspect-ratio\">\r\n<div class=\"wp-block-embed__wrapper\">https:\/\/youtu.be\/0ZrPf5PiEQM<\/div>\r\n<figcaption>Thrill Syndicate utilizes advanced 3D design tools to conceptualize, design, and engineer indoor courses. All obstacles are devised to ensure maximum strength, product life, and safety. Once your course is designed, our professional craftsmen fabricate each piece out of high quality materials, through both traditional and computer-numeric-controlled manufacturing methods.<\/figcaption>\r\n<\/figure>\r\n","protected":false},"excerpt":{"rendered":"<p>&#13; La mayor\u00eda de los parques creados por Thrill Syndicate son actividades de ocio de gran volumen. En estos planes, la log\u00edstica juega un factor importante en la rentabilidad del parque. Un parque y una log\u00edstica mal dise\u00f1ados agotar\u00e1n los presupuestos financieros en t\u00e9rminos de gastos (de personal), as\u00ed como la incapacidad de cumplir con [&hellip;]<\/p>\n","protected":false},"author":64,"featured_media":0,"parent":4852,"menu_order":0,"comment_status":"closed","ping_status":"closed","template":"","meta":{"_coblocks_attr":"","_coblocks_dimensions":"","_coblocks_responsive_height":"","_coblocks_accordion_ie_support":"","footnotes":""},"class_list":["post-4914","page","type-page","status-publish","hentry"],"_links":{"self":[{"href":"https:\/\/thrillsyndicate.com\/es\/wp-json\/wp\/v2\/pages\/4914","targetHints":{"allow":["GET"]}}],"collection":[{"href":"https:\/\/thrillsyndicate.com\/es\/wp-json\/wp\/v2\/pages"}],"about":[{"href":"https:\/\/thrillsyndicate.com\/es\/wp-json\/wp\/v2\/types\/page"}],"author":[{"embeddable":true,"href":"https:\/\/thrillsyndicate.com\/es\/wp-json\/wp\/v2\/users\/64"}],"replies":[{"embeddable":true,"href":"https:\/\/thrillsyndicate.com\/es\/wp-json\/wp\/v2\/comments?post=4914"}],"version-history":[{"count":0,"href":"https:\/\/thrillsyndicate.com\/es\/wp-json\/wp\/v2\/pages\/4914\/revisions"}],"up":[{"embeddable":true,"href":"https:\/\/thrillsyndicate.com\/es\/wp-json\/wp\/v2\/pages\/4852"}],"wp:attachment":[{"href":"https:\/\/thrillsyndicate.com\/es\/wp-json\/wp\/v2\/media?parent=4914"}],"curies":[{"name":"wp","href":"https:\/\/api.w.org\/{rel}","templated":true}]}}